{"id":9923,"date":"2022-09-30T19:45:40","date_gmt":"2022-09-30T17:45:40","guid":{"rendered":"http:\/\/dev.claret.cat\/producte\/la-preocupacion-inutil\/"},"modified":"2025-09-19T19:17:31","modified_gmt":"2025-09-19T17:17:31","slug":"la-preocupacion-inutil-9788433030450","status":"publish","type":"product","link":"https:\/\/www.claret.cat\/es\/libro\/la-preocupacion-inutil-9788433030450\/","title":{"rendered":"LA PREOCUPACI\u00d3N IN\u00daTIL"},"content":{"rendered":"<p>\u00bfTe has parado a pensar en todo el tiempo y toda la energ\u00eda mental que has gastado a lo largo de tu vida cada vez que te has preocupado? \u00bfTe has parado a pensar si ha sido \u00fatil?<br \/>Todos nos preocupamos cuando atravesamos per\u00edodos de incertidumbre y cambios, cuando debemos afrontar decisiones, cuando se presentan problemas o situaciones de conflicto&#8230; pero lo que marca la diferencia entre un malestar temporal o un sufrimiento prolongado viene dado por la manera en la que nos preocupamos. <br \/>Existe una preocupaci\u00f3n in\u00fatil que \u00fanicamente aporta ansiedad y miedo, una preocupaci\u00f3n que no afronta ni resuelve las dificultades, que te hace sufrir m\u00e1s de la cuenta y adem\u00e1s te arrebata el momento presente. Y existe, a su vez, otro tipo de preocupaci\u00f3n enfocada a la resoluci\u00f3n constructiva del problema, desde la confianza en la propia capacidad personal para hacer frente a cualquier situaci\u00f3n.<br \/>En este libro, claro, cercano, riguroso y pr\u00e1ctico, aprender\u00e1s que es posible enfocar las preocupaciones desde una perspectiva emocional m\u00e1s sana para simplificar los problemas, complicarnos menos la vida y disfrutar m\u00e1s del momento.<\/p>\n","protected":false},"excerpt":{"rendered":"<p>VERA, LAURA<\/p>\n","protected":false},"featured_media":347111,"template":"","meta":{"_acf_changed":false,"om_disable_all_campaigns":false,"rs_blank_template":"","rs_page_bg_color":"","slide_template_v7":"","inline_featured_image":false,"_monsterinsights_skip_tracking":false,"_monsterinsights_sitenote_active":false,"_monsterinsights_sitenote_note":"","_monsterinsights_sitenote_category":0},"product_brand":[],"product_cat":[347,81],"product_tag":[],"class_list":{"0":"post-9923","1":"product","2":"type-product","3":"status-publish","4":"has-post-thumbnail","6":"product_cat-psicologia-2_humanidades","7":"product_cat-psicologia","9":"first","10":"instock","11":"taxable","12":"shipping-taxable","13":"purchasable","14":"product-type-simple"},"acf":{"autor":"VERA, LAURA","codart":"843303045","libros-coleccion":"","ediciones":"1","encuadernacion":"R\u00fastica","fecha_de_publicacion":"14\/05\/2019","novedad":"1","paginas":"192","subtitulo":"","orden":"0","portada":"0","idioma":"spa","editorial":[{"ID":6179,"post_author":"3","post_date":"2022-07-28 17:46:36","post_date_gmt":"2022-07-28 15:46:36","post_content":"","post_title":"DESCLEE DE BROUWER","post_excerpt":"","post_status":"publish","comment_status":"closed","ping_status":"closed","post_password":"","post_name":"desclee-de-brouwer","to_ping":"","pinged":"","post_modified":"2022-07-28 17:46:36","post_modified_gmt":"2022-07-28 15:46:36","post_content_filtered":"","post_parent":0,"guid":"http:\/\/dev.claret.cat\/editorial\/desclee-de-brouwer\/","menu_order":0,"post_type":"editorial","post_mime_type":"","comment_count":"0","filter":"raw"}],"autores-libros":[{"ID":162005,"post_author":"3","post_date":"2022-10-14 17:27:36","post_date_gmt":"2022-10-14 15:27:36","post_content":"","post_title":"LAURA VERA","post_excerpt":"","post_status":"publish","comment_status":"closed","ping_status":"closed","post_password":"","post_name":"laura-vera","to_ping":"","pinged":"","post_modified":"2022-10-14 17:27:36","post_modified_gmt":"2022-10-14 15:27:36","post_content_filtered":"","post_parent":0,"guid":"http:\/\/dev.claret.cat\/autor\/laura-vera\/","menu_order":0,"post_type":"autor","post_mime_type":"","comment_count":"0","filter":"raw"}],"booktrailer":"","resenas":""},"aioseo_notices":[],"_links":{"self":[{"href":"https:\/\/www.claret.cat\/es\/wp-json\/wp\/v2\/product\/9923","targetHints":{"allow":["GET"]}}],"collection":[{"href":"https:\/\/www.claret.cat\/es\/wp-json\/wp\/v2\/product"}],"about":[{"href":"https:\/\/www.claret.cat\/es\/wp-json\/wp\/v2\/types\/product"}],"wp:featuredmedia":[{"embeddable":true,"href":"https:\/\/www.claret.cat\/es\/wp-json\/wp\/v2\/media\/347111"}],"wp:attachment":[{"href":"https:\/\/www.claret.cat\/es\/wp-json\/wp\/v2\/media?parent=9923"}],"wp:term":[{"taxonomy":"product_brand","embeddable":true,"href":"https:\/\/www.claret.cat\/es\/wp-json\/wp\/v2\/product_brand?post=9923"},{"taxonomy":"product_cat","embeddable":true,"href":"https:\/\/www.claret.cat\/es\/wp-json\/wp\/v2\/product_cat?post=9923"},{"taxonomy":"product_tag","embeddable":true,"href":"https:\/\/www.claret.cat\/es\/wp-json\/wp\/v2\/product_tag?post=9923"}],"curies":[{"name":"wp","href":"https:\/\/api.w.org\/{rel}","templated":true}]}}