{"id":992358,"date":"2024-11-18T14:00:32","date_gmt":"2024-11-18T13:00:32","guid":{"rendered":"https:\/\/www.claret.cat\/llibre\/la-mujer-de-arriba-9788491298502\/"},"modified":"2026-04-29T17:26:58","modified_gmt":"2026-04-29T15:26:58","slug":"la-mujer-de-arriba-9788491298502","status":"publish","type":"product","link":"https:\/\/www.claret.cat\/es\/libro\/la-mujer-de-arriba-9788491298502\/","title":{"rendered":"LA MUJER DE ARRIBA"},"content":{"rendered":"<p>De la autora superventas de La asistenta, llega un nuevo y adictivo thriller lleno de giros imprevistos y ecos de Rebeca. Victoria Barnett lo tiene todo. Una brillante carrera como enfermera. Un marido guapo y cari\u00f1oso. Un bonito hogar en las afueras y el sue\u00f1o de llenarlo de ni\u00f1os. La vida es perfecta&#8230; o eso parece. Hasta el d\u00eda en que se ve envuelta en un terrible accidente y todo se desmorona. Ahora Victoria ya no puede caminar, alimentarse o vestirse por su cuenta. Ni siquiera puede hablar. Est\u00e1 atrapada en el piso m\u00e1s alto de su casa y necesita cuidados las veinticuatro horas del d\u00eda. Su marido contrata a Sylvia Robinson para ayudarle. Pero parece que Victoria no tiene tantas limitaciones como le han contado. Y est\u00e1 desesperada por contar una historia&#8230; si tan solo pudiera articular las palabras. Entonces, Sylvia encuentra el diario de Victoria escondido en un caj\u00f3n. Y lo que contiene es aterrador.<\/p>\n","protected":false},"excerpt":{"rendered":"<p>MCFADDEN, FREIDA<\/p>\n","protected":false},"featured_media":992359,"template":"","meta":{"_acf_changed":false,"om_disable_all_campaigns":false,"rs_blank_template":"","rs_page_bg_color":"","slide_template_v7":"","inline_featured_image":false,"_monsterinsights_skip_tracking":false,"_monsterinsights_sitenote_active":false,"_monsterinsights_sitenote_note":"","_monsterinsights_sitenote_category":0},"product_brand":[],"product_cat":[127,357],"product_tag":[],"class_list":{"0":"post-992358","1":"product","2":"type-product","3":"status-publish","4":"has-post-thumbnail","6":"product_cat-novella-contemporania","7":"product_cat-novela-contemporanea","9":"first","10":"instock","11":"taxable","12":"shipping-taxable","13":"purchasable","14":"product-type-simple"},"acf":{"autor":"MCFADDEN, FREIDA","codart":"849129850","libros-coleccion":"SUMA","ediciones":"1","encuadernacion":"Carton\u00e9","fecha_de_publicacion":"01\/11\/2024","novedad":"1","paginas":"352","subtitulo":"","orden":"0","portada":"0","idioma":"spa","editorial":[{"ID":6370,"post_author":"3","post_date":"2022-07-28 17:50:44","post_date_gmt":"2022-07-28 15:50:44","post_content":"","post_title":"SUMA","post_excerpt":"","post_status":"publish","comment_status":"closed","ping_status":"closed","post_password":"","post_name":"suma","to_ping":"","pinged":"","post_modified":"2022-07-28 17:50:44","post_modified_gmt":"2022-07-28 15:50:44","post_content_filtered":"","post_parent":0,"guid":"http:\/\/dev.claret.cat\/editorial\/suma\/","menu_order":0,"post_type":"editorial","post_mime_type":"","comment_count":"0","filter":"raw"}],"booktrailer":"","resenas":""},"aioseo_notices":[],"_links":{"self":[{"href":"https:\/\/www.claret.cat\/es\/wp-json\/wp\/v2\/product\/992358","targetHints":{"allow":["GET"]}}],"collection":[{"href":"https:\/\/www.claret.cat\/es\/wp-json\/wp\/v2\/product"}],"about":[{"href":"https:\/\/www.claret.cat\/es\/wp-json\/wp\/v2\/types\/product"}],"wp:featuredmedia":[{"embeddable":true,"href":"https:\/\/www.claret.cat\/es\/wp-json\/wp\/v2\/media\/992359"}],"wp:attachment":[{"href":"https:\/\/www.claret.cat\/es\/wp-json\/wp\/v2\/media?parent=992358"}],"wp:term":[{"taxonomy":"product_brand","embeddable":true,"href":"https:\/\/www.claret.cat\/es\/wp-json\/wp\/v2\/product_brand?post=992358"},{"taxonomy":"product_cat","embeddable":true,"href":"https:\/\/www.claret.cat\/es\/wp-json\/wp\/v2\/product_cat?post=992358"},{"taxonomy":"product_tag","embeddable":true,"href":"https:\/\/www.claret.cat\/es\/wp-json\/wp\/v2\/product_tag?post=992358"}],"curies":[{"name":"wp","href":"https:\/\/api.w.org\/{rel}","templated":true}]}}