{"id":992506,"date":"2024-11-18T18:20:09","date_gmt":"2024-11-18T17:20:09","guid":{"rendered":"https:\/\/www.claret.cat\/llibre\/anatomia-de-un-milagro-9788410356030\/"},"modified":"2024-11-20T19:05:19","modified_gmt":"2024-11-20T18:05:19","slug":"anatomia-de-un-milagro-9788410356030","status":"publish","type":"product","link":"https:\/\/www.claret.cat\/es\/libro\/anatomia-de-un-milagro-9788410356030\/","title":{"rendered":"ANATOM\u00cdA DE UN MILAGRO"},"content":{"rendered":"<p>Despu\u00e9s de quedar parapl\u00e9jico hace cuatro a\u00f1os, Cameron Harris ha estado viviendo junto a su hermana Tanya en su deteriorado vecindario de Biloxi, Mississippi, donde solo la mitad de las casas sobrevivieron al Katrina. Una sofocante tarde de agosto, mientras Cameron espera a Tanya durante su recorrido diario a la tienda, de repente y de manera inexplicable se levanta de su silla de ruedas.<br \/> Tras este \u00abmilagro\u00bb, Cameron se encuentra convertido en una celebridad en el centro de un debate sobre lo sucedido. Y cuando cient\u00edficos, periodistas y un investigador del Vaticano comienzan a indagar, los secretos m\u00e1s profundos de Cameron ?la clave de su lesi\u00f3n, de su identidad y, a los ojos de algunos, de la naturaleza de su recuperaci\u00f3n? se vuelven cada vez m\u00e1s vulnerables. \u00bfFue la recuperaci\u00f3n de Cameron un milagro genuino o un avance m\u00e9dico? Y, al verse transformado en un s\u00edmbolo, \u00bfc\u00f3mo puede preservar su humanidad?<br \/> Brillantemente escrita, &#8216;Anatom\u00eda de un milagro&#8217; ser\u00e1 le\u00edda, defendida y celebrada como una historia poderosa de nuestro tiempo y la obra de un verdadero maestro literario.<\/p>\n<p> ?Divertido, generoso&#8230; Miles dota de humanidad a personajes que en otros contextos podr\u00edan ser tratados como figuras estereotipadas&#8230; Perfectamente afinado?. New York Times Book Review<br \/> ?Miles es un escritor tan virtuoso que los lectores sentir\u00e1n que se convierten en personas mejores y m\u00e1s observadoras al leerlo?. Los Angeles Review of Books<br \/> &#8216;Jonathan Miles ha escrito una novela cuyos momentos c\u00f3micos por s\u00ed solos la convierten en una lectura maravillosa, pero Anatom\u00eda de un milagro r\u00e1pidamente se convierte en mucho m\u00e1s: una intensa, e intensamente profunda, meditaci\u00f3n sobre c\u00f3mo un evento extraordinario podr\u00eda poner a prueba los l\u00edmites tanto de la creencia cient\u00edfica como religiosa. Qu\u00e9 escritor tan excelente; qu\u00e9 libro tan excelente&#8217;. RON RASH, autor bestseller del New York Times<br \/> &#8216;Brillante, conmovedora, llena de suspense, divertida y humana&#8230; De lejos, su mejor obra. Es una historia robusta y poderosa sobre la humanidad, la esperanza, la p\u00e9rdida y el coraje. Y EL AMOR. \u00a1No puedo recomendarla lo suficiente!&#8217; ?Elizabeth Gilbert, autora de &#8216;Come, reza, ama&#8217;<br \/> &#8216;La potente prosa de Miles incita a los lectores a buscar los puntos d\u00e9biles entre la fe y el juicio, la historia y la ciencia, y la realidad y la ficci\u00f3n&#8217;. CJ Lotz, Garden y Gun<\/p>\n","protected":false},"excerpt":{"rendered":"<p>JONATHAN MILES<\/p>\n","protected":false},"featured_media":993025,"template":"","meta":{"_acf_changed":false,"om_disable_all_campaigns":false,"rs_blank_template":"","rs_page_bg_color":"","slide_template_v7":"","inline_featured_image":false,"_monsterinsights_skip_tracking":false,"_monsterinsights_sitenote_active":false,"_monsterinsights_sitenote_note":"","_monsterinsights_sitenote_category":0},"product_brand":[],"product_cat":[127,357,491,241],"product_tag":[],"class_list":{"0":"post-992506","1":"product","2":"type-product","3":"status-publish","4":"has-post-thumbnail","6":"product_cat-novella-contemporania","7":"product_cat-novela-contemporanea","8":"product_cat-testimonios","9":"product_cat-testimonis","11":"first","12":"instock","13":"taxable","14":"shipping-taxable","15":"purchasable","16":"product-type-simple"},"acf":{"autor":"JONATHAN MILES","codart":"841035603","libros-coleccion":"Contempor\u00e1neos","ediciones":"1","encuadernacion":"R\u00fastica","fecha_de_publicacion":"01\/11\/2024","novedad":"1","paginas":"480","subtitulo":"","orden":"0","portada":"0","idioma":"spa","editorial":[{"ID":6120,"post_author":"3","post_date":"2022-07-28 17:45:19","post_date_gmt":"2022-07-28 15:45:19","post_content":"","post_title":"ALMUZARA","post_excerpt":"","post_status":"publish","comment_status":"closed","ping_status":"closed","post_password":"","post_name":"almuzara","to_ping":"","pinged":"","post_modified":"2022-07-28 17:45:19","post_modified_gmt":"2022-07-28 15:45:19","post_content_filtered":"","post_parent":0,"guid":"http:\/\/dev.claret.cat\/editorial\/almuzara\/","menu_order":0,"post_type":"editorial","post_mime_type":"","comment_count":"0","filter":"raw"}]},"aioseo_notices":[],"_links":{"self":[{"href":"https:\/\/www.claret.cat\/es\/wp-json\/wp\/v2\/product\/992506","targetHints":{"allow":["GET"]}}],"collection":[{"href":"https:\/\/www.claret.cat\/es\/wp-json\/wp\/v2\/product"}],"about":[{"href":"https:\/\/www.claret.cat\/es\/wp-json\/wp\/v2\/types\/product"}],"wp:featuredmedia":[{"embeddable":true,"href":"https:\/\/www.claret.cat\/es\/wp-json\/wp\/v2\/media\/993025"}],"wp:attachment":[{"href":"https:\/\/www.claret.cat\/es\/wp-json\/wp\/v2\/media?parent=992506"}],"wp:term":[{"taxonomy":"product_brand","embeddable":true,"href":"https:\/\/www.claret.cat\/es\/wp-json\/wp\/v2\/product_brand?post=992506"},{"taxonomy":"product_cat","embeddable":true,"href":"https:\/\/www.claret.cat\/es\/wp-json\/wp\/v2\/product_cat?post=992506"},{"taxonomy":"product_tag","embeddable":true,"href":"https:\/\/www.claret.cat\/es\/wp-json\/wp\/v2\/product_tag?post=992506"}],"curies":[{"name":"wp","href":"https:\/\/api.w.org\/{rel}","templated":true}]}}