{"id":992592,"date":"2024-11-19T13:50:16","date_gmt":"2024-11-19T12:50:16","guid":{"rendered":"https:\/\/www.claret.cat\/llibre\/fundamentacion-antropologica-de-la-educacion-desde-la-filosofia-de-leonardo-polo-9788431339852\/"},"modified":"2026-01-19T11:38:54","modified_gmt":"2026-01-19T10:38:54","slug":"fundamentacion-antropologica-de-la-educacion-desde-la-filosofia-de-leonardo-polo-9788431339852","status":"publish","type":"product","link":"https:\/\/www.claret.cat\/es\/libro\/fundamentacion-antropologica-de-la-educacion-desde-la-filosofia-de-leonardo-polo-9788431339852\/","title":{"rendered":"FUNDAMENTACI\u00d3N ANTROPOL\u00d3GICA DE LA EDUCACI\u00d3N DESDE LA FILOSOF\u00cdA DE LEONARDO POLO"},"content":{"rendered":"<p>El trabajo que el lector tiene en sus manos es el primer intento de fundamentaci\u00f3n de la educaci\u00f3n desde la antropolog\u00eda trascendental, la disciplina superior entre las filos\u00f3ficas, inusitado descubrimiento de Leonardo Polo, relativamente reciente, bien formulado y expuesto por este autor en muchos libros, pero en especial en el que lleva por t\u00edtulo dicho r\u00f3tulo. De modo que, aunque solo fuese por este motivo, esta obra es, sin duda, audaz.<br \/> Como se puede advertir, la clave de este trabajo radica en la vinculaci\u00f3n subordinada de todo lo rica y polifac\u00e9tica educaci\u00f3n que se pretenda a un solo acto de ser personal, en rigor, en secundarizar las bases de la educaci\u00f3n a la antropolog\u00eda trascendental. Lo mismo cabr\u00eda llevar a cabo en las diversas materias que versan sobre las manifestaciones humanas: la \u00e9tica, la familia, el lenguaje, el trabajo y el descanso, la cultura? Pero toda esta ardua tarea, que est\u00e1 por hacer, requiere en cada caso de un esp\u00edritu tan inconforme como audaz que se mida en cada una de esas \u00e1reas y sepa vincular cada una de ellas a lo trascendental humano.<\/p>\n","protected":false},"excerpt":{"rendered":"<p>LE\u00d3N PARODI, JOAQU\u00cdN<\/p>\n","protected":false},"featured_media":992750,"template":"","meta":{"_acf_changed":false,"om_disable_all_campaigns":false,"rs_blank_template":"","rs_page_bg_color":"","slide_template_v7":"","inline_featured_image":false,"_monsterinsights_skip_tracking":false,"_monsterinsights_sitenote_active":false,"_monsterinsights_sitenote_note":"","_monsterinsights_sitenote_category":0},"product_brand":[],"product_cat":[373,166],"product_tag":[],"class_list":{"0":"post-992592","1":"product","2":"type-product","3":"status-publish","4":"has-post-thumbnail","6":"product_cat-autores","7":"product_cat-autors-filosofia","9":"first","10":"instock","11":"taxable","12":"shipping-taxable","13":"purchasable","14":"product-type-simple"},"acf":{"autor":"LE\u00d3N PARODI, JOAQU\u00cdN","codart":"843133985","libros-coleccion":"Ciencias de la Educaci\u00f3n","ediciones":"1","encuadernacion":"R\u00fastica","fecha_de_publicacion":"01\/11\/2024","novedad":"1","paginas":"506","subtitulo":"","orden":"0","portada":"0","idioma":"spa","editorial":[{"ID":6251,"post_author":"3","post_date":"2022-07-28 17:48:11","post_date_gmt":"2022-07-28 15:48:11","post_content":"","post_title":"EUNSA. EDICIONES UNIVERSIDAD DE NAVARRA","post_excerpt":"","post_status":"publish","comment_status":"closed","ping_status":"closed","post_password":"","post_name":"eunsa-ediciones-universidad-de-navarra","to_ping":"","pinged":"","post_modified":"2022-07-28 17:48:11","post_modified_gmt":"2022-07-28 15:48:11","post_content_filtered":"","post_parent":0,"guid":"http:\/\/dev.claret.cat\/editorial\/eunsa-ediciones-universidad-de-navarra\/","menu_order":0,"post_type":"editorial","post_mime_type":"","comment_count":"0","filter":"raw"}],"booktrailer":"","resenas":""},"aioseo_notices":[],"_links":{"self":[{"href":"https:\/\/www.claret.cat\/es\/wp-json\/wp\/v2\/product\/992592","targetHints":{"allow":["GET"]}}],"collection":[{"href":"https:\/\/www.claret.cat\/es\/wp-json\/wp\/v2\/product"}],"about":[{"href":"https:\/\/www.claret.cat\/es\/wp-json\/wp\/v2\/types\/product"}],"wp:featuredmedia":[{"embeddable":true,"href":"https:\/\/www.claret.cat\/es\/wp-json\/wp\/v2\/media\/992750"}],"wp:attachment":[{"href":"https:\/\/www.claret.cat\/es\/wp-json\/wp\/v2\/media?parent=992592"}],"wp:term":[{"taxonomy":"product_brand","embeddable":true,"href":"https:\/\/www.claret.cat\/es\/wp-json\/wp\/v2\/product_brand?post=992592"},{"taxonomy":"product_cat","embeddable":true,"href":"https:\/\/www.claret.cat\/es\/wp-json\/wp\/v2\/product_cat?post=992592"},{"taxonomy":"product_tag","embeddable":true,"href":"https:\/\/www.claret.cat\/es\/wp-json\/wp\/v2\/product_tag?post=992592"}],"curies":[{"name":"wp","href":"https:\/\/api.w.org\/{rel}","templated":true}]}}