{"id":992627,"date":"2024-11-19T14:20:47","date_gmt":"2024-11-19T13:20:47","guid":{"rendered":"https:\/\/www.claret.cat\/llibre\/buuum-9788449343070\/"},"modified":"2024-11-20T10:55:24","modified_gmt":"2024-11-20T09:55:24","slug":"buuum-9788449343070","status":"publish","type":"product","link":"https:\/\/www.claret.cat\/es\/libro\/buuum-9788449343070\/","title":{"rendered":"\u00a1BUUUM!"},"content":{"rendered":"<p>David Darling explora diferentes disciplinas cient\u00edficas como la f\u00edsica, la astronom\u00eda, la tecnolog\u00eda y la biolog\u00eda para descubrirnos las curiosidades m\u00e1s extremas del universo.David Darling viaja a trav\u00e9s del tiempo y del espacio plante\u00e1ndose todo tipo de preguntas para dar con lo m\u00e1s grande, lo m\u00e1s peque\u00f1o, lo m\u00e1s pegajoso, lo m\u00e1s ruidoso, lo m\u00e1s silencioso, lo m\u00e1s r\u00e1pido, lo m\u00e1s lento, lo m\u00e1s pesado y lo m\u00e1s brillante: \u00bfCu\u00e1l es la luz m\u00e1s brillante de la Tierra? \u00bfY el rinc\u00f3n m\u00e1s fr\u00edo del universo? \u00bfY el material m\u00e1s negro jam\u00e1s creado? \u00bfY la sustancia m\u00e1s venenosa de la naturaleza?<br \/> En \u00a1Buuum!, Darling rinde homenaje a todo lo excepcional y nos gu\u00eda en un viaje de lo m\u00e1s revelador pasando por la f\u00edsica, la astronom\u00eda, la tecnolog\u00eda y la biolog\u00eda, entre otros, para descubrir los extremos m\u00e1s extra\u00f1os y maravillosos del universo. Junto a \u00e9l,<\/p>\n<p> viajaremos a galaxias lejanas en busca de planetas habitables y vida extraterrestre;<br \/> nos adentraremos en las junglas de Sudam\u00e9rica y nos asombraremos ante la velocidad punta del perezoso, al que todos conocemos por su lentitud;<br \/> descubriremos c\u00f3mo las criaturas m\u00e1s resistentes de la Tierra &#x2014;los tard\u00edgrados, tambi\u00e9n llamados \u00abosos de agua\u00bb&#x2014; terminaron viviendo en la luna;<br \/> y conoceremos a los cient\u00edficos e ingenieros que aprovechan todos estos caprichos de la naturaleza para dise\u00f1ar ordenadores m\u00e1s r\u00e1pidos, producir energ\u00eda m\u00e1s sostenible y revolucionar los viajes espaciales.<\/p>\n<p> \u00a1Buuum! es un libro esencial para saciar tu curiosidad cient\u00edfica.<\/p>\n","protected":false},"excerpt":{"rendered":"<p>DARLING, DAVID<\/p>\n","protected":false},"featured_media":992742,"template":"","meta":{"_acf_changed":false,"om_disable_all_campaigns":false,"rs_blank_template":"","rs_page_bg_color":"","slide_template_v7":"","inline_featured_image":false,"_monsterinsights_skip_tracking":false,"_monsterinsights_sitenote_active":false,"_monsterinsights_sitenote_note":"","_monsterinsights_sitenote_category":0},"product_brand":[],"product_cat":[104,554],"product_tag":[],"class_list":{"0":"post-992627","1":"product","2":"type-product","3":"status-publish","4":"has-post-thumbnail","6":"product_cat-ciencia","7":"product_cat-ciencia-5_otras-spa","9":"first","10":"instock","11":"taxable","12":"shipping-taxable","13":"purchasable","14":"product-type-simple"},"acf":{"autor":"DARLING, DAVID","codart":"844934307","libros-coleccion":"Contextos","ediciones":"1","encuadernacion":"R\u00fastica","fecha_de_publicacion":"01\/11\/2024","novedad":"1","paginas":"288","subtitulo":"LA CIENCIA DE LOS EXTREMOS","orden":"0","portada":"0","idioma":"spa","editorial":[{"ID":6206,"post_author":"3","post_date":"2022-07-28 17:47:08","post_date_gmt":"2022-07-28 15:47:08","post_content":"","post_title":"Ediciones Paid\u00f3s","post_excerpt":"","post_status":"publish","comment_status":"closed","ping_status":"closed","post_password":"","post_name":"ediciones-paidos","to_ping":"","pinged":"","post_modified":"2022-07-28 17:47:08","post_modified_gmt":"2022-07-28 15:47:08","post_content_filtered":"","post_parent":0,"guid":"http:\/\/dev.claret.cat\/editorial\/ediciones-paidos\/","menu_order":0,"post_type":"editorial","post_mime_type":"","comment_count":"0","filter":"raw"}]},"aioseo_notices":[],"_links":{"self":[{"href":"https:\/\/www.claret.cat\/es\/wp-json\/wp\/v2\/product\/992627","targetHints":{"allow":["GET"]}}],"collection":[{"href":"https:\/\/www.claret.cat\/es\/wp-json\/wp\/v2\/product"}],"about":[{"href":"https:\/\/www.claret.cat\/es\/wp-json\/wp\/v2\/types\/product"}],"wp:featuredmedia":[{"embeddable":true,"href":"https:\/\/www.claret.cat\/es\/wp-json\/wp\/v2\/media\/992742"}],"wp:attachment":[{"href":"https:\/\/www.claret.cat\/es\/wp-json\/wp\/v2\/media?parent=992627"}],"wp:term":[{"taxonomy":"product_brand","embeddable":true,"href":"https:\/\/www.claret.cat\/es\/wp-json\/wp\/v2\/product_brand?post=992627"},{"taxonomy":"product_cat","embeddable":true,"href":"https:\/\/www.claret.cat\/es\/wp-json\/wp\/v2\/product_cat?post=992627"},{"taxonomy":"product_tag","embeddable":true,"href":"https:\/\/www.claret.cat\/es\/wp-json\/wp\/v2\/product_tag?post=992627"}],"curies":[{"name":"wp","href":"https:\/\/api.w.org\/{rel}","templated":true}]}}