{"id":992696,"date":"2024-11-19T16:30:49","date_gmt":"2024-11-19T15:30:49","guid":{"rendered":"https:\/\/www.claret.cat\/llibre\/canco-de-nadal-9788491016205\/"},"modified":"2024-12-19T11:51:38","modified_gmt":"2024-12-19T10:51:38","slug":"canco-de-nadal-9788491016205","status":"publish","type":"product","link":"https:\/\/www.claret.cat\/es\/libro\/canco-de-nadal-9788491016205\/","title":{"rendered":"CAN\u00c7\u00d3 DE NADAL"},"content":{"rendered":"<p>Una encantadora versi\u00f3 interactiva de la can\u00e7\u00f3 de Nadal m\u00e9s coneguda. Prem els botons per sentir l&#8221;instrument de cada p\u00e0gina i canta mentre sona la m\u00fasica en un final de conjunt. Amb un arbre de Nadal i una estrella que s&#8221;il\u00b7lumina!<\/p>\n","protected":false},"excerpt":{"rendered":"<p>SLATER, NICOLA<\/p>\n","protected":false},"featured_media":992697,"template":"","meta":{"_acf_changed":false,"om_disable_all_campaigns":false,"rs_blank_template":"","rs_page_bg_color":"","slide_template_v7":"","inline_featured_image":false,"_monsterinsights_skip_tracking":false,"_monsterinsights_sitenote_active":false,"_monsterinsights_sitenote_note":"","_monsterinsights_sitenote_category":0},"product_brand":[],"product_cat":[131,361],"product_tag":[],"class_list":{"0":"post-992696","1":"product","2":"type-product","3":"status-publish","4":"has-post-thumbnail","6":"product_cat-contes-per-infants-0-6-anys","7":"product_cat-cuentos-para-ninos-0-6-anos","9":"first","10":"instock","11":"taxable","12":"shipping-taxable","13":"purchasable","14":"product-type-simple"},"acf":{"autor":"SLATER, NICOLA","codart":"849101620","libros-coleccion":"Infantil y juvenil","ediciones":"1","encuadernacion":"Carton\u00e9","fecha_de_publicacion":"01\/09\/2020","novedad":"1","paginas":"10","subtitulo":"","orden":"0","portada":"0","idioma":"cat","editorial":[{"ID":147650,"post_author":"3","post_date":"2022-10-14 11:52:12","post_date_gmt":"2022-10-14 09:52:12","post_content":"","post_title":"COMBEL EDITORIL","post_excerpt":"","post_status":"publish","comment_status":"closed","ping_status":"closed","post_password":"","post_name":"combel-editoril","to_ping":"","pinged":"","post_modified":"2022-10-14 11:52:12","post_modified_gmt":"2022-10-14 09:52:12","post_content_filtered":"","post_parent":0,"guid":"http:\/\/dev.claret.cat\/editorial\/combel-editoril\/","menu_order":0,"post_type":"editorial","post_mime_type":"","comment_count":"0","filter":"raw"}],"autores-libros":[{"ID":165815,"post_author":"3","post_date":"2022-10-14 17:58:10","post_date_gmt":"2022-10-14 15:58:10","post_content":"","post_title":"NICOLA SLATER","post_excerpt":"","post_status":"publish","comment_status":"closed","ping_status":"closed","post_password":"","post_name":"nicola-slater","to_ping":"","pinged":"","post_modified":"2022-10-14 17:58:10","post_modified_gmt":"2022-10-14 15:58:10","post_content_filtered":"","post_parent":0,"guid":"http:\/\/dev.claret.cat\/autor\/nicola-slater\/","menu_order":0,"post_type":"autor","post_mime_type":"","comment_count":"0","filter":"raw"}]},"aioseo_notices":[],"_links":{"self":[{"href":"https:\/\/www.claret.cat\/es\/wp-json\/wp\/v2\/product\/992696","targetHints":{"allow":["GET"]}}],"collection":[{"href":"https:\/\/www.claret.cat\/es\/wp-json\/wp\/v2\/product"}],"about":[{"href":"https:\/\/www.claret.cat\/es\/wp-json\/wp\/v2\/types\/product"}],"wp:featuredmedia":[{"embeddable":true,"href":"https:\/\/www.claret.cat\/es\/wp-json\/wp\/v2\/media\/992697"}],"wp:attachment":[{"href":"https:\/\/www.claret.cat\/es\/wp-json\/wp\/v2\/media?parent=992696"}],"wp:term":[{"taxonomy":"product_brand","embeddable":true,"href":"https:\/\/www.claret.cat\/es\/wp-json\/wp\/v2\/product_brand?post=992696"},{"taxonomy":"product_cat","embeddable":true,"href":"https:\/\/www.claret.cat\/es\/wp-json\/wp\/v2\/product_cat?post=992696"},{"taxonomy":"product_tag","embeddable":true,"href":"https:\/\/www.claret.cat\/es\/wp-json\/wp\/v2\/product_tag?post=992696"}],"curies":[{"name":"wp","href":"https:\/\/api.w.org\/{rel}","templated":true}]}}