{"id":992710,"date":"2024-11-19T16:55:02","date_gmt":"2024-11-19T15:55:02","guid":{"rendered":"https:\/\/www.claret.cat\/llibre\/els-tres-reis-dorient-9788498253689\/"},"modified":"2024-11-19T16:55:41","modified_gmt":"2024-11-19T15:55:41","slug":"els-tres-reis-dorient-9788498253689","status":"publish","type":"product","link":"https:\/\/www.claret.cat\/es\/libro\/els-tres-reis-dorient-9788498253689\/","title":{"rendered":"ELS TRES REIS D&#8217;ORIENT"},"content":{"rendered":"<p>Un libro con desplegables que presenta una de las narraciones m\u00e1s populares entre los ni\u00f1os y ni\u00f1as, el viaje de los Reyes Magos hacia Bel\u00e9n para adorar al ni\u00f1o Jes\u00fas. Un texto rimado y unas ilustraciones evocadoras para adentrarse en la magia de la Navidad.<\/p>\n","protected":false},"excerpt":{"rendered":"<p>FARR\u00c9 ESTRADA, LLU\u00cdS<\/p>\n","protected":false},"featured_media":992711,"template":"","meta":{"_acf_changed":false,"om_disable_all_campaigns":false,"rs_blank_template":"","rs_page_bg_color":"","slide_template_v7":"","inline_featured_image":false,"_monsterinsights_skip_tracking":false,"_monsterinsights_sitenote_active":false,"_monsterinsights_sitenote_note":"","_monsterinsights_sitenote_category":0},"product_brand":[],"product_cat":[131,361],"product_tag":[],"class_list":{"0":"post-992710","1":"product","2":"type-product","3":"status-publish","4":"has-post-thumbnail","6":"product_cat-contes-per-infants-0-6-anys","7":"product_cat-cuentos-para-ninos-0-6-anos","9":"first","10":"instock","11":"taxable","12":"shipping-taxable","13":"purchasable","14":"product-type-simple"},"acf":{"autor":"FARR\u00c9 ESTRADA, LLU\u00cdS","codart":"849825368","libros-coleccion":"FORA DE COL.LECCI\u00d3","ediciones":"1","encuadernacion":"Carton\u00e9","fecha_de_publicacion":"01\/12\/2009","novedad":"0","paginas":"12","subtitulo":"","orden":"999","portada":"0","idioma":"cat","editorial":[{"ID":147649,"post_author":"3","post_date":"2022-10-14 11:52:11","post_date_gmt":"2022-10-14 09:52:11","post_content":"","post_title":"COMBEL EDITORIAL","post_excerpt":"","post_status":"publish","comment_status":"closed","ping_status":"closed","post_password":"","post_name":"combel-editorial","to_ping":"","pinged":"","post_modified":"2022-10-14 11:52:11","post_modified_gmt":"2022-10-14 09:52:11","post_content_filtered":"","post_parent":0,"guid":"http:\/\/dev.claret.cat\/editorial\/combel-editorial\/","menu_order":0,"post_type":"editorial","post_mime_type":"","comment_count":"0","filter":"raw"}],"autores-libros":[{"ID":400357,"post_author":"3","post_date":"2023-02-27 04:25:19","post_date_gmt":"2023-02-27 03:25:19","post_content":"","post_title":"LLU\u00cdS FARR\u00c9","post_excerpt":"","post_status":"publish","comment_status":"closed","ping_status":"closed","post_password":"","post_name":"lluis-farre-2","to_ping":"","pinged":"","post_modified":"2023-02-27 04:25:19","post_modified_gmt":"2023-02-27 03:25:19","post_content_filtered":"","post_parent":0,"guid":"https:\/\/www.claret.cat\/autor\/lluis-farre-2\/","menu_order":0,"post_type":"autor","post_mime_type":"","comment_count":"0","filter":"raw"}]},"aioseo_notices":[],"_links":{"self":[{"href":"https:\/\/www.claret.cat\/es\/wp-json\/wp\/v2\/product\/992710","targetHints":{"allow":["GET"]}}],"collection":[{"href":"https:\/\/www.claret.cat\/es\/wp-json\/wp\/v2\/product"}],"about":[{"href":"https:\/\/www.claret.cat\/es\/wp-json\/wp\/v2\/types\/product"}],"wp:featuredmedia":[{"embeddable":true,"href":"https:\/\/www.claret.cat\/es\/wp-json\/wp\/v2\/media\/992711"}],"wp:attachment":[{"href":"https:\/\/www.claret.cat\/es\/wp-json\/wp\/v2\/media?parent=992710"}],"wp:term":[{"taxonomy":"product_brand","embeddable":true,"href":"https:\/\/www.claret.cat\/es\/wp-json\/wp\/v2\/product_brand?post=992710"},{"taxonomy":"product_cat","embeddable":true,"href":"https:\/\/www.claret.cat\/es\/wp-json\/wp\/v2\/product_cat?post=992710"},{"taxonomy":"product_tag","embeddable":true,"href":"https:\/\/www.claret.cat\/es\/wp-json\/wp\/v2\/product_tag?post=992710"}],"curies":[{"name":"wp","href":"https:\/\/api.w.org\/{rel}","templated":true}]}}