{"id":992831,"date":"2024-11-20T13:10:15","date_gmt":"2024-11-20T12:10:15","guid":{"rendered":"https:\/\/www.claret.cat\/llibre\/la-inteligencia-artificial-explicada-a-todos-los-publicos-9788419684257\/"},"modified":"2024-11-20T13:42:56","modified_gmt":"2024-11-20T12:42:56","slug":"la-inteligencia-artificial-explicada-a-todos-los-publicos-9788419684257","status":"publish","type":"product","link":"https:\/\/www.claret.cat\/es\/libro\/la-inteligencia-artificial-explicada-a-todos-los-publicos-9788419684257\/","title":{"rendered":"LA INTELIGENCIA ARTIFICIAL EXPLICADA A TODOS LOS P\u00daBLICOS"},"content":{"rendered":"<p>\u00bfPueden las m\u00e1quinas pensar? \u00bfExiste la inteligencia artificial (IA)? \u00bfQu\u00e9 es ser inteligente? Muchas personas tienen ideas err\u00f3neas sobre la inteligencia artificial. Este libro aclara conceptos, derriba mitos y ofrece una visi\u00f3n clara y precisa de lo que realmente es la IA. Una lectura ideal para entender mejor c\u00f3mo la tecnolog\u00eda est\u00e1 moldeando el presente y el futuro, a trav\u00e9s de ejemplos claros y explicaciones sencillas destinadas a todos los p\u00fablicos, sin necesidad de tener conocimientos t\u00e9cnicos previos.<\/p>\n","protected":false},"excerpt":{"rendered":"<p>FERN\u00c1NDEZ \u00c1LVAREZ, LORENA \/ GARAIZAR SAGARM\u00cdNAGA, PABLO<\/p>\n","protected":false},"featured_media":992895,"template":"","meta":{"_acf_changed":false,"om_disable_all_campaigns":false,"rs_blank_template":"","rs_page_bg_color":"","slide_template_v7":"","inline_featured_image":false,"_monsterinsights_skip_tracking":false,"_monsterinsights_sitenote_active":false,"_monsterinsights_sitenote_note":"","_monsterinsights_sitenote_category":0},"product_brand":[],"product_cat":[104,554],"product_tag":[],"class_list":{"0":"post-992831","1":"product","2":"type-product","3":"status-publish","4":"has-post-thumbnail","6":"product_cat-ciencia","7":"product_cat-ciencia-5_otras-spa","9":"first","10":"instock","11":"taxable","12":"shipping-taxable","13":"purchasable","14":"product-type-simple"},"acf":{"autor":"FERN\u00c1NDEZ \u00c1LVAREZ, LORENA \/ GARAIZAR SAGARM\u00cdNAGA, PABLO","codart":"841968425","libros-coleccion":"Deguria","ediciones":"1","encuadernacion":"R\u00fastica","fecha_de_publicacion":"01\/10\/2024","novedad":"1","paginas":"80","subtitulo":"","orden":"0","portada":"0","idioma":"spa","editorial":[{"ID":147362,"post_author":"3","post_date":"2022-10-14 11:49:59","post_date_gmt":"2022-10-14 09:49:59","post_content":"","post_title":"A Fin de Cuentos Editorial","post_excerpt":"","post_status":"publish","comment_status":"closed","ping_status":"closed","post_password":"","post_name":"a-fin-de-cuentos-editorial","to_ping":"","pinged":"","post_modified":"2022-10-14 11:49:59","post_modified_gmt":"2022-10-14 09:49:59","post_content_filtered":"","post_parent":0,"guid":"http:\/\/dev.claret.cat\/editorial\/a-fin-de-cuentos-editorial\/","menu_order":0,"post_type":"editorial","post_mime_type":"","comment_count":"0","filter":"raw"}]},"aioseo_notices":[],"_links":{"self":[{"href":"https:\/\/www.claret.cat\/es\/wp-json\/wp\/v2\/product\/992831","targetHints":{"allow":["GET"]}}],"collection":[{"href":"https:\/\/www.claret.cat\/es\/wp-json\/wp\/v2\/product"}],"about":[{"href":"https:\/\/www.claret.cat\/es\/wp-json\/wp\/v2\/types\/product"}],"wp:featuredmedia":[{"embeddable":true,"href":"https:\/\/www.claret.cat\/es\/wp-json\/wp\/v2\/media\/992895"}],"wp:attachment":[{"href":"https:\/\/www.claret.cat\/es\/wp-json\/wp\/v2\/media?parent=992831"}],"wp:term":[{"taxonomy":"product_brand","embeddable":true,"href":"https:\/\/www.claret.cat\/es\/wp-json\/wp\/v2\/product_brand?post=992831"},{"taxonomy":"product_cat","embeddable":true,"href":"https:\/\/www.claret.cat\/es\/wp-json\/wp\/v2\/product_cat?post=992831"},{"taxonomy":"product_tag","embeddable":true,"href":"https:\/\/www.claret.cat\/es\/wp-json\/wp\/v2\/product_tag?post=992831"}],"curies":[{"name":"wp","href":"https:\/\/api.w.org\/{rel}","templated":true}]}}