{"id":992985,"date":"2024-11-20T16:10:39","date_gmt":"2024-11-20T15:10:39","guid":{"rendered":"https:\/\/www.claret.cat\/llibre\/la-liturgia-signo-e-instrumento-de-salvacion-9788491656517\/"},"modified":"2026-01-24T11:44:23","modified_gmt":"2026-01-24T10:44:23","slug":"la-liturgia-signo-e-instrumento-de-salvacion-9788491656517","status":"publish","type":"product","link":"https:\/\/www.claret.cat\/es\/libro\/la-liturgia-signo-e-instrumento-de-salvacion-9788491656517\/","title":{"rendered":"LA LITURGIA, SIGNO E INSTRUMENTO DE SALVACI\u00d3N"},"content":{"rendered":"<p><span>La liturgia no es un simple despliegue simb\u00f3lico o una secuencia ritual, sino que es un signo y un instrumento eficaces de la salvaci\u00f3n porque es la actualizaci\u00f3n real del misterio pascual de Cristo por medio de y en la Iglesia, sacramento de salvaci\u00f3n. La tradici\u00f3n expresa esta realidad en la sentencia los sacramentos realizan lo que significan (significando causant), y esta obra de salvaci\u00f3n se opera en los sacramentos no mec\u00e1nicamente, puesto que es la Trinidad quien gratuitamente tiene la iniciativa.<\/span><\/p>\n","protected":false},"excerpt":{"rendered":"<p>CORDOVILLA, \u00c1NGEL; ASTIGUETA, DAMI\u00c1N ; ST\u00d6HR , JOHANNES<\/p>\n","protected":false},"featured_media":1077499,"template":"","meta":{"_acf_changed":false,"om_disable_all_campaigns":false,"rs_blank_template":"","rs_page_bg_color":"","slide_template_v7":"","inline_featured_image":false,"_monsterinsights_skip_tracking":false,"_monsterinsights_sitenote_active":false,"_monsterinsights_sitenote_note":"","_monsterinsights_sitenote_category":0},"product_brand":[],"product_cat":[502,257,285,419],"product_tag":[],"class_list":{"0":"post-992985","1":"product","2":"type-product","3":"status-publish","4":"has-post-thumbnail","6":"product_cat-obras-generales-liturgia-1_espiritualidad","7":"product_cat-obres-generals-liturgia-1_espiritualitat","8":"product_cat-pastoral-teologia","9":"product_cat-pastoral-teologia-1_espiritualidad","11":"first","12":"instock","13":"taxable","14":"shipping-taxable","15":"purchasable","16":"product-type-simple"},"acf":{"autor":"CORDOVILLA, \u00c1NGEL; ASTIGUETA, DAMI\u00c1N ; ST\u00d6HR , JOHANNES","codart":"849165651","libros-coleccion":"Cuadernos PHASE","ediciones":"1","encuadernacion":"R\u00fastica","fecha_de_publicacion":"20\/11\/2024","novedad":"1","paginas":"160","subtitulo":"","orden":"0","portada":"0","idioma":"spa","editorial":[{"ID":6172,"post_author":"3","post_date":"2022-07-28 17:46:27","post_date_gmt":"2022-07-28 15:46:27","post_content":"","post_title":"CPL","post_excerpt":"","post_status":"publish","comment_status":"closed","ping_status":"closed","post_password":"","post_name":"cpl","to_ping":"","pinged":"","post_modified":"2022-07-28 17:46:27","post_modified_gmt":"2022-07-28 15:46:27","post_content_filtered":"","post_parent":0,"guid":"http:\/\/dev.claret.cat\/editorial\/cpl\/","menu_order":0,"post_type":"editorial","post_mime_type":"","comment_count":"0","filter":"raw"}],"booktrailer":"","resenas":""},"aioseo_notices":[],"_links":{"self":[{"href":"https:\/\/www.claret.cat\/es\/wp-json\/wp\/v2\/product\/992985","targetHints":{"allow":["GET"]}}],"collection":[{"href":"https:\/\/www.claret.cat\/es\/wp-json\/wp\/v2\/product"}],"about":[{"href":"https:\/\/www.claret.cat\/es\/wp-json\/wp\/v2\/types\/product"}],"wp:featuredmedia":[{"embeddable":true,"href":"https:\/\/www.claret.cat\/es\/wp-json\/wp\/v2\/media\/1077499"}],"wp:attachment":[{"href":"https:\/\/www.claret.cat\/es\/wp-json\/wp\/v2\/media?parent=992985"}],"wp:term":[{"taxonomy":"product_brand","embeddable":true,"href":"https:\/\/www.claret.cat\/es\/wp-json\/wp\/v2\/product_brand?post=992985"},{"taxonomy":"product_cat","embeddable":true,"href":"https:\/\/www.claret.cat\/es\/wp-json\/wp\/v2\/product_cat?post=992985"},{"taxonomy":"product_tag","embeddable":true,"href":"https:\/\/www.claret.cat\/es\/wp-json\/wp\/v2\/product_tag?post=992985"}],"curies":[{"name":"wp","href":"https:\/\/api.w.org\/{rel}","templated":true}]}}