{"id":992988,"date":"2024-11-20T16:10:51","date_gmt":"2024-11-20T15:10:51","guid":{"rendered":"https:\/\/www.claret.cat\/llibre\/la-explicacion-de-la-eucaristia-9788491656531\/"},"modified":"2026-01-24T11:44:08","modified_gmt":"2026-01-24T10:44:08","slug":"la-explicacion-de-la-eucaristia-9788491656531","status":"publish","type":"product","link":"https:\/\/www.claret.cat\/es\/libro\/la-explicacion-de-la-eucaristia-9788491656531\/","title":{"rendered":"LA EXPLICACI\u00d3N DE LA EUCARIST\u00cdA"},"content":{"rendered":"<p><span>En una \u00e9poca en que la participaci\u00f3n en la misa puede, a veces, sentirse rutinaria, el libro del sacerdote franc\u00e9s espiritano Lucien Deiss, La explicaci\u00f3n de la Eucarist\u00eda, sigue siendo una herramienta v\u00e1lida para quienes desean profundizar en la comprensi\u00f3n de la Eucarist\u00eda y vivir la celebraci\u00f3n en todas sus dimensiones esenciales. Y sirve, adem\u00e1s, para que todos los fieles puedan redescubrir su riqueza, no solo como acto ritual, sino como el coraz\u00f3n de la vida cristiana.<\/span><\/p>\n","protected":false},"excerpt":{"rendered":"<p>DEISS, LUCIEN<\/p>\n","protected":false},"featured_media":1077497,"template":"","meta":{"_acf_changed":false,"om_disable_all_campaigns":false,"rs_blank_template":"","rs_page_bg_color":"","slide_template_v7":"","inline_featured_image":false,"_monsterinsights_skip_tracking":false,"_monsterinsights_sitenote_active":false,"_monsterinsights_sitenote_note":"","_monsterinsights_sitenote_category":0},"product_brand":[],"product_cat":[500,255,502,257,419,285],"product_tag":[],"class_list":{"0":"post-992988","1":"product","2":"type-product","3":"status-publish","4":"has-post-thumbnail","6":"product_cat-misales","7":"product_cat-missals","8":"product_cat-obras-generales-liturgia-1_espiritualidad","9":"product_cat-obres-generals-liturgia-1_espiritualitat","10":"product_cat-pastoral-teologia-1_espiritualidad","11":"product_cat-pastoral-teologia","13":"first","14":"instock","15":"taxable","16":"shipping-taxable","17":"purchasable","18":"product-type-simple"},"acf":{"autor":"DEISS, LUCIEN","codart":"849165653","libros-coleccion":"Cuadernos PHASE","ediciones":"1","encuadernacion":"R\u00fastica","fecha_de_publicacion":"20\/11\/2024","novedad":"1","paginas":"124","subtitulo":"","orden":"0","portada":"0","idioma":"spa","editorial":[{"ID":6172,"post_author":"3","post_date":"2022-07-28 17:46:27","post_date_gmt":"2022-07-28 15:46:27","post_content":"","post_title":"CPL","post_excerpt":"","post_status":"publish","comment_status":"closed","ping_status":"closed","post_password":"","post_name":"cpl","to_ping":"","pinged":"","post_modified":"2022-07-28 17:46:27","post_modified_gmt":"2022-07-28 15:46:27","post_content_filtered":"","post_parent":0,"guid":"http:\/\/dev.claret.cat\/editorial\/cpl\/","menu_order":0,"post_type":"editorial","post_mime_type":"","comment_count":"0","filter":"raw"}],"booktrailer":"","resenas":""},"aioseo_notices":[],"_links":{"self":[{"href":"https:\/\/www.claret.cat\/es\/wp-json\/wp\/v2\/product\/992988","targetHints":{"allow":["GET"]}}],"collection":[{"href":"https:\/\/www.claret.cat\/es\/wp-json\/wp\/v2\/product"}],"about":[{"href":"https:\/\/www.claret.cat\/es\/wp-json\/wp\/v2\/types\/product"}],"wp:featuredmedia":[{"embeddable":true,"href":"https:\/\/www.claret.cat\/es\/wp-json\/wp\/v2\/media\/1077497"}],"wp:attachment":[{"href":"https:\/\/www.claret.cat\/es\/wp-json\/wp\/v2\/media?parent=992988"}],"wp:term":[{"taxonomy":"product_brand","embeddable":true,"href":"https:\/\/www.claret.cat\/es\/wp-json\/wp\/v2\/product_brand?post=992988"},{"taxonomy":"product_cat","embeddable":true,"href":"https:\/\/www.claret.cat\/es\/wp-json\/wp\/v2\/product_cat?post=992988"},{"taxonomy":"product_tag","embeddable":true,"href":"https:\/\/www.claret.cat\/es\/wp-json\/wp\/v2\/product_tag?post=992988"}],"curies":[{"name":"wp","href":"https:\/\/api.w.org\/{rel}","templated":true}]}}