{"id":993058,"date":"2024-11-21T10:25:10","date_gmt":"2024-11-21T09:25:10","guid":{"rendered":"https:\/\/www.claret.cat\/llibre\/renovada-misionalidad-pero-cual-9788497155960\/"},"modified":"2026-02-26T11:15:34","modified_gmt":"2026-02-26T10:15:34","slug":"renovada-misionalidad-pero-cual-9788497155960","status":"publish","type":"product","link":"https:\/\/www.claret.cat\/es\/libro\/renovada-misionalidad-pero-cual-9788497155960\/","title":{"rendered":"RENOVADA MISIONALIDAD, PERO \u00bfCU\u00c1L?"},"content":{"rendered":"<p class='ql-align-justify'>La misi\u00f3n es connatural a la Iglesia; es un mandato que debe cumplir, bajo pena de su desaparici\u00f3n: la Iglesia existe para comunicar el Evangelio.<\/p>\n<p class='ql-align-justify'>En Cristo se ha abierto un espacio personal para todos sin exclusiones. Esta comprensi\u00f3n de la misi\u00f3n requiere ap\u00f3stoles acogedores en las relaciones interpersonales y sobre todo comunidades acogedoras, inclusivas, dialogantes. Es necesario tomar conciencia de que la misi\u00f3n de la Iglesia no es otra que poner a disposici\u00f3n de todos&#8230; el mismo don del que vive: haber encontrado acogida en la humanidad resucitada de Cristo \u2013y, por tanto, en Dios mismo\u2013 para ser resucitada con \u00e9l, y con \u00e9l transfigurada. \u00bfC\u00f3mo podr\u00eda cumplir adecuadamente esta misi\u00f3n solo con dones ministeriales (aunque imprescindibles) o religiosos, sin contar con los carismas laicales espec\u00edficos, informados de lo humano y al mismo tiempo orientados hacia lo divino? Y \u00bfc\u00f3mo podr\u00eda suceder sino en un contexto de verdadera maduraci\u00f3n teol\u00f3gica, como el representado por la eclesiolog\u00eda de comuni\u00f3n y la sinodalidad?<\/p>\n<p class='ql-align-justify'>Debemos cultivar una espiritualidad de comuni\u00f3n en la que cada uno entienda su identidad en la interacci\u00f3n con las dem\u00e1s y en el intercambio de amor, para ofrecer en nuestro entorno al Cristo presente entre los creyentes como eje de una misi\u00f3n que, m\u00e1s que convencer, quiere hacer gustar un poco la salvaci\u00f3n, en la medida en que es posible en la tierra. Profundizar en la relaci\u00f3n entre sacerdocio com\u00fan y sacerdocio ministerial, sin confusi\u00f3n y sin separaci\u00f3n, a la luz de una concepci\u00f3n de la vida como don de s\u00ed por amor a los dem\u00e1s, que anima y llena de sentido tanto la vida cristiana como la liturgia y la administraci\u00f3n de los sacramentos.<\/p>\n<p><\/p>\n","protected":false},"excerpt":{"rendered":"<p>BRU, MANUEL MAR\u00cdA; KLASVOGT , PETER; GARC\u00cdA ANDRADE, CARLOS; TOBLER , STEFAN<\/p>\n","protected":false},"featured_media":1086535,"template":"","meta":{"_acf_changed":false,"om_disable_all_campaigns":false,"rs_blank_template":"","rs_page_bg_color":"","slide_template_v7":"","inline_featured_image":false,"_monsterinsights_skip_tracking":false,"_monsterinsights_sitenote_active":false,"_monsterinsights_sitenote_note":"","_monsterinsights_sitenote_category":0},"product_brand":[],"product_cat":[283,511],"product_tag":[],"class_list":{"0":"post-993058","1":"product","2":"type-product","3":"status-publish","4":"has-post-thumbnail","6":"product_cat-eclesiologia-teologia","7":"product_cat-eclesiologia-teologia-1_espiritualidad","9":"first","10":"instock","11":"taxable","12":"shipping-taxable","13":"purchasable","14":"product-type-simple"},"acf":{"autor":"BRU, MANUEL MAR\u00cdA; KLASVOGT , PETER; GARC\u00cdA ANDRADE, CARLOS; TOBLER , STEFAN","codart":"849715596","libros-coleccion":"EKKLESIA : SENDEROS DE COMUNI\u00d3N","ediciones":"1","encuadernacion":"R\u00fastica","fecha_de_publicacion":"20\/11\/2024","novedad":"1","paginas":"176","subtitulo":"","orden":"0","portada":"0","idioma":"spa","editorial":[{"ID":6157,"post_author":"3","post_date":"2022-07-28 17:46:07","post_date_gmt":"2022-07-28 15:46:07","post_content":"","post_title":"Ciudad Nueva","post_excerpt":"","post_status":"publish","comment_status":"closed","ping_status":"closed","post_password":"","post_name":"ciudad-nueva","to_ping":"","pinged":"","post_modified":"2022-07-28 17:46:07","post_modified_gmt":"2022-07-28 15:46:07","post_content_filtered":"","post_parent":0,"guid":"http:\/\/dev.claret.cat\/editorial\/ciudad-nueva\/","menu_order":0,"post_type":"editorial","post_mime_type":"","comment_count":"0","filter":"raw"}],"booktrailer":"","resenas":""},"aioseo_notices":[],"_links":{"self":[{"href":"https:\/\/www.claret.cat\/es\/wp-json\/wp\/v2\/product\/993058","targetHints":{"allow":["GET"]}}],"collection":[{"href":"https:\/\/www.claret.cat\/es\/wp-json\/wp\/v2\/product"}],"about":[{"href":"https:\/\/www.claret.cat\/es\/wp-json\/wp\/v2\/types\/product"}],"wp:featuredmedia":[{"embeddable":true,"href":"https:\/\/www.claret.cat\/es\/wp-json\/wp\/v2\/media\/1086535"}],"wp:attachment":[{"href":"https:\/\/www.claret.cat\/es\/wp-json\/wp\/v2\/media?parent=993058"}],"wp:term":[{"taxonomy":"product_brand","embeddable":true,"href":"https:\/\/www.claret.cat\/es\/wp-json\/wp\/v2\/product_brand?post=993058"},{"taxonomy":"product_cat","embeddable":true,"href":"https:\/\/www.claret.cat\/es\/wp-json\/wp\/v2\/product_cat?post=993058"},{"taxonomy":"product_tag","embeddable":true,"href":"https:\/\/www.claret.cat\/es\/wp-json\/wp\/v2\/product_tag?post=993058"}],"curies":[{"name":"wp","href":"https:\/\/api.w.org\/{rel}","templated":true}]}}