{"id":993141,"date":"2024-11-21T16:45:08","date_gmt":"2024-11-21T15:45:08","guid":{"rendered":"https:\/\/www.claret.cat\/llibre\/grandes-amores-veinte-parejas-inolvidables-de-la-literatura-9788414059296\/"},"modified":"2024-11-21T16:50:20","modified_gmt":"2024-11-21T15:50:20","slug":"grandes-amores-veinte-parejas-inolvidables-de-la-literatura-9788414059296","status":"publish","type":"product","link":"https:\/\/www.claret.cat\/es\/libro\/grandes-amores-veinte-parejas-inolvidables-de-la-literatura-9788414059296\/","title":{"rendered":"GRANDES AMORES. VEINTE PAREJAS INOLVIDABLES DE LA LITERATURA"},"content":{"rendered":"<p>Desde la Antig\u00fcedad, la literatura ha nutrido nuestro imaginario con inolvidables historias de amor. En las p\u00e1ginas de este libro encontramos amores apasionados, felices, imposibles, plat\u00f3nicos, clandestinos, marcados por la culpa o por el destino aciago.Espido Freire y Antonio Lorente nos ofrecen una apasionante traves\u00eda, visual y literaria, por el interior de una veintena de obras maestras de la literatura con el amor como protagonista.<\/p>\n","protected":false},"excerpt":{"rendered":"<p>ESPIDO FREIRE<\/p>\n","protected":false},"featured_media":993142,"template":"","meta":{"_acf_changed":false,"om_disable_all_campaigns":false,"rs_blank_template":"","rs_page_bg_color":"","slide_template_v7":"","inline_featured_image":false,"_monsterinsights_skip_tracking":false,"_monsterinsights_sitenote_active":false,"_monsterinsights_sitenote_note":"","_monsterinsights_sitenote_category":0},"product_brand":[],"product_cat":[133,363],"product_tag":[],"class_list":{"0":"post-993141","1":"product","2":"type-product","3":"status-publish","4":"has-post-thumbnail","6":"product_cat-lectures-per-adolescents-12-18-anys","7":"product_cat-lecturas-por-adolescentes-12-18-anos","9":"first","10":"instock","11":"taxable","12":"shipping-taxable","13":"purchasable","14":"product-type-simple"},"acf":{"autor":"ESPIDO FREIRE","codart":"841405929","libros-coleccion":"\u00c1lbumes ilustrados","ediciones":"1","encuadernacion":"Carton\u00e9","fecha_de_publicacion":"01\/11\/2024","novedad":"1","paginas":"89","subtitulo":"","orden":"0","portada":"0","idioma":"spa","editorial":[{"ID":6229,"post_author":"3","post_date":"2022-07-28 17:47:40","post_date_gmt":"2022-07-28 15:47:40","post_content":"","post_title":"Editorial Luis Vives (Edelvives)","post_excerpt":"","post_status":"publish","comment_status":"closed","ping_status":"closed","post_password":"","post_name":"editorial-luis-vives-edelvives","to_ping":"","pinged":"","post_modified":"2022-07-28 17:47:40","post_modified_gmt":"2022-07-28 15:47:40","post_content_filtered":"","post_parent":0,"guid":"http:\/\/dev.claret.cat\/editorial\/editorial-luis-vives-edelvives\/","menu_order":0,"post_type":"editorial","post_mime_type":"","comment_count":"0","filter":"raw"}]},"aioseo_notices":[],"_links":{"self":[{"href":"https:\/\/www.claret.cat\/es\/wp-json\/wp\/v2\/product\/993141","targetHints":{"allow":["GET"]}}],"collection":[{"href":"https:\/\/www.claret.cat\/es\/wp-json\/wp\/v2\/product"}],"about":[{"href":"https:\/\/www.claret.cat\/es\/wp-json\/wp\/v2\/types\/product"}],"wp:featuredmedia":[{"embeddable":true,"href":"https:\/\/www.claret.cat\/es\/wp-json\/wp\/v2\/media\/993142"}],"wp:attachment":[{"href":"https:\/\/www.claret.cat\/es\/wp-json\/wp\/v2\/media?parent=993141"}],"wp:term":[{"taxonomy":"product_brand","embeddable":true,"href":"https:\/\/www.claret.cat\/es\/wp-json\/wp\/v2\/product_brand?post=993141"},{"taxonomy":"product_cat","embeddable":true,"href":"https:\/\/www.claret.cat\/es\/wp-json\/wp\/v2\/product_cat?post=993141"},{"taxonomy":"product_tag","embeddable":true,"href":"https:\/\/www.claret.cat\/es\/wp-json\/wp\/v2\/product_tag?post=993141"}],"curies":[{"name":"wp","href":"https:\/\/api.w.org\/{rel}","templated":true}]}}