{"id":993191,"date":"2024-11-21T19:10:09","date_gmt":"2024-11-21T18:10:09","guid":{"rendered":"https:\/\/www.claret.cat\/llibre\/la-masia-desapareguda-9788419736758\/"},"modified":"2026-01-03T13:12:28","modified_gmt":"2026-01-03T12:12:28","slug":"la-masia-desapareguda-9788419736758","status":"publish","type":"product","link":"https:\/\/www.claret.cat\/es\/libro\/la-masia-desapareguda-9788419736758\/","title":{"rendered":"LA MASIA DESAPAREGUDA"},"content":{"rendered":"<p>La masia \u00e9s l\u2019ess\u00e8ncia del camp catal\u00e0 i avui representa un dels llegats hist\u00f2rics i patrimonials m\u00e9s importants del pa\u00eds. Cada una de les seves cambres ens recorda un temps passat que ja no existeix: una vida de subsist\u00e8ncia i privacions, de sobreviure amb pocs recursos, de l\u2019a\u00efllament del mas al bell mig del rostoll. La vida a pag\u00e8s \u00e9s esfor\u00e7, incertesa i austeritat. Aquest recull de fotografies hist\u00f2riques ens convida a fer un recorregut per m\u00e9s de 200 masies de 150 municipis de Catalunya. Un homenatge a tots aquells catalans i catalanes que, amb la for\u00e7a de les seves mans, dia rere dia, segle a segle, van aconseguir domesticar un paisatge que identifiquem com a propi.<\/p>\n","protected":false},"excerpt":{"rendered":"<p>MARTA LLORET<\/p>\n","protected":false},"featured_media":995837,"template":"","meta":{"_acf_changed":false,"om_disable_all_campaigns":false,"rs_blank_template":"","rs_page_bg_color":"","slide_template_v7":"","inline_featured_image":false,"_monsterinsights_skip_tracking":false,"_monsterinsights_sitenote_active":false,"_monsterinsights_sitenote_note":"","_monsterinsights_sitenote_category":0},"product_brand":[],"product_cat":[105,555],"product_tag":[],"class_list":{"0":"post-993191","1":"product","2":"type-product","3":"status-publish","4":"has-post-thumbnail","6":"product_cat-regal","7":"product_cat-regalo","9":"first","10":"instock","11":"taxable","12":"shipping-taxable","13":"purchasable","14":"product-type-simple"},"acf":{"autor":"MARTA LLORET","codart":"841973675","libros-coleccion":"","ediciones":"1","encuadernacion":"Carton\u00e9","fecha_de_publicacion":"01\/09\/2024","novedad":"1","paginas":"376","subtitulo":"","orden":"0","portada":"1","idioma":"cat","editorial":[{"ID":147966,"post_author":"3","post_date":"2022-10-14 11:54:36","post_date_gmt":"2022-10-14 09:54:36","post_content":"","post_title":"EDITORIAL EFADOS","post_excerpt":"","post_status":"publish","comment_status":"closed","ping_status":"closed","post_password":"","post_name":"editorial-efados","to_ping":"","pinged":"","post_modified":"2022-10-14 11:54:36","post_modified_gmt":"2022-10-14 09:54:36","post_content_filtered":"","post_parent":0,"guid":"http:\/\/dev.claret.cat\/editorial\/editorial-efados\/","menu_order":0,"post_type":"editorial","post_mime_type":"","comment_count":"0","filter":"raw"}],"booktrailer":"","resenas":""},"aioseo_notices":[],"_links":{"self":[{"href":"https:\/\/www.claret.cat\/es\/wp-json\/wp\/v2\/product\/993191","targetHints":{"allow":["GET"]}}],"collection":[{"href":"https:\/\/www.claret.cat\/es\/wp-json\/wp\/v2\/product"}],"about":[{"href":"https:\/\/www.claret.cat\/es\/wp-json\/wp\/v2\/types\/product"}],"wp:featuredmedia":[{"embeddable":true,"href":"https:\/\/www.claret.cat\/es\/wp-json\/wp\/v2\/media\/995837"}],"wp:attachment":[{"href":"https:\/\/www.claret.cat\/es\/wp-json\/wp\/v2\/media?parent=993191"}],"wp:term":[{"taxonomy":"product_brand","embeddable":true,"href":"https:\/\/www.claret.cat\/es\/wp-json\/wp\/v2\/product_brand?post=993191"},{"taxonomy":"product_cat","embeddable":true,"href":"https:\/\/www.claret.cat\/es\/wp-json\/wp\/v2\/product_cat?post=993191"},{"taxonomy":"product_tag","embeddable":true,"href":"https:\/\/www.claret.cat\/es\/wp-json\/wp\/v2\/product_tag?post=993191"}],"curies":[{"name":"wp","href":"https:\/\/api.w.org\/{rel}","templated":true}]}}