{"id":993340,"date":"2024-11-23T10:40:09","date_gmt":"2024-11-23T09:40:09","guid":{"rendered":"https:\/\/www.claret.cat\/llibre\/nyacnyac-el-monstre-menjallibres-9788499066783\/"},"modified":"2025-10-10T17:52:09","modified_gmt":"2025-10-10T15:52:09","slug":"nyacnyac-el-monstre-menjallibres-9788499066783","status":"publish","type":"product","link":"https:\/\/www.claret.cat\/es\/libro\/nyacnyac-el-monstre-menjallibres-9788499066783\/","title":{"rendered":"NYAC-NYAC, EL MONSTRE MENJALLIBRES"},"content":{"rendered":"<p>Nyac-nyac, el monstre menjallibres, ha mossegat les p\u00e0gines d &apos; aquest \u00e0lbum fins escapar d &apos; ell&#8230; i ja ha comen\u00e7at a cruspir altres contes! <br \/> Molt de compte amb ell!<\/p>\n","protected":false},"excerpt":{"rendered":"<p>YARLETT, EMMA<\/p>\n","protected":false},"featured_media":993341,"template":"","meta":{"_acf_changed":false,"om_disable_all_campaigns":false,"rs_blank_template":"","rs_page_bg_color":"","slide_template_v7":"","inline_featured_image":false,"_monsterinsights_skip_tracking":false,"_monsterinsights_sitenote_active":false,"_monsterinsights_sitenote_note":"","_monsterinsights_sitenote_category":0},"product_brand":[],"product_cat":[86,352],"product_tag":[],"class_list":{"0":"post-993340","1":"product","2":"type-product","3":"status-publish","4":"has-post-thumbnail","6":"product_cat-infantil","7":"product_cat-infantil-3_infantil-juvenil-spa","9":"first","10":"instock","11":"taxable","12":"shipping-taxable","13":"purchasable","14":"product-type-simple"},"acf":{"autor":"YARLETT, EMMA","codart":"849906678","libros-coleccion":"","ediciones":"1","encuadernacion":"Carton\u00e9","fecha_de_publicacion":"01\/03\/2016","novedad":"0","paginas":"30","subtitulo":"","orden":"999","portada":"0","idioma":"cat","editorial":[{"ID":261872,"post_author":"3","post_date":"2022-10-24 11:16:56","post_date_gmt":"2022-10-24 09:16:56","post_content":"","post_title":"BRUIXOLA, EDITORIAL","post_excerpt":"","post_status":"publish","comment_status":"closed","ping_status":"closed","post_password":"","post_name":"bruixola-editorial","to_ping":"","pinged":"","post_modified":"2022-10-24 11:16:56","post_modified_gmt":"2022-10-24 09:16:56","post_content_filtered":"","post_parent":0,"guid":"http:\/\/dev.claret.cat\/editorial\/bruixola-editorial\/","menu_order":0,"post_type":"editorial","post_mime_type":"","comment_count":"0","filter":"raw"}],"autores-libros":[{"ID":155042,"post_author":"3","post_date":"2022-10-14 15:09:42","post_date_gmt":"2022-10-14 13:09:42","post_content":"","post_title":"EMMA YARLETT","post_excerpt":"","post_status":"publish","comment_status":"closed","ping_status":"closed","post_password":"","post_name":"emma-yarlett","to_ping":"","pinged":"","post_modified":"2022-10-14 15:09:42","post_modified_gmt":"2022-10-14 13:09:42","post_content_filtered":"","post_parent":0,"guid":"http:\/\/dev.claret.cat\/autor\/emma-yarlett\/","menu_order":0,"post_type":"autor","post_mime_type":"","comment_count":"0","filter":"raw"}],"booktrailer":"","resenas":""},"aioseo_notices":[],"_links":{"self":[{"href":"https:\/\/www.claret.cat\/es\/wp-json\/wp\/v2\/product\/993340","targetHints":{"allow":["GET"]}}],"collection":[{"href":"https:\/\/www.claret.cat\/es\/wp-json\/wp\/v2\/product"}],"about":[{"href":"https:\/\/www.claret.cat\/es\/wp-json\/wp\/v2\/types\/product"}],"wp:featuredmedia":[{"embeddable":true,"href":"https:\/\/www.claret.cat\/es\/wp-json\/wp\/v2\/media\/993341"}],"wp:attachment":[{"href":"https:\/\/www.claret.cat\/es\/wp-json\/wp\/v2\/media?parent=993340"}],"wp:term":[{"taxonomy":"product_brand","embeddable":true,"href":"https:\/\/www.claret.cat\/es\/wp-json\/wp\/v2\/product_brand?post=993340"},{"taxonomy":"product_cat","embeddable":true,"href":"https:\/\/www.claret.cat\/es\/wp-json\/wp\/v2\/product_cat?post=993340"},{"taxonomy":"product_tag","embeddable":true,"href":"https:\/\/www.claret.cat\/es\/wp-json\/wp\/v2\/product_tag?post=993340"}],"curies":[{"name":"wp","href":"https:\/\/api.w.org\/{rel}","templated":true}]}}