{"id":993349,"date":"2024-11-23T10:50:05","date_gmt":"2024-11-23T09:50:05","guid":{"rendered":"https:\/\/www.claret.cat\/llibre\/les-girafes-no-poden-ballar-i-altres-contes-9788413492797\/"},"modified":"2026-03-20T19:50:30","modified_gmt":"2026-03-20T18:50:30","slug":"les-girafes-no-poden-ballar-i-altres-contes-9788413492797","status":"publish","type":"product","link":"https:\/\/www.claret.cat\/es\/libro\/les-girafes-no-poden-ballar-i-altres-contes-9788413492797\/","title":{"rendered":"LES GIRAFES NO PODEN BALLAR I ALTRES CONTES"},"content":{"rendered":"<p>Dels autors amb m\u00e9s de 4 milions de lectors a tot el m\u00f3n: Les girafes no poden ballar, Sigues valent, petit ping\u00fc\u00ed!, Dan, el valent i L&#8217;elefant Tamtam. Quatre contes inoblidables que ens ensenyen el valor de ser nosaltres mateixos.<\/p>\n","protected":false},"excerpt":{"rendered":"<p>ANDREAE, GILES<\/p>\n","protected":false},"featured_media":993350,"template":"","meta":{"_acf_changed":false,"om_disable_all_campaigns":false,"rs_blank_template":"","rs_page_bg_color":"","slide_template_v7":"","inline_featured_image":false,"_monsterinsights_skip_tracking":false,"_monsterinsights_sitenote_active":false,"_monsterinsights_sitenote_note":"","_monsterinsights_sitenote_category":0},"product_brand":[],"product_cat":[131,361],"product_tag":[],"class_list":{"0":"post-993349","1":"product","2":"type-product","3":"status-publish","4":"has-post-thumbnail","6":"product_cat-contes-per-infants-0-6-anys","7":"product_cat-cuentos-para-ninos-0-6-anos","9":"first","10":"instock","11":"taxable","12":"shipping-taxable","13":"purchasable","14":"product-type-simple"},"acf":{"autor":"ANDREAE, GILES","codart":"841349279","libros-coleccion":"Catal\u00e1 - A Partir De 3 Anys - \u00c0lbums - A","ediciones":"1","encuadernacion":"Carton\u00e9","fecha_de_publicacion":"01\/10\/2023","novedad":"1","paginas":"136","subtitulo":"","orden":"0","portada":"0","idioma":"cat","editorial":[{"ID":147936,"post_author":"3","post_date":"2022-10-14 11:54:22","post_date_gmt":"2022-10-14 09:54:22","post_content":"","post_title":"Editorial Bru\u00f1o","post_excerpt":"","post_status":"publish","comment_status":"closed","ping_status":"closed","post_password":"","post_name":"editorial-bruno","to_ping":"","pinged":"","post_modified":"2022-10-14 11:54:22","post_modified_gmt":"2022-10-14 09:54:22","post_content_filtered":"","post_parent":0,"guid":"http:\/\/dev.claret.cat\/editorial\/editorial-bruno\/","menu_order":0,"post_type":"editorial","post_mime_type":"","comment_count":"0","filter":"raw"}],"booktrailer":"","resenas":""},"aioseo_notices":[],"_links":{"self":[{"href":"https:\/\/www.claret.cat\/es\/wp-json\/wp\/v2\/product\/993349","targetHints":{"allow":["GET"]}}],"collection":[{"href":"https:\/\/www.claret.cat\/es\/wp-json\/wp\/v2\/product"}],"about":[{"href":"https:\/\/www.claret.cat\/es\/wp-json\/wp\/v2\/types\/product"}],"wp:featuredmedia":[{"embeddable":true,"href":"https:\/\/www.claret.cat\/es\/wp-json\/wp\/v2\/media\/993350"}],"wp:attachment":[{"href":"https:\/\/www.claret.cat\/es\/wp-json\/wp\/v2\/media?parent=993349"}],"wp:term":[{"taxonomy":"product_brand","embeddable":true,"href":"https:\/\/www.claret.cat\/es\/wp-json\/wp\/v2\/product_brand?post=993349"},{"taxonomy":"product_cat","embeddable":true,"href":"https:\/\/www.claret.cat\/es\/wp-json\/wp\/v2\/product_cat?post=993349"},{"taxonomy":"product_tag","embeddable":true,"href":"https:\/\/www.claret.cat\/es\/wp-json\/wp\/v2\/product_tag?post=993349"}],"curies":[{"name":"wp","href":"https:\/\/api.w.org\/{rel}","templated":true}]}}