{"id":993453,"date":"2024-11-25T12:25:09","date_gmt":"2024-11-25T11:25:09","guid":{"rendered":"https:\/\/www.claret.cat\/llibre\/priscila-9788428572255\/"},"modified":"2026-03-28T11:15:22","modified_gmt":"2026-03-28T10:15:22","slug":"priscila-9788428572255","status":"publish","type":"product","link":"https:\/\/www.claret.cat\/es\/libro\/priscila-9788428572255\/","title":{"rendered":"PRISCILA"},"content":{"rendered":"<p><span>Elisa Est\u00e9vez analiza en esta obra la vida y la obra de Priscila, tambi\u00e9n llamada Prisca, a quien considera un inmejorable ejemplo de vocaci\u00f3n laica desde el compromiso de lo cotidiano. Esta estrecha colaboradora de san Pablo, tanto en el anuncio del Evangelio como en la animaci\u00f3n de los nuevos grupos cristianos en ciudades como Roma, Corinto y \u00c9feso, vivi\u00f3 su fe y su compromiso misionero y comunitario junto con Aquila, probablemente su marido, sin dejar de lado su trabajo. En su casa, que fue lugar de encuentro para las comunidades cristianas locales, dio hospitalidad al Ap\u00f3stol y a otros misioneros cristianos, y alguno de ellos, como Apolo, recibi\u00f3 sus ense\u00f1anzas.<\/span><\/p>\n","protected":false},"excerpt":{"rendered":"<p>EST\u00c9VEZ L\u00d3PEZ, ELISA<\/p>\n","protected":false},"featured_media":993890,"template":"","meta":{"_acf_changed":false,"om_disable_all_campaigns":false,"rs_blank_template":"","rs_page_bg_color":"","slide_template_v7":"","inline_featured_image":false,"_monsterinsights_skip_tracking":false,"_monsterinsights_sitenote_active":false,"_monsterinsights_sitenote_note":"","_monsterinsights_sitenote_category":0},"product_brand":[],"product_cat":[90,540],"product_tag":[],"class_list":{"0":"post-993453","1":"product","2":"type-product","3":"status-publish","4":"has-post-thumbnail","6":"product_cat-altres","7":"product_cat-otros","9":"first","10":"instock","11":"taxable","12":"shipping-taxable","13":"purchasable","14":"product-type-simple"},"acf":{"autor":"EST\u00c9VEZ L\u00d3PEZ, ELISA","codart":"842857225","libros-coleccion":" MUJERES B\u00cdBLICAS","ediciones":"1","encuadernacion":"R\u00fastica","fecha_de_publicacion":"25\/11\/2024","novedad":"1","paginas":"72","subtitulo":"TRABAJO, HOSPITALIDAD Y MISI\u00d3N","orden":"999","portada":"0","idioma":"spa","editorial":[{"ID":6356,"post_author":"3","post_date":"2022-07-28 17:50:26","post_date_gmt":"2022-07-28 15:50:26","post_content":"","post_title":"SAN PABLO COMUNICACI\u00d3N","post_excerpt":"","post_status":"publish","comment_status":"closed","ping_status":"closed","post_password":"","post_name":"san-pablo-comunicacion","to_ping":"","pinged":"","post_modified":"2022-07-28 17:50:26","post_modified_gmt":"2022-07-28 15:50:26","post_content_filtered":"","post_parent":0,"guid":"http:\/\/dev.claret.cat\/editorial\/san-pablo-comunicacion\/","menu_order":0,"post_type":"editorial","post_mime_type":"","comment_count":"0","filter":"raw"}],"autores-libros":[{"ID":154793,"post_author":"3","post_date":"2022-10-14 15:07:41","post_date_gmt":"2022-10-14 13:07:41","post_content":"","post_title":"ELISA EST\u00c9VEZ L\u00d3PEZ","post_excerpt":"","post_status":"publish","comment_status":"closed","ping_status":"closed","post_password":"","post_name":"elisa-estevez-lopez","to_ping":"","pinged":"","post_modified":"2022-10-14 15:07:41","post_modified_gmt":"2022-10-14 13:07:41","post_content_filtered":"","post_parent":0,"guid":"http:\/\/dev.claret.cat\/autor\/elisa-estevez-lopez\/","menu_order":0,"post_type":"autor","post_mime_type":"","comment_count":"0","filter":"raw"}],"booktrailer":"","resenas":""},"aioseo_notices":[],"_links":{"self":[{"href":"https:\/\/www.claret.cat\/es\/wp-json\/wp\/v2\/product\/993453","targetHints":{"allow":["GET"]}}],"collection":[{"href":"https:\/\/www.claret.cat\/es\/wp-json\/wp\/v2\/product"}],"about":[{"href":"https:\/\/www.claret.cat\/es\/wp-json\/wp\/v2\/types\/product"}],"wp:featuredmedia":[{"embeddable":true,"href":"https:\/\/www.claret.cat\/es\/wp-json\/wp\/v2\/media\/993890"}],"wp:attachment":[{"href":"https:\/\/www.claret.cat\/es\/wp-json\/wp\/v2\/media?parent=993453"}],"wp:term":[{"taxonomy":"product_brand","embeddable":true,"href":"https:\/\/www.claret.cat\/es\/wp-json\/wp\/v2\/product_brand?post=993453"},{"taxonomy":"product_cat","embeddable":true,"href":"https:\/\/www.claret.cat\/es\/wp-json\/wp\/v2\/product_cat?post=993453"},{"taxonomy":"product_tag","embeddable":true,"href":"https:\/\/www.claret.cat\/es\/wp-json\/wp\/v2\/product_tag?post=993453"}],"curies":[{"name":"wp","href":"https:\/\/api.w.org\/{rel}","templated":true}]}}