{"id":993535,"date":"2024-11-25T16:26:04","date_gmt":"2024-11-25T15:26:04","guid":{"rendered":"https:\/\/www.claret.cat\/llibre\/los-cretinos-los-peores-vecinos-coleccion-alfaguara-clasicos-9788419688545\/"},"modified":"2024-12-24T09:36:19","modified_gmt":"2024-12-24T08:36:19","slug":"los-cretinos-los-peores-vecinos-coleccion-alfaguara-clasicos-9788419688545","status":"publish","type":"product","link":"https:\/\/www.claret.cat\/es\/libro\/los-cretinos-los-peores-vecinos-coleccion-alfaguara-clasicos-9788419688545\/","title":{"rendered":"LOS CRETINOS. LOS PEORES VECINOS (COLECCI\u00d3N ALFAGUARA CL\u00c1SICOS)"},"content":{"rendered":"<p>Una nueva historia inspirada en los personajes de ROALD DAHL, el gran autor de literatura infantil. LOS CRETINOS, la pareja m\u00e1s ASQUEROSA del mundo, viven sus vidas REPUGNANTES comiendo espaguetis de gusano y gast\u00e1ndose bromas horribles, cuando la familia m\u00e1s SONRIENTE, FELIZ y ENCANTADORA del mundo se muda a la casa de al lado&#8230; Y vivieron felices y comieron perdices. \u00a1JA! NO, LO SIENTO. ESTA HISTORIA NO ES AS\u00cd&#8230; Los Cretinos deciden deshacerse de los Encantadores COMO SEA, aunque esto implique tigres hambrientos y catapultas gigantes&#8230;<\/p>\n","protected":false},"excerpt":{"rendered":"<p>DAHL, ROALD \/ JAMES, GREG \/ SMITH, CHRIS<\/p>\n","protected":false},"featured_media":996770,"template":"","meta":{"_acf_changed":false,"om_disable_all_campaigns":false,"rs_blank_template":"","rs_page_bg_color":"","slide_template_v7":"","inline_featured_image":false,"_monsterinsights_skip_tracking":false,"_monsterinsights_sitenote_active":false,"_monsterinsights_sitenote_note":"","_monsterinsights_sitenote_category":0},"product_brand":[],"product_cat":[132,362],"product_tag":[],"class_list":{"0":"post-993535","1":"product","2":"type-product","3":"status-publish","4":"has-post-thumbnail","6":"product_cat-lectures-per-preadolescents-6-12-anys","7":"product_cat-libros-preadolescentes-6-12-anos","9":"first","10":"instock","11":"taxable","12":"shipping-taxable","13":"purchasable","14":"product-type-simple"},"acf":{"autor":"DAHL, ROALD \/ JAMES, GREG \/ SMITH, CHRIS","codart":"841968854","libros-coleccion":"Alfaguara Cl\u00e1sicos","ediciones":"1","encuadernacion":"Carton\u00e9","fecha_de_publicacion":"01\/11\/2024","novedad":"1","paginas":"252","subtitulo":"","orden":"0","portada":"0","idioma":"spa","editorial":[{"ID":6118,"post_author":"3","post_date":"2022-07-28 17:45:17","post_date_gmt":"2022-07-28 15:45:17","post_content":"","post_title":"ALFAGUARA","post_excerpt":"","post_status":"publish","comment_status":"closed","ping_status":"closed","post_password":"","post_name":"alfaguara","to_ping":"","pinged":"","post_modified":"2022-07-28 17:45:17","post_modified_gmt":"2022-07-28 15:45:17","post_content_filtered":"","post_parent":0,"guid":"http:\/\/dev.claret.cat\/editorial\/alfaguara\/","menu_order":0,"post_type":"editorial","post_mime_type":"","comment_count":"0","filter":"raw"}]},"aioseo_notices":[],"_links":{"self":[{"href":"https:\/\/www.claret.cat\/es\/wp-json\/wp\/v2\/product\/993535","targetHints":{"allow":["GET"]}}],"collection":[{"href":"https:\/\/www.claret.cat\/es\/wp-json\/wp\/v2\/product"}],"about":[{"href":"https:\/\/www.claret.cat\/es\/wp-json\/wp\/v2\/types\/product"}],"wp:featuredmedia":[{"embeddable":true,"href":"https:\/\/www.claret.cat\/es\/wp-json\/wp\/v2\/media\/996770"}],"wp:attachment":[{"href":"https:\/\/www.claret.cat\/es\/wp-json\/wp\/v2\/media?parent=993535"}],"wp:term":[{"taxonomy":"product_brand","embeddable":true,"href":"https:\/\/www.claret.cat\/es\/wp-json\/wp\/v2\/product_brand?post=993535"},{"taxonomy":"product_cat","embeddable":true,"href":"https:\/\/www.claret.cat\/es\/wp-json\/wp\/v2\/product_cat?post=993535"},{"taxonomy":"product_tag","embeddable":true,"href":"https:\/\/www.claret.cat\/es\/wp-json\/wp\/v2\/product_tag?post=993535"}],"curies":[{"name":"wp","href":"https:\/\/api.w.org\/{rel}","templated":true}]}}