{"id":993662,"date":"2024-11-26T11:15:16","date_gmt":"2024-11-26T10:15:16","guid":{"rendered":"https:\/\/www.claret.cat\/llibre\/cronica-de-una-muerte-anunciada-9788497592437\/"},"modified":"2025-04-09T17:25:13","modified_gmt":"2025-04-09T15:25:13","slug":"cronica-de-una-muerte-anunciada-9788497592437","status":"publish","type":"product","link":"https:\/\/www.claret.cat\/es\/libro\/cronica-de-una-muerte-anunciada-9788497592437\/","title":{"rendered":"CR\u00d3NICA DE UNA MUERTE ANUNCIADA"},"content":{"rendered":"<p>Acaso sea Cr\u00f3nica de una muerte anunciada la obra m\u00e1s \u00abrealista\u00bb de Gabriel Garc\u00eda M\u00e1rquez, pues se basa en un hecho hist\u00f3rico acontecido en la tierra natal del escritor. Cuando empieza la novela, ya se sabe que los hermanos Vicario van a matar a Santiago Nasar -de hecho, ya le han matado- para vengar el honor ultrajado de su hermana \u00c1ngela, pero el relato termina precisamente en el momento en que Santiago Nasar muere.<br \/>El tiempo c\u00edclico, tan utilizado por Garc\u00eda M\u00e1rquez en sus obras, reaparece aqu\u00ed minuciosamente descompuesto en cada uno de sus momentos, reconstruido prolija y exactamente por el narrador, que va dando cuenta de lo que sucedi\u00f3 mucho tiempo atr\u00e1s, que avanza y retrocede en su relato y hasta llega mucho tiempo despu\u00e9s para contar el destino de los supervivientes. La acci\u00f3n es, a un tiempo, colectiva y personal, clara y ambigua, y atrapa al lector desde un principio, aunque este conozca el desenlace de la trama. La dial\u00e9ctica entre mito y realidad se ve potenciada aqu\u00ed, una vez m\u00e1s, por una prosa tan cargada de fascinaci\u00f3n que la eleva hasta las fronteras de la leyenda.<\/p>\n","protected":false},"excerpt":{"rendered":"<p>GARC\u00cdA M\u00c1RQUEZ, GABRIEL<\/p>\n","protected":false},"featured_media":993663,"template":"","meta":{"_acf_changed":false,"om_disable_all_campaigns":false,"rs_blank_template":"","rs_page_bg_color":"","slide_template_v7":"","inline_featured_image":false,"_monsterinsights_skip_tracking":false,"_monsterinsights_sitenote_active":false,"_monsterinsights_sitenote_note":"","_monsterinsights_sitenote_category":0},"product_brand":[],"product_cat":[127,357],"product_tag":[],"class_list":{"0":"post-993662","1":"product","2":"type-product","3":"status-publish","4":"has-post-thumbnail","6":"product_cat-novella-contemporania","7":"product_cat-novela-contemporanea","9":"first","10":"instock","11":"taxable","12":"shipping-taxable","13":"purchasable","14":"product-type-simple"},"acf":{"autor":"GARC\u00cdA M\u00c1RQUEZ, GABRIEL","codart":"849759243","libros-coleccion":"","ediciones":"6","encuadernacion":"R\u00fastica","fecha_de_publicacion":"01\/02\/2007","novedad":"0","paginas":"136","subtitulo":"","orden":"999","portada":"0","idioma":"spa","editorial":[{"ID":148730,"post_author":"3","post_date":"2022-10-14 12:00:32","post_date_gmt":"2022-10-14 10:00:32","post_content":"","post_title":"RANDOM HOUSE MONDADORI","post_excerpt":"","post_status":"publish","comment_status":"closed","ping_status":"closed","post_password":"","post_name":"random-house-mondadori","to_ping":"","pinged":"","post_modified":"2022-10-14 12:00:32","post_modified_gmt":"2022-10-14 10:00:32","post_content_filtered":"","post_parent":0,"guid":"http:\/\/dev.claret.cat\/editorial\/random-house-mondadori\/","menu_order":0,"post_type":"editorial","post_mime_type":"","comment_count":"0","filter":"raw"}],"autores-libros":[{"ID":156520,"post_author":"3","post_date":"2022-10-14 15:21:28","post_date_gmt":"2022-10-14 13:21:28","post_content":"","post_title":"GABRIEL GARCIA MARQUEZ","post_excerpt":"","post_status":"publish","comment_status":"closed","ping_status":"closed","post_password":"","post_name":"gabriel-garcia-marquez","to_ping":"","pinged":"","post_modified":"2022-10-14 15:21:28","post_modified_gmt":"2022-10-14 13:21:28","post_content_filtered":"","post_parent":0,"guid":"http:\/\/dev.claret.cat\/autor\/gabriel-garcia-marquez\/","menu_order":0,"post_type":"autor","post_mime_type":"","comment_count":"0","filter":"raw"}],"booktrailer":"","resenas":""},"aioseo_notices":[],"_links":{"self":[{"href":"https:\/\/www.claret.cat\/es\/wp-json\/wp\/v2\/product\/993662","targetHints":{"allow":["GET"]}}],"collection":[{"href":"https:\/\/www.claret.cat\/es\/wp-json\/wp\/v2\/product"}],"about":[{"href":"https:\/\/www.claret.cat\/es\/wp-json\/wp\/v2\/types\/product"}],"wp:featuredmedia":[{"embeddable":true,"href":"https:\/\/www.claret.cat\/es\/wp-json\/wp\/v2\/media\/993663"}],"wp:attachment":[{"href":"https:\/\/www.claret.cat\/es\/wp-json\/wp\/v2\/media?parent=993662"}],"wp:term":[{"taxonomy":"product_brand","embeddable":true,"href":"https:\/\/www.claret.cat\/es\/wp-json\/wp\/v2\/product_brand?post=993662"},{"taxonomy":"product_cat","embeddable":true,"href":"https:\/\/www.claret.cat\/es\/wp-json\/wp\/v2\/product_cat?post=993662"},{"taxonomy":"product_tag","embeddable":true,"href":"https:\/\/www.claret.cat\/es\/wp-json\/wp\/v2\/product_tag?post=993662"}],"curies":[{"name":"wp","href":"https:\/\/api.w.org\/{rel}","templated":true}]}}