{"id":993779,"date":"2024-11-26T15:45:33","date_gmt":"2024-11-26T14:45:33","guid":{"rendered":"https:\/\/www.claret.cat\/llibre\/la-supraconsciencia-existeix-9788466432917\/"},"modified":"2026-04-16T13:00:45","modified_gmt":"2026-04-16T11:00:45","slug":"la-supraconsciencia-existeix-9788466432917","status":"publish","type":"product","link":"https:\/\/www.claret.cat\/es\/libro\/la-supraconsciencia-existeix-9788466432917\/","title":{"rendered":"LA SUPRACONSCI\u00c8NCIA EXISTEIX"},"content":{"rendered":"<p>Descobreix la veritat sobre les experi\u00e8ncies properes a la mort\u00a0amb el Dr. Manuel Sans Segarra\u00abHe comprovat que \u00e9s possible arribar a entrar en contacte amb la Supraconsci\u00e8ncia i, aix\u00ed, controlar l&#x2019;ego, aquesta falsa identitat que m&#x2019;agrada denominar el &#x201C;no jo&#x201D;, inhibint les seves quatre armes tan potents: la ignor\u00e0ncia, l&#x2019;afecci\u00f3 pel materialisme, l&#x2019;egoisme i la por. Qualsevol por \u00e9s, en el fons, por de la mort\u00bb.<br \/> El doctor Manuel Sans Segarra, prestigi\u00f3s cirurgi\u00e0 i pioner en la investigaci\u00f3 de la Supraconsci\u00e8ncia, juntament amb el periodista i emprenedor Juan Carlos Cebri\u00e1n, explora les experi\u00e8ncies properes a la mort (EPM) des d&#x2019;una perspectiva cient\u00edfica. A trav\u00e9s de casos documentats i l&#x2019;estudi de la f\u00edsica qu\u00e0ntica, aquest llibre ofereix una nova comprensi\u00f3 de la consci\u00e8ncia i la vida despr\u00e9s de la mort, desafiant les concepcions tradicionals de l&#x2019;exist\u00e8ncia i proporcionant una guia per superar les pors i ajudar-nos a reflexionar sobre la nostra pr\u00f2pia vida.<br \/> El llibre definitiu sobre el fenomen de les experi\u00e8ncies properes a la mort (EPM) i el seu poder per transformar les nostres vides.<\/p>\n","protected":false},"excerpt":{"rendered":"<p>DR. MANUEL SANS SEGARRA \/ CEBRI\u00c1N, JUAN CARLOS<\/p>\n","protected":false},"featured_media":1008834,"template":"","meta":{"_acf_changed":false,"om_disable_all_campaigns":false,"rs_blank_template":"","rs_page_bg_color":"","slide_template_v7":"","inline_featured_image":false,"_monsterinsights_skip_tracking":false,"_monsterinsights_sitenote_active":false,"_monsterinsights_sitenote_note":"","_monsterinsights_sitenote_category":0},"product_brand":[],"product_cat":[90,540],"product_tag":[],"class_list":{"0":"post-993779","1":"product","2":"type-product","3":"status-publish","4":"has-post-thumbnail","6":"product_cat-altres","7":"product_cat-otros","9":"first","10":"instock","11":"taxable","12":"shipping-taxable","13":"purchasable","14":"product-type-simple"},"acf":{"autor":"DR. MANUEL SANS SEGARRA \/ CEBRI\u00c1N, JUAN CARLOS","codart":"846643291","libros-coleccion":"NO FICCI\u00d3 COLUMNA","ediciones":"1","encuadernacion":"R\u00fastica","fecha_de_publicacion":"01\/11\/2024","novedad":"1","paginas":"248","subtitulo":"VIDA DESPR\u00c9S DE LA VIDA","orden":"0","portada":"0","idioma":"cat","editorial":[{"ID":6166,"post_author":"3","post_date":"2022-07-28 17:46:19","post_date_gmt":"2022-07-28 15:46:19","post_content":"","post_title":"Columna CAT","post_excerpt":"","post_status":"publish","comment_status":"closed","ping_status":"closed","post_password":"","post_name":"columna-cat","to_ping":"","pinged":"","post_modified":"2022-07-28 17:46:19","post_modified_gmt":"2022-07-28 15:46:19","post_content_filtered":"","post_parent":0,"guid":"http:\/\/dev.claret.cat\/editorial\/columna-cat\/","menu_order":0,"post_type":"editorial","post_mime_type":"","comment_count":"0","filter":"raw"}],"booktrailer":"","resenas":""},"aioseo_notices":[],"_links":{"self":[{"href":"https:\/\/www.claret.cat\/es\/wp-json\/wp\/v2\/product\/993779","targetHints":{"allow":["GET"]}}],"collection":[{"href":"https:\/\/www.claret.cat\/es\/wp-json\/wp\/v2\/product"}],"about":[{"href":"https:\/\/www.claret.cat\/es\/wp-json\/wp\/v2\/types\/product"}],"wp:featuredmedia":[{"embeddable":true,"href":"https:\/\/www.claret.cat\/es\/wp-json\/wp\/v2\/media\/1008834"}],"wp:attachment":[{"href":"https:\/\/www.claret.cat\/es\/wp-json\/wp\/v2\/media?parent=993779"}],"wp:term":[{"taxonomy":"product_brand","embeddable":true,"href":"https:\/\/www.claret.cat\/es\/wp-json\/wp\/v2\/product_brand?post=993779"},{"taxonomy":"product_cat","embeddable":true,"href":"https:\/\/www.claret.cat\/es\/wp-json\/wp\/v2\/product_cat?post=993779"},{"taxonomy":"product_tag","embeddable":true,"href":"https:\/\/www.claret.cat\/es\/wp-json\/wp\/v2\/product_tag?post=993779"}],"curies":[{"name":"wp","href":"https:\/\/api.w.org\/{rel}","templated":true}]}}