{"id":993830,"date":"2024-11-26T16:31:49","date_gmt":"2024-11-26T15:31:49","guid":{"rendered":"https:\/\/www.claret.cat\/llibre\/mandalas-para-colorear-la-navidad-todo-el-ano-9788448042127\/"},"modified":"2024-12-19T12:00:18","modified_gmt":"2024-12-19T11:00:18","slug":"mandalas-para-colorear-la-navidad-todo-el-ano-9788448042127","status":"publish","type":"product","link":"https:\/\/www.claret.cat\/es\/libro\/mandalas-para-colorear-la-navidad-todo-el-ano-9788448042127\/","title":{"rendered":"MANDALAS PARA COLOREAR LA NAVIDAD TODO EL A\u00d1O"},"content":{"rendered":"<p>Un libro para relajarte y mejorar tu concentraci\u00f3n mientras disfrutas de la Navidad cada d\u00eda.Descubre el maravilloso placer de colorear mandalas en tu d\u00eda a d\u00eda.<br \/> Mandalas para colorear la Navidad todo el a\u00f1o\u00a0es un libro que te invita a sumergirte en el mundo de los mandalas y la Navidad disfrutando de una experiencia relajante y creativa.<br \/> Con m\u00e1s de 200 mandalas cuidadosamente dise\u00f1ados, este libro ofrece una variedad de dise\u00f1os festivos, divertidos y hogare\u00f1os que te permitir\u00e1n mejorar tu concentraci\u00f3n y atenci\u00f3n plena. Podr\u00e1s desconectar de la tecnolog\u00eda, aliviar el estr\u00e9s, mejorar tu creatividad, y compartir momentos de tranquilidad y conexi\u00f3n con amigos y familiares.<\/p>\n","protected":false},"excerpt":{"rendered":"<p>AA. VV.<\/p>\n","protected":false},"featured_media":993856,"template":"","meta":{"_acf_changed":false,"om_disable_all_campaigns":false,"rs_blank_template":"","rs_page_bg_color":"","slide_template_v7":"","inline_featured_image":false,"_monsterinsights_skip_tracking":false,"_monsterinsights_sitenote_active":false,"_monsterinsights_sitenote_note":"","_monsterinsights_sitenote_category":0},"product_brand":[],"product_cat":[179,377,551,101],"product_tag":[],"class_list":{"0":"post-993830","1":"product","2":"type-product","3":"status-publish","4":"has-post-thumbnail","6":"product_cat-autoajuda-i-salut-mental","7":"product_cat-autoayuda-y-salud-mental","8":"product_cat-manualidades","9":"product_cat-manualitats","11":"first","12":"instock","13":"taxable","14":"shipping-taxable","15":"purchasable","16":"product-type-simple"},"acf":{"autor":"AA. VV.","codart":"844804212","libros-coleccion":"Pr\u00e1cticos","ediciones":"1","encuadernacion":"R\u00fastica","fecha_de_publicacion":"01\/11\/2024","novedad":"1","paginas":"304","subtitulo":"","orden":"0","portada":"0","idioma":"spa","editorial":[{"ID":148426,"post_author":"3","post_date":"2022-10-14 11:58:09","post_date_gmt":"2022-10-14 09:58:09","post_content":"","post_title":"LIBROS C\u00daPULA","post_excerpt":"","post_status":"publish","comment_status":"closed","ping_status":"closed","post_password":"","post_name":"libros-cupula","to_ping":"","pinged":"","post_modified":"2022-10-14 11:58:09","post_modified_gmt":"2022-10-14 09:58:09","post_content_filtered":"","post_parent":0,"guid":"http:\/\/dev.claret.cat\/editorial\/libros-cupula\/","menu_order":0,"post_type":"editorial","post_mime_type":"","comment_count":"0","filter":"raw"}]},"aioseo_notices":[],"_links":{"self":[{"href":"https:\/\/www.claret.cat\/es\/wp-json\/wp\/v2\/product\/993830","targetHints":{"allow":["GET"]}}],"collection":[{"href":"https:\/\/www.claret.cat\/es\/wp-json\/wp\/v2\/product"}],"about":[{"href":"https:\/\/www.claret.cat\/es\/wp-json\/wp\/v2\/types\/product"}],"wp:featuredmedia":[{"embeddable":true,"href":"https:\/\/www.claret.cat\/es\/wp-json\/wp\/v2\/media\/993856"}],"wp:attachment":[{"href":"https:\/\/www.claret.cat\/es\/wp-json\/wp\/v2\/media?parent=993830"}],"wp:term":[{"taxonomy":"product_brand","embeddable":true,"href":"https:\/\/www.claret.cat\/es\/wp-json\/wp\/v2\/product_brand?post=993830"},{"taxonomy":"product_cat","embeddable":true,"href":"https:\/\/www.claret.cat\/es\/wp-json\/wp\/v2\/product_cat?post=993830"},{"taxonomy":"product_tag","embeddable":true,"href":"https:\/\/www.claret.cat\/es\/wp-json\/wp\/v2\/product_tag?post=993830"}],"curies":[{"name":"wp","href":"https:\/\/api.w.org\/{rel}","templated":true}]}}