{"id":99388,"date":"2022-10-12T07:38:47","date_gmt":"2022-10-12T05:38:47","guid":{"rendered":"http:\/\/dev.claret.cat\/producte\/vivir-el-duelo\/"},"modified":"2025-01-20T09:50:10","modified_gmt":"2025-01-20T08:50:10","slug":"vivir-el-duelo-9788428555951","status":"publish","type":"product","link":"https:\/\/www.claret.cat\/es\/libro\/vivir-el-duelo-9788428555951\/","title":{"rendered":"VIVIR EL DUELO"},"content":{"rendered":"<p>\u00bfC\u00f3mo sobrevivir al dolor por la p\u00e9rdida de un ser querido? \u00bfC\u00f3mo encontrar razones para la esperanza cuando estamos hundidos por la ausencia? El autor aborda los temas de la fi delidad, la culpa, el perd\u00f3n, la fe y la reconciliaci\u00f3n a partir de su dilatada experiencia en el acompa\u00f1amiento espiritual a familias en duelo. La intenci\u00f3n del autor no es \u00abdar lecciones sobre la muerte, realizar un an\u00e1lisis psicol\u00f3gico del proceso del duelo ni tratar los ritos religiosos que acompa\u00f1an la marcha de un ser cercano\u00bb, sino, m\u00e1s bien, \u00abofrecer luz para unos y puntos de referencia para otros, y que caminemos todos juntos por la brecha abierta del duelo con palabras capaces de suscitar un poco de paz interior, provocar un arranque de vida, alimentar la compa\u00f1\u00eda o abrir al silencio de la meditaci\u00f3n\u00bb.<\/p>\n","protected":false},"excerpt":{"rendered":"<p>BAUDASS\u00c8, PHILIPPE<\/p>\n","protected":false},"featured_media":336822,"template":"","meta":{"_acf_changed":false,"om_disable_all_campaigns":false,"rs_blank_template":"","rs_page_bg_color":"","slide_template_v7":"","inline_featured_image":false,"_monsterinsights_skip_tracking":false,"_monsterinsights_sitenote_active":false,"_monsterinsights_sitenote_note":"","_monsterinsights_sitenote_category":0},"product_brand":[],"product_cat":[90,540],"product_tag":[],"class_list":{"0":"post-99388","1":"product","2":"type-product","3":"status-publish","4":"has-post-thumbnail","6":"product_cat-altres","7":"product_cat-otros","9":"first","10":"instock","11":"taxable","12":"shipping-taxable","13":"purchasable","14":"product-type-simple"},"acf":{"editorial":[{"ID":6356,"post_author":"3","post_date":"2022-07-28 17:50:26","post_date_gmt":"2022-07-28 15:50:26","post_content":"","post_title":"SAN PABLO COMUNICACI\u00d3N","post_excerpt":"","post_status":"publish","comment_status":"closed","ping_status":"closed","post_password":"","post_name":"san-pablo-comunicacion","to_ping":"","pinged":"","post_modified":"2022-07-28 17:50:26","post_modified_gmt":"2022-07-28 15:50:26","post_content_filtered":"","post_parent":0,"guid":"http:\/\/dev.claret.cat\/editorial\/san-pablo-comunicacion\/","menu_order":0,"post_type":"editorial","post_mime_type":"","comment_count":"0","filter":"raw"}],"autor":"BAUDASS\u00c8, PHILIPPE","codart":"842855595","libros-coleccion":"Vida Plena","ediciones":"1","encuadernacion":"R\u00fastica","fecha_de_publicacion":"01\/10\/2018","novedad":"1","paginas":"0","subtitulo":"","orden":"0","portada":"0","idioma":"spa","autores-libros":[{"ID":167188,"post_author":"3","post_date":"2022-10-14 18:09:14","post_date_gmt":"2022-10-14 16:09:14","post_content":"","post_title":"PHILIPPE BAUDASS\u00c9","post_excerpt":"","post_status":"publish","comment_status":"closed","ping_status":"closed","post_password":"","post_name":"philippe-baudasse","to_ping":"","pinged":"","post_modified":"2022-10-14 18:09:14","post_modified_gmt":"2022-10-14 16:09:14","post_content_filtered":"","post_parent":0,"guid":"http:\/\/dev.claret.cat\/autor\/philippe-baudasse\/","menu_order":0,"post_type":"autor","post_mime_type":"","comment_count":"0","filter":"raw"}]},"aioseo_notices":[],"_links":{"self":[{"href":"https:\/\/www.claret.cat\/es\/wp-json\/wp\/v2\/product\/99388","targetHints":{"allow":["GET"]}}],"collection":[{"href":"https:\/\/www.claret.cat\/es\/wp-json\/wp\/v2\/product"}],"about":[{"href":"https:\/\/www.claret.cat\/es\/wp-json\/wp\/v2\/types\/product"}],"wp:featuredmedia":[{"embeddable":true,"href":"https:\/\/www.claret.cat\/es\/wp-json\/wp\/v2\/media\/336822"}],"wp:attachment":[{"href":"https:\/\/www.claret.cat\/es\/wp-json\/wp\/v2\/media?parent=99388"}],"wp:term":[{"taxonomy":"product_brand","embeddable":true,"href":"https:\/\/www.claret.cat\/es\/wp-json\/wp\/v2\/product_brand?post=99388"},{"taxonomy":"product_cat","embeddable":true,"href":"https:\/\/www.claret.cat\/es\/wp-json\/wp\/v2\/product_cat?post=99388"},{"taxonomy":"product_tag","embeddable":true,"href":"https:\/\/www.claret.cat\/es\/wp-json\/wp\/v2\/product_tag?post=99388"}],"curies":[{"name":"wp","href":"https:\/\/api.w.org\/{rel}","templated":true}]}}