{"id":99404,"date":"2022-10-12T07:39:01","date_gmt":"2022-10-12T05:39:01","guid":{"rendered":"http:\/\/dev.claret.cat\/producte\/la-linea-del-tiempo-ciencia-y-tecnologia\/"},"modified":"2023-01-28T18:49:11","modified_gmt":"2023-01-28T17:49:11","slug":"la-linea-del-tiempo-ciencia-y-tecnologia-9788417708948","status":"publish","type":"product","link":"https:\/\/www.claret.cat\/es\/libro\/la-linea-del-tiempo-ciencia-y-tecnologia-9788417708948\/","title":{"rendered":"LA L\u00cdNEA DEL TIEMPO. CIENCIA Y TECNOLOG\u00cdA"},"content":{"rendered":"<p>Sigue la evoluci\u00f3n de la ingenier\u00eda desde la edad de piedra hasta la actualidad a trav\u00e9s de esta l\u00ednea del tiempo ilustrada. Un libro lleno de datos interesantes sobre el proceso de la metalurgia, el desarrollo de la primera pel\u00edcula en color y la aparici\u00f3n de YouTube. Conoce los primeros descubrimientos cient\u00edficos y a cient\u00edficos tan importantes como Vesalio, Alexander Fleming y Marie Curie.<\/p>\n<p>Un viaje impresionante a trav\u00e9s de la historia. Un viaje ilustrado por la historia de la evoluci\u00f3n tecnol\u00f3gica.<\/p>\n","protected":false},"excerpt":{"rendered":"<p>GOES, PETER<\/p>\n","protected":false},"featured_media":99405,"template":"","meta":{"_acf_changed":false,"om_disable_all_campaigns":false,"rs_blank_template":"","rs_page_bg_color":"","slide_template_v7":"","inline_featured_image":false,"_monsterinsights_skip_tracking":false,"_monsterinsights_sitenote_active":false,"_monsterinsights_sitenote_note":"","_monsterinsights_sitenote_category":0},"product_brand":[],"product_cat":[16],"product_tag":[],"class_list":{"0":"post-99404","1":"product","2":"type-product","3":"status-publish","4":"has-post-thumbnail","6":"product_cat-sense-categoria","8":"first","9":"instock","10":"taxable","11":"shipping-taxable","12":"purchasable","13":"product-type-simple"},"acf":{"editorial":[{"ID":6297,"post_author":"3","post_date":"2022-07-28 17:49:10","post_date_gmt":"2022-07-28 15:49:10","post_content":"","post_title":"Maeva Ediciones","post_excerpt":"","post_status":"publish","comment_status":"closed","ping_status":"closed","post_password":"","post_name":"maeva-ediciones","to_ping":"","pinged":"","post_modified":"2022-07-28 17:49:10","post_modified_gmt":"2022-07-28 15:49:10","post_content_filtered":"","post_parent":0,"guid":"http:\/\/dev.claret.cat\/editorial\/maeva-ediciones\/","menu_order":0,"post_type":"editorial","post_mime_type":"","comment_count":"0","filter":"raw"}],"autor":"GOES, PETER","codart":"841770894","libros-coleccion":"Libros para los que aman los libros","ediciones":"1","encuadernacion":"Carton\u00e9","fecha_de_publicacion":"01\/10\/2020","novedad":"1","paginas":"80","subtitulo":"UN LIBRO QUE COMPLEMENTA AL GRAN \u00c9XITO INTERNACIONAL DE LA L\u00cdNEA DEL TIEMPO","orden":"0","portada":"0","idioma":"spa","autores-libros":[{"ID":167096,"post_author":"3","post_date":"2022-10-14 18:08:30","post_date_gmt":"2022-10-14 16:08:30","post_content":"","post_title":"PETER GOES","post_excerpt":"","post_status":"publish","comment_status":"closed","ping_status":"closed","post_password":"","post_name":"peter-goes","to_ping":"","pinged":"","post_modified":"2022-10-14 18:08:30","post_modified_gmt":"2022-10-14 16:08:30","post_content_filtered":"","post_parent":0,"guid":"http:\/\/dev.claret.cat\/autor\/peter-goes\/","menu_order":0,"post_type":"autor","post_mime_type":"","comment_count":"0","filter":"raw"}]},"aioseo_notices":[],"_links":{"self":[{"href":"https:\/\/www.claret.cat\/es\/wp-json\/wp\/v2\/product\/99404","targetHints":{"allow":["GET"]}}],"collection":[{"href":"https:\/\/www.claret.cat\/es\/wp-json\/wp\/v2\/product"}],"about":[{"href":"https:\/\/www.claret.cat\/es\/wp-json\/wp\/v2\/types\/product"}],"wp:featuredmedia":[{"embeddable":true,"href":"https:\/\/www.claret.cat\/es\/wp-json\/wp\/v2\/media\/99405"}],"wp:attachment":[{"href":"https:\/\/www.claret.cat\/es\/wp-json\/wp\/v2\/media?parent=99404"}],"wp:term":[{"taxonomy":"product_brand","embeddable":true,"href":"https:\/\/www.claret.cat\/es\/wp-json\/wp\/v2\/product_brand?post=99404"},{"taxonomy":"product_cat","embeddable":true,"href":"https:\/\/www.claret.cat\/es\/wp-json\/wp\/v2\/product_cat?post=99404"},{"taxonomy":"product_tag","embeddable":true,"href":"https:\/\/www.claret.cat\/es\/wp-json\/wp\/v2\/product_tag?post=99404"}],"curies":[{"name":"wp","href":"https:\/\/api.w.org\/{rel}","templated":true}]}}