{"id":994230,"date":"2024-11-28T16:00:39","date_gmt":"2024-11-28T15:00:39","guid":{"rendered":"https:\/\/www.claret.cat\/llibre\/apocrifos-del-antiguo-testamento-introduccion-general-tomo-i-9788470576881\/"},"modified":"2026-03-04T18:01:43","modified_gmt":"2026-03-04T17:01:43","slug":"apocrifos-del-antiguo-testamento-introduccion-general-tomo-i-9788470576881","status":"publish","type":"product","link":"https:\/\/www.claret.cat\/es\/libro\/apocrifos-del-antiguo-testamento-introduccion-general-tomo-i-9788470576881\/","title":{"rendered":"AP\u00d3CRIFOS DEL ANTIGUO TESTAMENTO. INTRODUCCI\u00d3N GENERAL. TOMO I"},"content":{"rendered":"<p><span>La introducci\u00f3n general est\u00e1 articulada en tres partes. La primera, presenta la literatura ap\u00f3crifa en su conjunto. La segunda, enumera cada uno de los escritos que conpondr\u00e1n la colecci\u00f3n, sintetizando sus datos hist\u00f3ricos y sus contenidos. Por fin, una tercera parte est\u00e1 expresamente dedicada a la teolog\u00eda de los Ap\u00f3crifos, se\u00f1alando los aspectos que m\u00e1s ata\u00f1en a la teolog\u00eda de los Ap\u00f3crifos, se\u00f1alando los aspectos que m\u00e1s ata\u00f1en a la teolog\u00eda judaica y a la posterior teolog\u00eda cristiana.<\/span><\/p>\n","protected":false},"excerpt":{"rendered":"<p>DIEZ MACHO, ALEJANDRO<\/p>\n","protected":false},"featured_media":1079674,"template":"","meta":{"_acf_changed":false,"om_disable_all_campaigns":false,"rs_blank_template":"","rs_page_bg_color":"","slide_template_v7":"","inline_featured_image":false,"_monsterinsights_skip_tracking":false,"_monsterinsights_sitenote_active":false,"_monsterinsights_sitenote_note":"","_monsterinsights_sitenote_category":0},"product_brand":[],"product_cat":[385,208],"product_tag":[],"class_list":{"0":"post-994230","1":"product","2":"type-product","3":"status-publish","4":"has-post-thumbnail","6":"product_cat-apocrifos","7":"product_cat-apocrifs","9":"first","10":"instock","11":"taxable","12":"shipping-taxable","13":"purchasable","14":"product-type-simple"},"acf":{"autor":"DIEZ MACHO, ALEJANDRO","codart":"847057688","libros-coleccion":"AP\u00d3CRIFOS","ediciones":"1","encuadernacion":"R\u00fastica","fecha_de_publicacion":"20\/11\/2024","novedad":"1","paginas":"414","subtitulo":"","orden":"999","portada":"0","idioma":"spa","editorial":[{"ID":6173,"post_author":"3","post_date":"2022-07-28 17:46:28","post_date_gmt":"2022-07-28 15:46:28","post_content":"","post_title":"Cristiandad","post_excerpt":"","post_status":"publish","comment_status":"closed","ping_status":"closed","post_password":"","post_name":"cristiandad","to_ping":"","pinged":"","post_modified":"2022-07-28 17:46:28","post_modified_gmt":"2022-07-28 15:46:28","post_content_filtered":"","post_parent":0,"guid":"http:\/\/dev.claret.cat\/editorial\/cristiandad\/","menu_order":0,"post_type":"editorial","post_mime_type":"","comment_count":"0","filter":"raw"}],"booktrailer":"","resenas":""},"aioseo_notices":[],"_links":{"self":[{"href":"https:\/\/www.claret.cat\/es\/wp-json\/wp\/v2\/product\/994230","targetHints":{"allow":["GET"]}}],"collection":[{"href":"https:\/\/www.claret.cat\/es\/wp-json\/wp\/v2\/product"}],"about":[{"href":"https:\/\/www.claret.cat\/es\/wp-json\/wp\/v2\/types\/product"}],"wp:featuredmedia":[{"embeddable":true,"href":"https:\/\/www.claret.cat\/es\/wp-json\/wp\/v2\/media\/1079674"}],"wp:attachment":[{"href":"https:\/\/www.claret.cat\/es\/wp-json\/wp\/v2\/media?parent=994230"}],"wp:term":[{"taxonomy":"product_brand","embeddable":true,"href":"https:\/\/www.claret.cat\/es\/wp-json\/wp\/v2\/product_brand?post=994230"},{"taxonomy":"product_cat","embeddable":true,"href":"https:\/\/www.claret.cat\/es\/wp-json\/wp\/v2\/product_cat?post=994230"},{"taxonomy":"product_tag","embeddable":true,"href":"https:\/\/www.claret.cat\/es\/wp-json\/wp\/v2\/product_tag?post=994230"}],"curies":[{"name":"wp","href":"https:\/\/api.w.org\/{rel}","templated":true}]}}