{"id":994375,"date":"2024-11-29T13:15:02","date_gmt":"2024-11-29T12:15:02","guid":{"rendered":"https:\/\/www.claret.cat\/llibre\/un-alma-gotica-9788419930095\/"},"modified":"2025-11-04T18:25:48","modified_gmt":"2025-11-04T17:25:48","slug":"un-alma-gotica-9788419930095","status":"publish","type":"product","link":"https:\/\/www.claret.cat\/es\/libro\/un-alma-gotica-9788419930095\/","title":{"rendered":"UN ALMA G\u00d3TICA"},"content":{"rendered":"<p>Seg\u00fan el propio Kar\u00e1sek:<\/p>\n<p>\u00abUn alma g\u00f3tica no es una novela en el sentido habitual de la palabra. Es un diario emotivo y caprichoso compuesto de una sucesi\u00f3n inconstante de representaciones del mundo espiritual; es una colecci\u00f3n de relatos del alma, de todo lo que estremece al ser bajo el influjo de los matices, los aromas y los sobresaltos del mundo real; es la quimera de un so\u00f1ador que quiso embriagarse de vida, en torno a quien el sue\u00f1o de la vida sigui\u00f3 agit\u00e1ndose como un velo imposible de apartar y estima que en la vida es necesario que ese sue\u00f1o, la tragedia de tal espejismo, se materialice: esa es la esencia de mi obra.<\/p>\n<p>Apenas hay en ella una trama: el h\u00e9roe se limita a recorrer su habitaci\u00f3n de un lado a otro o a deambular por las calles cavilando. Un h\u00e9roe sin nombre, sin aparentes preocupaciones, libre de calamidades ajenas y apartado de cualquier realidad, de cualquier materia. En lugar de una trama, de una conjunci\u00f3n de sucesos y episodios, se presenta aqu\u00ed un singular \u00ablienzo del alma\u00bb, intacto ante los pormenores del argumento, un incesante discurso que avanza, un flujo de conciencia\u00bb.<\/p>\n<p>Un alma g\u00f3tica es la obra m\u00e1s aclamada del decadentismo literario checo. Jir\u00ed Kar\u00e1sek se sumerge en esta novela corta en las simas de la subjetividad humana y huye del sentimentalismo para abrirse paso a trav\u00e9s de los abismos m\u00e1s oscuros del alma, donde habitan los deseos inconfesables, los pensamientos alucinatorios y, en \u00faltima instancia, la locura.<\/p>\n","protected":false},"excerpt":{"rendered":"<p>KAR\u00c1SEK, JIR\u00cd<\/p>\n","protected":false},"featured_media":1063780,"template":"","meta":{"_acf_changed":false,"om_disable_all_campaigns":false,"rs_blank_template":"","rs_page_bg_color":"","slide_template_v7":"","inline_featured_image":false,"_monsterinsights_skip_tracking":false,"_monsterinsights_sitenote_active":false,"_monsterinsights_sitenote_note":"","_monsterinsights_sitenote_category":0},"product_brand":[],"product_cat":[127,357],"product_tag":[],"class_list":{"0":"post-994375","1":"product","2":"type-product","3":"status-publish","4":"has-post-thumbnail","6":"product_cat-novella-contemporania","7":"product_cat-novela-contemporanea","9":"first","10":"instock","11":"taxable","12":"shipping-taxable","13":"purchasable","14":"product-type-simple"},"acf":{"autor":"KAR\u00c1SEK, JIR\u00cd","codart":"841993009","libros-coleccion":"FORA DE COL.LECCI\u00d3","ediciones":"1","encuadernacion":"R\u00fastica","fecha_de_publicacion":"01\/08\/2024","novedad":"1","paginas":"144","subtitulo":"","orden":"0","portada":"0","idioma":"spa","editorial":[{"ID":995654,"post_author":"3","post_date":"2024-12-11 13:11:23","post_date_gmt":"2024-12-11 12:11:23","post_content":"","post_title":"Caleidoscopio de libros","post_excerpt":"","post_status":"publish","comment_status":"closed","ping_status":"closed","post_password":"","post_name":"caleidoscopio-de-libros","to_ping":"","pinged":"","post_modified":"2024-12-11 13:11:23","post_modified_gmt":"2024-12-11 12:11:23","post_content_filtered":"","post_parent":0,"guid":"https:\/\/www.claret.cat\/editorial\/caleidoscopio-de-libros\/","menu_order":0,"post_type":"editorial","post_mime_type":"","comment_count":"0","filter":"raw"}],"booktrailer":"","resenas":""},"aioseo_notices":[],"_links":{"self":[{"href":"https:\/\/www.claret.cat\/es\/wp-json\/wp\/v2\/product\/994375","targetHints":{"allow":["GET"]}}],"collection":[{"href":"https:\/\/www.claret.cat\/es\/wp-json\/wp\/v2\/product"}],"about":[{"href":"https:\/\/www.claret.cat\/es\/wp-json\/wp\/v2\/types\/product"}],"wp:featuredmedia":[{"embeddable":true,"href":"https:\/\/www.claret.cat\/es\/wp-json\/wp\/v2\/media\/1063780"}],"wp:attachment":[{"href":"https:\/\/www.claret.cat\/es\/wp-json\/wp\/v2\/media?parent=994375"}],"wp:term":[{"taxonomy":"product_brand","embeddable":true,"href":"https:\/\/www.claret.cat\/es\/wp-json\/wp\/v2\/product_brand?post=994375"},{"taxonomy":"product_cat","embeddable":true,"href":"https:\/\/www.claret.cat\/es\/wp-json\/wp\/v2\/product_cat?post=994375"},{"taxonomy":"product_tag","embeddable":true,"href":"https:\/\/www.claret.cat\/es\/wp-json\/wp\/v2\/product_tag?post=994375"}],"curies":[{"name":"wp","href":"https:\/\/api.w.org\/{rel}","templated":true}]}}