{"id":994575,"date":"2024-12-02T16:45:02","date_gmt":"2024-12-02T15:45:02","guid":{"rendered":"https:\/\/www.claret.cat\/llibre\/el-gran-juego-de-la-biblia-tercera-edicion-revisada-9782359207644\/"},"modified":"2026-02-24T11:30:20","modified_gmt":"2026-02-24T10:30:20","slug":"el-gran-juego-de-la-biblia-tercera-edicion-revisada-9782359207644","status":"publish","type":"product","link":"https:\/\/www.claret.cat\/es\/libro\/el-gran-juego-de-la-biblia-tercera-edicion-revisada-9782359207644\/","title":{"rendered":"EL GRAN JUEGO DE LA BIBLIA (TERCERA EDICI\u00d3N REVISADA)"},"content":{"rendered":"<p>Tras el gran \u00e9xito de la primera edici\u00f3n de El Gran Juego de la Biblia&#8230; Hemos reeditado el juego b\u00edblico m\u00e1s completo del mercado.<\/p>\n<p>\u00bfQu\u00e9 \u00e9s el Gran Juego de la Biblia?<br \/>El Gran Juego de la Biblia es el juego de mesa sobre conocimiento b\u00edblico m\u00e1s completo del mercado. Producido por Abba, distribuidora cristiana y Gifts and Light, pretende llenar un vac\u00edo muy grande que hay en el mundo cristiano en cu\u00e1nto a juegos se trata.<\/p>\n<p>\u00bfC\u00f3mo se juega al Gran Juego de la Biblia? (Ver v\u00eddeo al final de la descripci\u00f3n o en Youtube)<br \/>El Gran Juego de la Biblia est\u00e1 pensado para jugar en equipos, consiste en 6 pruebas diferentes que tu equipo tiene que ir superando para conseguir ganar. Estas son las seis pruebas que hay en el juego:<\/p>\n<p>1) Pregunta B\u00edblica. \u00bfSabr\u00edas responder a preguntas c\u00f3mo&#8230;\u00bfQui\u00e9n fue la madre de Salom\u00f3n?<br \/>2) M\u00edmica. \u00bfSabr\u00edas usando s\u00f3lo gestos, describir una palabra como enloquecer?<br \/>3) Palabra prohibida. \u00bfSabr\u00edas definir a Rahab sin usar las palabras ramera, Jeric\u00f3, ventana, se\u00f1al y esp\u00edas?<br \/>4) Palabra escondida: \u00bfY qu\u00e9 palabra se esconde en este vers\u00edculo: &#8216;Todo tiene su tiempo, y todo lo que se quiere debajo del cielo tiene su_______'(Eclesiast\u00e9s 3:1)<br \/>5) Dib\u00fajalo. \u00bfC\u00f3mo dibujar\u00edas la palabra Apocalipsis?<br \/>6) El desaf\u00edo. S\u00e9 el m\u00e1s r\u00e1pido en adivinar la palabra b\u00edblica cuando te dan su definici\u00f3n. P.E: Empieza por la &#8216;A&#8217;. Esposa de David, despu\u00e9s de serlo de Nabal.<\/p>\n<p>Con m\u00e1s de 2000 pruebas y preguntas, con este juego aprender\u00e1s mientras te diviertes poniendo a prueba tus conocimientos acerca del Libro de los libros. Un juego por equipos ideal para jugar en familia, en la iglesia, grupos de j\u00f3venes, retiros&#8230; o all\u00ed con y d\u00f3nde quieras.<\/p>\n<p>Calidad<br \/>La filosof\u00eda de Abba y Gifts and Light siempre ha sido trabajar con excelencia para Dios, es por ello que no hemos escatimado recursos para producir el juego con los m\u00e1ximos est\u00e1ndares de calidad. El juego ha sido producido en la misma f\u00e1brica d\u00f3nde se producen juegos tan conocidos como el Trivial Pursuit, el Monopoly, entre muchos otros&#8230;<\/p>\n","protected":false},"excerpt":{"rendered":"<p>ABBA GIFTS<\/p>\n","protected":false},"featured_media":1085720,"template":"","meta":{"_acf_changed":false,"om_disable_all_campaigns":false,"rs_blank_template":"","rs_page_bg_color":"","slide_template_v7":"","inline_featured_image":false,"_monsterinsights_skip_tracking":false,"_monsterinsights_sitenote_active":false,"_monsterinsights_sitenote_note":"","_monsterinsights_sitenote_category":0},"product_brand":[],"product_cat":[420,296],"product_tag":[],"class_list":{"0":"post-994575","1":"product","2":"type-product","3":"status-publish","4":"has-post-thumbnail","6":"product_cat-biblias","7":"product_cat-biblies","9":"first","10":"outofstock","11":"taxable","12":"shipping-taxable","13":"purchasable","14":"product-type-simple"},"acf":{"autor":"ABBA GIFTS","codart":"235920764","libros-coleccion":"","ediciones":"1","encuadernacion":"R\u00fastica","fecha_de_publicacion":"02\/12\/2024","novedad":"1","paginas":"1","subtitulo":"","orden":"0","portada":"0","idioma":"spa","editorial":[{"ID":946057,"post_author":"3","post_date":"2023-12-23 13:45:38","post_date_gmt":"2023-12-23 12:45:38","post_content":"","post_title":"ABBA GIFTS","post_excerpt":"","post_status":"publish","comment_status":"closed","ping_status":"closed","post_password":"","post_name":"abba-gifts","to_ping":"","pinged":"","post_modified":"2023-12-23 13:45:38","post_modified_gmt":"2023-12-23 12:45:38","post_content_filtered":"","post_parent":0,"guid":"https:\/\/www.claret.cat\/editorial\/abba-gifts\/","menu_order":0,"post_type":"editorial","post_mime_type":"","comment_count":"0","filter":"raw"}],"booktrailer":"","resenas":""},"aioseo_notices":[],"_links":{"self":[{"href":"https:\/\/www.claret.cat\/es\/wp-json\/wp\/v2\/product\/994575","targetHints":{"allow":["GET"]}}],"collection":[{"href":"https:\/\/www.claret.cat\/es\/wp-json\/wp\/v2\/product"}],"about":[{"href":"https:\/\/www.claret.cat\/es\/wp-json\/wp\/v2\/types\/product"}],"wp:featuredmedia":[{"embeddable":true,"href":"https:\/\/www.claret.cat\/es\/wp-json\/wp\/v2\/media\/1085720"}],"wp:attachment":[{"href":"https:\/\/www.claret.cat\/es\/wp-json\/wp\/v2\/media?parent=994575"}],"wp:term":[{"taxonomy":"product_brand","embeddable":true,"href":"https:\/\/www.claret.cat\/es\/wp-json\/wp\/v2\/product_brand?post=994575"},{"taxonomy":"product_cat","embeddable":true,"href":"https:\/\/www.claret.cat\/es\/wp-json\/wp\/v2\/product_cat?post=994575"},{"taxonomy":"product_tag","embeddable":true,"href":"https:\/\/www.claret.cat\/es\/wp-json\/wp\/v2\/product_tag?post=994575"}],"curies":[{"name":"wp","href":"https:\/\/api.w.org\/{rel}","templated":true}]}}