{"id":994739,"date":"2024-12-03T16:55:02","date_gmt":"2024-12-03T15:55:02","guid":{"rendered":"https:\/\/www.claret.cat\/llibre\/por-que-creo-9788422016120\/"},"modified":"2024-12-03T16:55:20","modified_gmt":"2024-12-03T15:55:20","slug":"por-que-creo-9788422016120","status":"publish","type":"product","link":"https:\/\/www.claret.cat\/es\/libro\/por-que-creo-9788422016120\/","title":{"rendered":"\u00bfPOR QU\u00c9 CREO?"},"content":{"rendered":"<p>Con motivo del A\u00f1o de la Fe, se publica este libro que pretende responder a algu\u00acnos de los grandes interrogantes que se plantea el hombre de fe: \u00bfSe puede demostrar la existencia de Dios? \u00bfEs compatible la teor\u00eda de la evoluci\u00f3n con la fe? \u00bfPor qu\u00e9 es tan exigente la moral de la Iglesia? \u00bfExisten el cielo y el infierno? El libro se estructura en forma de preguntas que se pueden seleccionar desde el \u00edndice. Se ha buscado un lenguaje coloquial, pero sin olvidar la seriedad de una argumentaci\u00f3n que nos conduzca a la verdad.<\/p>\n","protected":false},"excerpt":{"rendered":"<p>SAY\u00c9S, JOS\u00c9 ANTONIO<\/p>\n","protected":false},"featured_media":994740,"template":"","meta":{"_acf_changed":false,"om_disable_all_campaigns":false,"rs_blank_template":"","rs_page_bg_color":"","slide_template_v7":"","inline_featured_image":false,"_monsterinsights_skip_tracking":false,"_monsterinsights_sitenote_active":false,"_monsterinsights_sitenote_note":"","_monsterinsights_sitenote_category":0},"product_brand":[],"product_cat":[90,540],"product_tag":[],"class_list":{"0":"post-994739","1":"product","2":"type-product","3":"status-publish","4":"has-post-thumbnail","6":"product_cat-altres","7":"product_cat-otros","9":"first","10":"instock","11":"taxable","12":"shipping-taxable","13":"purchasable","14":"product-type-simple"},"acf":{"autor":"SAY\u00c9S, JOS\u00c9 ANTONIO","codart":"842201612","libros-coleccion":"","ediciones":"1","encuadernacion":"R\u00fastica","fecha_de_publicacion":"01\/11\/2012","novedad":"0","paginas":"96","subtitulo":"LAS PREGUNTAS DE LA FE","orden":"999","portada":"0","idioma":"spa","editorial":[{"ID":6143,"post_author":"3","post_date":"2022-07-28 17:45:48","post_date_gmt":"2022-07-28 15:45:48","post_content":"","post_title":"BIBLIOTECA AUTORES CRISTIANOS","post_excerpt":"","post_status":"publish","comment_status":"closed","ping_status":"closed","post_password":"","post_name":"biblioteca-autores-cristianos","to_ping":"","pinged":"","post_modified":"2022-07-28 17:45:48","post_modified_gmt":"2022-07-28 15:45:48","post_content_filtered":"","post_parent":0,"guid":"http:\/\/dev.claret.cat\/editorial\/biblioteca-autores-cristianos\/","menu_order":0,"post_type":"editorial","post_mime_type":"","comment_count":"0","filter":"raw"}],"autores-libros":[{"ID":160195,"post_author":"3","post_date":"2022-10-14 15:51:04","post_date_gmt":"2022-10-14 13:51:04","post_content":"","post_title":"JOSE ANTONIO SAYES","post_excerpt":"","post_status":"publish","comment_status":"closed","ping_status":"closed","post_password":"","post_name":"jose-antonio-sayes","to_ping":"","pinged":"","post_modified":"2022-10-14 15:51:04","post_modified_gmt":"2022-10-14 13:51:04","post_content_filtered":"","post_parent":0,"guid":"http:\/\/dev.claret.cat\/autor\/jose-antonio-sayes\/","menu_order":0,"post_type":"autor","post_mime_type":"","comment_count":"0","filter":"raw"}]},"aioseo_notices":[],"_links":{"self":[{"href":"https:\/\/www.claret.cat\/es\/wp-json\/wp\/v2\/product\/994739","targetHints":{"allow":["GET"]}}],"collection":[{"href":"https:\/\/www.claret.cat\/es\/wp-json\/wp\/v2\/product"}],"about":[{"href":"https:\/\/www.claret.cat\/es\/wp-json\/wp\/v2\/types\/product"}],"wp:featuredmedia":[{"embeddable":true,"href":"https:\/\/www.claret.cat\/es\/wp-json\/wp\/v2\/media\/994740"}],"wp:attachment":[{"href":"https:\/\/www.claret.cat\/es\/wp-json\/wp\/v2\/media?parent=994739"}],"wp:term":[{"taxonomy":"product_brand","embeddable":true,"href":"https:\/\/www.claret.cat\/es\/wp-json\/wp\/v2\/product_brand?post=994739"},{"taxonomy":"product_cat","embeddable":true,"href":"https:\/\/www.claret.cat\/es\/wp-json\/wp\/v2\/product_cat?post=994739"},{"taxonomy":"product_tag","embeddable":true,"href":"https:\/\/www.claret.cat\/es\/wp-json\/wp\/v2\/product_tag?post=994739"}],"curies":[{"name":"wp","href":"https:\/\/api.w.org\/{rel}","templated":true}]}}