{"id":994763,"date":"2024-12-03T17:15:21","date_gmt":"2024-12-03T16:15:21","guid":{"rendered":"https:\/\/www.claret.cat\/llibre\/el-arte-de-innovar-9788418223570\/"},"modified":"2026-02-02T11:17:11","modified_gmt":"2026-02-02T10:17:11","slug":"el-arte-de-innovar-9788418223570","status":"publish","type":"product","link":"https:\/\/www.claret.cat\/es\/libro\/el-arte-de-innovar-9788418223570\/","title":{"rendered":"EL ARTE DE INNOVAR"},"content":{"rendered":"<p>Un manual de sabidur\u00eda cl\u00e1sica para fomentar la innovaci\u00f3n y el pensamiento creativo, con textos seleccionados de Arist\u00f3teles y otros pensadores griegos que ilustran los principios atemporales de la creatividad.Cuando se trata de innovaci\u00f3n y pensamiento creativo, tenemos mucho que aprender de los antiguos griegos, uno de los pueblos m\u00e1s ingeniosos de todos los tiempos, que cambiaron el mundo con invenciones asombrosas: la democracia, el alfabeto, la filosof\u00eda, las matem\u00e1ticas, el teatro y el atletismo competitivo, por mencionar algunas. Nada de esto sucedi\u00f3 por casualidad. Reconociendo el poder de lo nuevo y tratando de comprender y fomentar las condiciones que lo hacen posible, los griegos fueron los primeros en escribir sobre innovaci\u00f3n.Este libro es una introducci\u00f3n atractiva y amena a las ideas clave sobre la innovaci\u00f3n en la antigua Grecia, con ejemplos ilustrativos como la historia real del famoso \u00a1Eureka! de Arqu\u00edmedes, la reflexi\u00f3n de Arist\u00f3teles sobre el cambio f\u00edsico o los relatos de c\u00f3mo la disrupci\u00f3n y el pensamiento creativo impulsan la innovaci\u00f3n en distintas \u00e1reas.El arte de innovar es un manual lleno de ideas valiosas sobre las condiciones necesarias para lograr el cambio. Una magn\u00edfica selecci\u00f3n de textos que muestran los principios atemporales de la creatividad: la apropiaci\u00f3n o adaptaci\u00f3n de ideas o cosas existentes, la capacidad de conectar elementos dispares y una mirada cr\u00edtica sobre el statu quoLa cr\u00edtica ha dicho?\u00abHay un misterio insondable en el coraz\u00f3n de la innovaci\u00f3n. Pero los antiguos griegos supieron analizarlo mejor que nadie, y este libro explica sus principios con una claridad extraordinaria y sin precedentes. Cualquier persona interesada en innovar deber\u00eda leerlo.\u00bb Satoshi Nakamoto, creador\/es de Bitcoin\u00abRecurriendo a Arist\u00f3teles y otros escritores griegos, Armand D?Angour nos revela las claves de la curiosidad, la creatividad y la invenci\u00f3n. El arte de innovar est\u00e1 repleto de ideas que inspirar\u00e1n a visionarios y creadores de todo tipo.\u00bb Adrienne Mayor, autora de Gods and Robots\u00abSi quiere ser m\u00e1s innovador, debes vivir y trabajar cerca de personas innovadoras. D&#8221;Angour nos demuestra que conocemos los beneficios desde hace mucho tiempo. No deber\u00eda sorprendernos encontrar ideas tan modernas en textos tan antiguos&#8230; Sin embargo, podemos estar agradecidos a D&#8221;Angour por este estimulante recordatorio.\u00bb Joel J. Miller, Instituto Circe<\/p>\n","protected":false},"excerpt":{"rendered":"<p>ARIST\u00d3TELES<\/p>\n","protected":false},"featured_media":994764,"template":"","meta":{"_acf_changed":false,"om_disable_all_campaigns":false,"rs_blank_template":"","rs_page_bg_color":"","slide_template_v7":"","inline_featured_image":false,"_monsterinsights_skip_tracking":false,"_monsterinsights_sitenote_active":false,"_monsterinsights_sitenote_note":"","_monsterinsights_sitenote_category":0},"product_brand":[],"product_cat":[90,540],"product_tag":[],"class_list":{"0":"post-994763","1":"product","2":"type-product","3":"status-publish","4":"has-post-thumbnail","6":"product_cat-altres","7":"product_cat-otros","9":"first","10":"instock","11":"taxable","12":"shipping-taxable","13":"purchasable","14":"product-type-simple"},"acf":{"autor":"ARIST\u00d3TELES","codart":"841822357","libros-coleccion":"FORA DE COL.LECCI\u00d3","ediciones":"1","encuadernacion":"R\u00fastica","fecha_de_publicacion":"01\/09\/2022","novedad":"1","paginas":"0","subtitulo":"UN MANUAL DE SABIDUR\u00cdA CL\u00c1SICA SOBRE INNOVACI\u00d3N Y PENSAMIENTO CREATIVO","orden":"0","portada":"0","idioma":"spa","editorial":[{"ID":6204,"post_author":"3","post_date":"2022-07-28 17:47:05","post_date_gmt":"2022-07-28 15:47:05","post_content":"","post_title":"Ediciones Koan","post_excerpt":"","post_status":"publish","comment_status":"closed","ping_status":"closed","post_password":"","post_name":"ediciones-koan","to_ping":"","pinged":"","post_modified":"2022-07-28 17:47:05","post_modified_gmt":"2022-07-28 15:47:05","post_content_filtered":"","post_parent":0,"guid":"http:\/\/dev.claret.cat\/editorial\/ediciones-koan\/","menu_order":0,"post_type":"editorial","post_mime_type":"","comment_count":"0","filter":"raw"}],"booktrailer":"","resenas":""},"aioseo_notices":[],"_links":{"self":[{"href":"https:\/\/www.claret.cat\/es\/wp-json\/wp\/v2\/product\/994763","targetHints":{"allow":["GET"]}}],"collection":[{"href":"https:\/\/www.claret.cat\/es\/wp-json\/wp\/v2\/product"}],"about":[{"href":"https:\/\/www.claret.cat\/es\/wp-json\/wp\/v2\/types\/product"}],"wp:featuredmedia":[{"embeddable":true,"href":"https:\/\/www.claret.cat\/es\/wp-json\/wp\/v2\/media\/994764"}],"wp:attachment":[{"href":"https:\/\/www.claret.cat\/es\/wp-json\/wp\/v2\/media?parent=994763"}],"wp:term":[{"taxonomy":"product_brand","embeddable":true,"href":"https:\/\/www.claret.cat\/es\/wp-json\/wp\/v2\/product_brand?post=994763"},{"taxonomy":"product_cat","embeddable":true,"href":"https:\/\/www.claret.cat\/es\/wp-json\/wp\/v2\/product_cat?post=994763"},{"taxonomy":"product_tag","embeddable":true,"href":"https:\/\/www.claret.cat\/es\/wp-json\/wp\/v2\/product_tag?post=994763"}],"curies":[{"name":"wp","href":"https:\/\/api.w.org\/{rel}","templated":true}]}}