{"id":99500,"date":"2022-10-12T07:40:20","date_gmt":"2022-10-12T05:40:20","guid":{"rendered":"http:\/\/dev.claret.cat\/producte\/a-casa-diari-grafic-del-confinament\/"},"modified":"2025-03-03T16:36:15","modified_gmt":"2025-03-03T15:36:15","slug":"a-casa-diari-grafic-del-confinament-9788417638887","status":"publish","type":"product","link":"https:\/\/www.claret.cat\/es\/libro\/a-casa-diari-grafic-del-confinament-9788417638887\/","title":{"rendered":"A CASA. DIARI GR\u00c0FIC DEL CONFINAMENT"},"content":{"rendered":"<p>El 12 de mar\u00e7 de 2020 Goyo Rodr\u00edguez publica una il\u00b7lustraci\u00f3. Un rostre hum\u00e0 amb la boca tapada per una m\u00e0scara en forma de casa. La casa \u00e9s el paradigma de totes les cases, aquelles en les quals ens tancar\u00edem dos dies despr\u00e9s. La casa, la llar, es va convertir en l&#8221;\u00fanic lloc segur del m\u00f3n i tamb\u00e9 des d&#8221;on mir\u00e0vem un entorn que mai vam pensar que veur\u00edem.<\/p>\n","protected":false},"excerpt":{"rendered":"<p>RODR\u00cdGUEZ, GOYO<\/p>\n","protected":false},"featured_media":99501,"template":"","meta":{"_acf_changed":false,"om_disable_all_campaigns":false,"rs_blank_template":"","rs_page_bg_color":"","slide_template_v7":"","inline_featured_image":false,"_monsterinsights_skip_tracking":false,"_monsterinsights_sitenote_active":false,"_monsterinsights_sitenote_note":"","_monsterinsights_sitenote_category":0},"product_brand":[],"product_cat":[114,563],"product_tag":[],"class_list":{"0":"post-99500","1":"product","2":"type-product","3":"status-publish","4":"has-post-thumbnail","6":"product_cat-humor-grafic","7":"product_cat-humor-grafico","9":"first","10":"instock","11":"taxable","12":"shipping-taxable","13":"purchasable","14":"product-type-simple"},"acf":{"autor":"RODR\u00cdGUEZ, GOYO","codart":"841763888","libros-coleccion":"FORA DE COL.LECCI\u00d3","ediciones":"1","encuadernacion":"Carton\u00e9","fecha_de_publicacion":"01\/10\/2020","novedad":"1","paginas":"72","subtitulo":"","orden":"0","portada":"0","idioma":"cat","editorial":[{"ID":148609,"post_author":"3","post_date":"2022-10-14 11:59:35","post_date_gmt":"2022-10-14 09:59:35","post_content":"","post_title":"Onada Edicions SL","post_excerpt":"","post_status":"publish","comment_status":"closed","ping_status":"closed","post_password":"","post_name":"onada-edicions-sl","to_ping":"","pinged":"","post_modified":"2022-10-14 11:59:35","post_modified_gmt":"2022-10-14 09:59:35","post_content_filtered":"","post_parent":0,"guid":"http:\/\/dev.claret.cat\/editorial\/onada-edicions-sl\/","menu_order":0,"post_type":"editorial","post_mime_type":"","comment_count":"0","filter":"raw"}],"autores-libros":[{"ID":157082,"post_author":"3","post_date":"2022-10-14 15:25:58","post_date_gmt":"2022-10-14 13:25:58","post_content":"","post_title":"GOYO RODR\u00cdGUEZ","post_excerpt":"","post_status":"publish","comment_status":"closed","ping_status":"closed","post_password":"","post_name":"goyo-rodriguez","to_ping":"","pinged":"","post_modified":"2022-10-14 15:25:58","post_modified_gmt":"2022-10-14 13:25:58","post_content_filtered":"","post_parent":0,"guid":"http:\/\/dev.claret.cat\/autor\/goyo-rodriguez\/","menu_order":0,"post_type":"autor","post_mime_type":"","comment_count":"0","filter":"raw"}]},"aioseo_notices":[],"_links":{"self":[{"href":"https:\/\/www.claret.cat\/es\/wp-json\/wp\/v2\/product\/99500","targetHints":{"allow":["GET"]}}],"collection":[{"href":"https:\/\/www.claret.cat\/es\/wp-json\/wp\/v2\/product"}],"about":[{"href":"https:\/\/www.claret.cat\/es\/wp-json\/wp\/v2\/types\/product"}],"wp:featuredmedia":[{"embeddable":true,"href":"https:\/\/www.claret.cat\/es\/wp-json\/wp\/v2\/media\/99501"}],"wp:attachment":[{"href":"https:\/\/www.claret.cat\/es\/wp-json\/wp\/v2\/media?parent=99500"}],"wp:term":[{"taxonomy":"product_brand","embeddable":true,"href":"https:\/\/www.claret.cat\/es\/wp-json\/wp\/v2\/product_brand?post=99500"},{"taxonomy":"product_cat","embeddable":true,"href":"https:\/\/www.claret.cat\/es\/wp-json\/wp\/v2\/product_cat?post=99500"},{"taxonomy":"product_tag","embeddable":true,"href":"https:\/\/www.claret.cat\/es\/wp-json\/wp\/v2\/product_tag?post=99500"}],"curies":[{"name":"wp","href":"https:\/\/api.w.org\/{rel}","templated":true}]}}