{"id":995316,"date":"2024-12-09T13:22:13","date_gmt":"2024-12-09T12:22:13","guid":{"rendered":"https:\/\/www.claret.cat\/llibre\/breve-guia-para-leer-la-biblia-9788432168819\/"},"modified":"2025-09-09T12:01:52","modified_gmt":"2025-09-09T10:01:52","slug":"breve-guia-para-leer-la-biblia-9788432168819","status":"publish","type":"product","link":"https:\/\/www.claret.cat\/es\/libro\/breve-guia-para-leer-la-biblia-9788432168819\/","title":{"rendered":"BREVE GU\u00cdA PARA LEER LA BIBLIA"},"content":{"rendered":"<p>\u00bfQu\u00e9 es la Biblia? \u00bfQu\u00e9 la distingue de todos los libros que existen? \u00bfQui\u00e9n la escribi\u00f3? \u00bfQu\u00e9 libros contiene? \u00bfPor qu\u00e9 es tan importante? El autor, conocido y apreciado en todo el mundo como experto en Sagradas Escrituras, ofrece en pocas p\u00e1ginas una introducci\u00f3n al libro m\u00e1s influyente de toda la historia. Una gu\u00eda imprescindible para comprender mejor c\u00f3mo y por qu\u00e9 habla Dios usando palabras humanas.&nbsp;<\/p>\n","protected":false},"excerpt":{"rendered":"<p>HAHN, SCOTT<\/p>\n","protected":false},"featured_media":995355,"template":"","meta":{"_acf_changed":false,"om_disable_all_campaigns":false,"rs_blank_template":"","rs_page_bg_color":"","slide_template_v7":"","inline_featured_image":false,"_monsterinsights_skip_tracking":false,"_monsterinsights_sitenote_active":false,"_monsterinsights_sitenote_note":"","_monsterinsights_sitenote_category":0},"product_brand":[],"product_cat":[195,202,458,463],"product_tag":[],"class_list":{"0":"post-995316","1":"product","2":"type-product","3":"status-publish","4":"has-post-thumbnail","6":"product_cat-introduccio-a-t","7":"product_cat-introduccio-n-t","8":"product_cat-introduccion-a-t","9":"product_cat-introduccion-n-t","11":"first","12":"instock","13":"taxable","14":"shipping-taxable","15":"purchasable","16":"product-type-simple"},"acf":{"autor":"HAHN, SCOTT","codart":"843216881","libros-coleccion":"","ediciones":"1","encuadernacion":"R\u00fastica","fecha_de_publicacion":"31\/10\/2024","novedad":"1","paginas":"76","subtitulo":"","orden":"0","portada":"0","idioma":"spa","editorial":[{"ID":6348,"post_author":"3","post_date":"2022-07-28 17:50:16","post_date_gmt":"2022-07-28 15:50:16","post_content":"","post_title":"Rialp","post_excerpt":"","post_status":"publish","comment_status":"closed","ping_status":"closed","post_password":"","post_name":"rialp","to_ping":"","pinged":"","post_modified":"2022-07-28 17:50:16","post_modified_gmt":"2022-07-28 15:50:16","post_content_filtered":"","post_parent":0,"guid":"http:\/\/dev.claret.cat\/editorial\/rialp\/","menu_order":0,"post_type":"editorial","post_mime_type":"","comment_count":"0","filter":"raw"}],"booktrailer":"","resenas":""},"aioseo_notices":[],"_links":{"self":[{"href":"https:\/\/www.claret.cat\/es\/wp-json\/wp\/v2\/product\/995316","targetHints":{"allow":["GET"]}}],"collection":[{"href":"https:\/\/www.claret.cat\/es\/wp-json\/wp\/v2\/product"}],"about":[{"href":"https:\/\/www.claret.cat\/es\/wp-json\/wp\/v2\/types\/product"}],"wp:featuredmedia":[{"embeddable":true,"href":"https:\/\/www.claret.cat\/es\/wp-json\/wp\/v2\/media\/995355"}],"wp:attachment":[{"href":"https:\/\/www.claret.cat\/es\/wp-json\/wp\/v2\/media?parent=995316"}],"wp:term":[{"taxonomy":"product_brand","embeddable":true,"href":"https:\/\/www.claret.cat\/es\/wp-json\/wp\/v2\/product_brand?post=995316"},{"taxonomy":"product_cat","embeddable":true,"href":"https:\/\/www.claret.cat\/es\/wp-json\/wp\/v2\/product_cat?post=995316"},{"taxonomy":"product_tag","embeddable":true,"href":"https:\/\/www.claret.cat\/es\/wp-json\/wp\/v2\/product_tag?post=995316"}],"curies":[{"name":"wp","href":"https:\/\/api.w.org\/{rel}","templated":true}]}}