{"id":995331,"date":"2024-12-09T13:31:17","date_gmt":"2024-12-09T12:31:17","guid":{"rendered":"https:\/\/www.claret.cat\/llibre\/masculino-9788432169120\/"},"modified":"2026-04-07T17:17:23","modified_gmt":"2026-04-07T15:17:23","slug":"masculino-9788432169120","status":"publish","type":"product","link":"https:\/\/www.claret.cat\/es\/libro\/masculino-9788432169120\/","title":{"rendered":"MASCULINO"},"content":{"rendered":"<p><span>Pero \u00bfpara qu\u00e9 sirven los hombres? Es una pregunta que se escucha cada vez m\u00e1s entre las mujeres j\u00f3venes. <\/span><\/p>\n<p><\/p>\n<p>En <strong>&#8216;Masculino&#8217;<\/strong>, la autora Mariolina Ceriotti explora el rol de los hombres en la sociedad actual desde una perspectiva femenina, abordando sus fortalezas, debilidades y desaf\u00edos. En una era donde el denominado <strong>&#8216;sexo fuerte&#8217;<\/strong> muestra signos de fragilidad, los hombres parecen desorientados frente a cuestiones como la paternidad, el narcisismo, la agresividad, la soledad y la dependencia.<\/p>\n<p>Ceriotti invita a reflexionar sobre c\u00f3mo los hombres pueden seguir siendo portadores de una <strong>&#8216;potencia buena, fecunda y fecundante&#8217;<\/strong>, una cualidad indispensable para el mundo y las mujeres. Su an\u00e1lisis combina empat\u00eda y profundidad, ofreciendo una gu\u00eda para comprender el papel del hombre en un contexto de cambios sociales profundos.<\/p>\n","protected":false},"excerpt":{"rendered":"<p>CERIOTTI MIGLIARESE, MARIOLINA<\/p>\n","protected":false},"featured_media":996483,"template":"","meta":{"_acf_changed":false,"om_disable_all_campaigns":false,"rs_blank_template":"","rs_page_bg_color":"","slide_template_v7":"","inline_featured_image":false,"_monsterinsights_skip_tracking":false,"_monsterinsights_sitenote_active":false,"_monsterinsights_sitenote_note":"","_monsterinsights_sitenote_category":0},"product_brand":[],"product_cat":[279,509],"product_tag":[],"class_list":{"0":"post-995331","1":"product","2":"type-product","3":"status-publish","4":"has-post-thumbnail","6":"product_cat-antropologia-teologica","7":"product_cat-antropologia-teologica-teologia-1_espiritualidad","9":"first","10":"instock","11":"taxable","12":"shipping-taxable","13":"purchasable","14":"product-type-simple"},"acf":{"autor":"CERIOTTI MIGLIARESE, MARIOLINA","codart":"843216912","libros-coleccion":"","ediciones":"1","encuadernacion":"R\u00fastica","fecha_de_publicacion":"09\/12\/2024","novedad":"1","paginas":"128","subtitulo":"FUERZA, EROS, TERNURA","orden":"0","portada":"0","idioma":"spa","editorial":[{"ID":6348,"post_author":"3","post_date":"2022-07-28 17:50:16","post_date_gmt":"2022-07-28 15:50:16","post_content":"","post_title":"Rialp","post_excerpt":"","post_status":"publish","comment_status":"closed","ping_status":"closed","post_password":"","post_name":"rialp","to_ping":"","pinged":"","post_modified":"2022-07-28 17:50:16","post_modified_gmt":"2022-07-28 15:50:16","post_content_filtered":"","post_parent":0,"guid":"http:\/\/dev.claret.cat\/editorial\/rialp\/","menu_order":0,"post_type":"editorial","post_mime_type":"","comment_count":"0","filter":"raw"}],"booktrailer":"","linkebook":"","ficha":"","muestra":"","precioebook":"0","presentacion":"","resenas":""},"aioseo_notices":[],"_links":{"self":[{"href":"https:\/\/www.claret.cat\/es\/wp-json\/wp\/v2\/product\/995331","targetHints":{"allow":["GET"]}}],"collection":[{"href":"https:\/\/www.claret.cat\/es\/wp-json\/wp\/v2\/product"}],"about":[{"href":"https:\/\/www.claret.cat\/es\/wp-json\/wp\/v2\/types\/product"}],"wp:featuredmedia":[{"embeddable":true,"href":"https:\/\/www.claret.cat\/es\/wp-json\/wp\/v2\/media\/996483"}],"wp:attachment":[{"href":"https:\/\/www.claret.cat\/es\/wp-json\/wp\/v2\/media?parent=995331"}],"wp:term":[{"taxonomy":"product_brand","embeddable":true,"href":"https:\/\/www.claret.cat\/es\/wp-json\/wp\/v2\/product_brand?post=995331"},{"taxonomy":"product_cat","embeddable":true,"href":"https:\/\/www.claret.cat\/es\/wp-json\/wp\/v2\/product_cat?post=995331"},{"taxonomy":"product_tag","embeddable":true,"href":"https:\/\/www.claret.cat\/es\/wp-json\/wp\/v2\/product_tag?post=995331"}],"curies":[{"name":"wp","href":"https:\/\/api.w.org\/{rel}","templated":true}]}}