{"id":995508,"date":"2024-12-10T13:45:10","date_gmt":"2024-12-10T12:45:10","guid":{"rendered":"https:\/\/www.claret.cat\/llibre\/cuando-el-cielo-se-vuelva-amarillo-9788408292975\/"},"modified":"2025-06-30T10:35:42","modified_gmt":"2025-06-30T08:35:42","slug":"cuando-el-cielo-se-vuelva-amarillo-9788408292975","status":"publish","type":"product","link":"https:\/\/www.claret.cat\/es\/libro\/cuando-el-cielo-se-vuelva-amarillo-9788408292975\/","title":{"rendered":"CUANDO EL CIELO SE VUELVA AMARILLO"},"content":{"rendered":"<p>\u00bfQu\u00e9 har\u00edas si tu relaci\u00f3n tuviese fecha de caducidad? Basada en la historia real de Charlie y Nerea, esta novela es un canto a la vida y al amor.Lola, una adolescente en su \u00faltimo a\u00f1o de instituto, est\u00e1 llena de inquietudes sobre su futuro y no sabe qu\u00e9 hacer con su vida. Aunque tiene muchas ganas de conquistar el mundo, tambi\u00e9n est\u00e1 repleta de inseguridades, que la mantienen atada a su zona de confort.<br \/> Nico, por su parte, vive cada d\u00eda como si fuera el \u00faltimo, disfrutando intensamente del presente porque su futuro es incierto.<br \/> Sin esperarlo, los caminos de Nico y Lola se cruzan e, inmediatamente, se convierten el uno para el otro en \u00abla persona perfecta en el momento perfecto\u00bb. Nadie dijo que ser\u00eda una relaci\u00f3n f\u00e1cil, pero juntos aprender\u00e1n a vivir un carpe diem real.<br \/> Cuando el cielo se vuelva amarillo es una aut\u00e9ntica lecci\u00f3n de vida que te har\u00e1 comprender el verdadero significado del amor, algo muy simple en esencia, pero que el ser humano tiende a complicar innecesariamente.<\/p>\n","protected":false},"excerpt":{"rendered":"<p>PASCUAL, NEREA<\/p>\n","protected":false},"featured_media":995520,"template":"","meta":{"_acf_changed":false,"om_disable_all_campaigns":false,"rs_blank_template":"","rs_page_bg_color":"","slide_template_v7":"","inline_featured_image":false,"_monsterinsights_skip_tracking":false,"_monsterinsights_sitenote_active":false,"_monsterinsights_sitenote_note":"","_monsterinsights_sitenote_category":0},"product_brand":[],"product_cat":[133,566,117,363],"product_tag":[],"class_list":{"0":"post-995508","1":"product","2":"type-product","3":"status-publish","4":"has-post-thumbnail","6":"product_cat-lectures-per-adolescents-12-18-anys","7":"product_cat-juvenil-3_infantil-juvenil-spa-spa","8":"product_cat-juvenil","9":"product_cat-lecturas-por-adolescentes-12-18-anos","11":"first","12":"instock","13":"taxable","14":"shipping-taxable","15":"purchasable","16":"product-type-simple"},"acf":{"autor":"PASCUAL, NEREA","codart":"840829297","libros-coleccion":"FORA DE COL.LECCI\u00d3","ediciones":"1","encuadernacion":"R\u00fastica","fecha_de_publicacion":"01\/10\/2024","novedad":"1","paginas":"329","subtitulo":"","orden":"0","portada":"0","idioma":"spa","editorial":[{"ID":6233,"post_author":"3","post_date":"2022-07-28 17:47:48","post_date_gmt":"2022-07-28 15:47:48","post_content":"","post_title":"EDITORIAL PLANETA","post_excerpt":"","post_status":"publish","comment_status":"closed","ping_status":"closed","post_password":"","post_name":"editorial-planeta","to_ping":"","pinged":"","post_modified":"2022-07-28 17:47:48","post_modified_gmt":"2022-07-28 15:47:48","post_content_filtered":"","post_parent":0,"guid":"http:\/\/dev.claret.cat\/editorial\/editorial-planeta\/","menu_order":0,"post_type":"editorial","post_mime_type":"","comment_count":"0","filter":"raw"}],"booktrailer":"","resenas":""},"aioseo_notices":[],"_links":{"self":[{"href":"https:\/\/www.claret.cat\/es\/wp-json\/wp\/v2\/product\/995508","targetHints":{"allow":["GET"]}}],"collection":[{"href":"https:\/\/www.claret.cat\/es\/wp-json\/wp\/v2\/product"}],"about":[{"href":"https:\/\/www.claret.cat\/es\/wp-json\/wp\/v2\/types\/product"}],"wp:featuredmedia":[{"embeddable":true,"href":"https:\/\/www.claret.cat\/es\/wp-json\/wp\/v2\/media\/995520"}],"wp:attachment":[{"href":"https:\/\/www.claret.cat\/es\/wp-json\/wp\/v2\/media?parent=995508"}],"wp:term":[{"taxonomy":"product_brand","embeddable":true,"href":"https:\/\/www.claret.cat\/es\/wp-json\/wp\/v2\/product_brand?post=995508"},{"taxonomy":"product_cat","embeddable":true,"href":"https:\/\/www.claret.cat\/es\/wp-json\/wp\/v2\/product_cat?post=995508"},{"taxonomy":"product_tag","embeddable":true,"href":"https:\/\/www.claret.cat\/es\/wp-json\/wp\/v2\/product_tag?post=995508"}],"curies":[{"name":"wp","href":"https:\/\/api.w.org\/{rel}","templated":true}]}}