{"id":99555,"date":"2022-10-12T07:41:07","date_gmt":"2022-10-12T05:41:07","guid":{"rendered":"http:\/\/dev.claret.cat\/producte\/breve-historia-de-la-astronomia-2\/"},"modified":"2025-06-03T13:07:42","modified_gmt":"2025-06-03T11:07:42","slug":"breve-historia-de-la-astronomia-9788413051284","status":"publish","type":"product","link":"https:\/\/www.claret.cat\/es\/libro\/breve-historia-de-la-astronomia-9788413051284\/","title":{"rendered":"BREVE HISTORIA DE LA ASTRONOM\u00cdA"},"content":{"rendered":"<p>&#8216;La apasionante historia del estudio del universo, desde la Antig\u00fcedad, la revoluci\u00f3n helioc\u00e9ntrica y los grandes astr\u00f3nomos hasta los conocimientos m\u00e1s actuales de astrof\u00edsica. Descubra c\u00f3mo se explora el cielo profundo, las t\u00e9cnicas e instrumentos y las \u00faltimas teor\u00edas y horizontes de la cosmolog\u00eda. <br \/> Esta obra estudia la Historia de la astronom\u00eda desde sus comienzos en el mundo prehist\u00f3rico, pasando por la transformaci\u00f3n de la visi\u00f3n de la Tierra como centro del universo conocido al Sol como eje de todo, hasta llegar a los conocimientos m\u00e1s actuales del cosmos. Describimos en ella los objetos estelares conocidos: galaxias, estrellas y sus tipos, planetas, sat\u00e9lites, asteroides, cometas&#8230; Adem\u00e1s comentamos c\u00f3mo se estudia el firmamento, c\u00f3mo se apagar\u00e1 nuestro Sol y como morir\u00e1 la Tierra, y m\u00e1s all\u00e1, cu\u00e1l fue el origen y c\u00f3mo ser\u00e1 el fin del universo, entre muchas otras cosas. Argumentos de venta<br \/>  -El autor explica de modo riguroso, claro y atractivo los misterios del universo apoyado en las publicaciones y estudios cient\u00edficos m\u00e1s actualizados. <br \/> &#8211; Esta obra da respuesta a la controversia generada por algunas cuestiones de origen b\u00edblico acerca de la fecha de nacimiento de Jes\u00fas o el origen de la estrella de Bel\u00e9n. <br \/> &#8211; El autor desvela los primeros m\u00e9todos de estudio del firmamento: desde hace m\u00e1s de 3.600 a\u00f1os con los primitivos ritos dru\u00eddicos hasta la supernova de los anasazi, pasando por el saber oriental y la astronom\u00eda precolombina basada en los calendarios mayas y el culto inca al sol. <br \/> -R.?Cardona hace especial hincapi\u00e9 en los \u00faltimos descubrimientos astron\u00f3micos: agujeros negros, c\u00famulos de galaxias, p\u00falsares,&#8230;<\/p>\n<p> Todo ello siempre bajo la visi\u00f3n de los hombres que lo hicieron posible, astr\u00f3nomos, matem\u00e1ticos, f\u00edsicos e incluso fil\u00f3sofos, que con su visi\u00f3n privilegiada hicieron posible que hoy estemos m\u00e1s cerca de las estrellas.<\/p>\n","protected":false},"excerpt":{"rendered":"<p>CARDONA, \u00c1NGEL R.<\/p>\n","protected":false},"featured_media":99556,"template":"","meta":{"_acf_changed":false,"om_disable_all_campaigns":false,"rs_blank_template":"","rs_page_bg_color":"","slide_template_v7":"","inline_featured_image":false,"_monsterinsights_skip_tracking":false,"_monsterinsights_sitenote_active":false,"_monsterinsights_sitenote_note":"","_monsterinsights_sitenote_category":0},"product_brand":[],"product_cat":[152,429],"product_tag":[],"class_list":{"0":"post-99555","1":"product","2":"type-product","3":"status-publish","4":"has-post-thumbnail","6":"product_cat-el-mon-actual","7":"product_cat-el-mundo-actual","9":"first","10":"instock","11":"taxable","12":"shipping-taxable","13":"purchasable","14":"product-type-simple"},"acf":{"editorial":[{"ID":6205,"post_author":"3","post_date":"2022-07-28 17:47:07","post_date_gmt":"2022-07-28 15:47:07","post_content":"","post_title":"EDICIONES NOWTILUS","post_excerpt":"","post_status":"publish","comment_status":"closed","ping_status":"closed","post_password":"","post_name":"ediciones-nowtilus","to_ping":"","pinged":"","post_modified":"2022-07-28 17:47:07","post_modified_gmt":"2022-07-28 15:47:07","post_content_filtered":"","post_parent":0,"guid":"http:\/\/dev.claret.cat\/editorial\/ediciones-nowtilus\/","menu_order":0,"post_type":"editorial","post_mime_type":"","comment_count":"0","filter":"raw"}],"autores-libros":[{"ID":150410,"post_author":"3","post_date":"2022-10-14 14:32:44","post_date_gmt":"2022-10-14 12:32:44","post_content":"","post_title":"\u00c1NGEL R. CARDONA","post_excerpt":"","post_status":"publish","comment_status":"closed","ping_status":"closed","post_password":"","post_name":"angel-r-cardona","to_ping":"","pinged":"","post_modified":"2022-10-14 14:32:44","post_modified_gmt":"2022-10-14 12:32:44","post_content_filtered":"","post_parent":0,"guid":"http:\/\/dev.claret.cat\/autor\/angel-r-cardona\/","menu_order":0,"post_type":"autor","post_mime_type":"","comment_count":"0","filter":"raw"}],"autor":"CARDONA, \u00c1NGEL R.","codart":"841305128","libros-coleccion":"Breve Historia","ediciones":"1","encuadernacion":"Carpeta","fecha_de_publicacion":"01\/11\/2020","novedad":"1","paginas":"320","subtitulo":"","orden":"0","portada":"0","idioma":"spa","booktrailer":"","resenas":""},"aioseo_notices":[],"_links":{"self":[{"href":"https:\/\/www.claret.cat\/es\/wp-json\/wp\/v2\/product\/99555","targetHints":{"allow":["GET"]}}],"collection":[{"href":"https:\/\/www.claret.cat\/es\/wp-json\/wp\/v2\/product"}],"about":[{"href":"https:\/\/www.claret.cat\/es\/wp-json\/wp\/v2\/types\/product"}],"wp:featuredmedia":[{"embeddable":true,"href":"https:\/\/www.claret.cat\/es\/wp-json\/wp\/v2\/media\/99556"}],"wp:attachment":[{"href":"https:\/\/www.claret.cat\/es\/wp-json\/wp\/v2\/media?parent=99555"}],"wp:term":[{"taxonomy":"product_brand","embeddable":true,"href":"https:\/\/www.claret.cat\/es\/wp-json\/wp\/v2\/product_brand?post=99555"},{"taxonomy":"product_cat","embeddable":true,"href":"https:\/\/www.claret.cat\/es\/wp-json\/wp\/v2\/product_cat?post=99555"},{"taxonomy":"product_tag","embeddable":true,"href":"https:\/\/www.claret.cat\/es\/wp-json\/wp\/v2\/product_tag?post=99555"}],"curies":[{"name":"wp","href":"https:\/\/api.w.org\/{rel}","templated":true}]}}