{"id":99576,"date":"2022-10-12T07:41:23","date_gmt":"2022-10-12T05:41:23","guid":{"rendered":"http:\/\/dev.claret.cat\/producte\/viladecans-desaparegut\/"},"modified":"2023-01-28T22:33:06","modified_gmt":"2023-01-28T21:33:06","slug":"viladecans-desaparegut-9788417432676","status":"publish","type":"product","link":"https:\/\/www.claret.cat\/es\/libro\/viladecans-desaparegut-9788417432676\/","title":{"rendered":"VILADECANS DESAPAREGUT"},"content":{"rendered":"<p>Viladecans desaparegut \u00e9s un recull de 169 fotografies que mostra l\u2019evoluci\u00f3 de la ciutat i del seu entorn des de principis del segle xx fins a la d\u00e8cada de 1960. Inicia un passeig pel Barri Antic, amb els primers carrers i cases on es va originar el poble; ens acompanya pels barris i ravals creats a partir de la d\u00e8cada de 1920, en qu\u00e8 predominen habitatges modestos i carrers encara no gaire poblats; despr\u00e9s ofereix un recorregut de mar a muntanya, tot recordant els paisatges i masies. En definitiva, recupera un paisatge i una ciutat del passat per contribuir a construir una mem\u00f2ria col\u00b7lectiva.<\/p>\n","protected":false},"excerpt":{"rendered":"<p>CALDER\u00c9 BEL, XAVIER \/ LUENGO, MANUEL<\/p>\n","protected":false},"featured_media":99577,"template":"","meta":{"_acf_changed":false,"om_disable_all_campaigns":false,"rs_blank_template":"","rs_page_bg_color":"","slide_template_v7":"","inline_featured_image":false,"_monsterinsights_skip_tracking":false,"_monsterinsights_sitenote_active":false,"_monsterinsights_sitenote_note":"","_monsterinsights_sitenote_category":0},"product_brand":[],"product_cat":[16],"product_tag":[],"class_list":{"0":"post-99576","1":"product","2":"type-product","3":"status-publish","4":"has-post-thumbnail","6":"product_cat-sense-categoria","8":"first","9":"instock","10":"taxable","11":"shipping-taxable","12":"purchasable","13":"product-type-simple"},"acf":{"autor":"CALDER\u00c9 BEL, XAVIER \/ LUENGO, MANUEL","codart":"841743267","libros-coleccion":"","ediciones":"1","encuadernacion":"Carton\u00e9","fecha_de_publicacion":"01\/02\/2020","novedad":"1","paginas":"184","subtitulo":"","orden":"0","portada":"0","idioma":"cat","editorial":[{"ID":147967,"post_author":"3","post_date":"2022-10-14 11:54:36","post_date_gmt":"2022-10-14 09:54:36","post_content":"","post_title":"EDITORIAL EFAD\u00d3S SL","post_excerpt":"","post_status":"publish","comment_status":"closed","ping_status":"closed","post_password":"","post_name":"editorial-efados-sl","to_ping":"","pinged":"","post_modified":"2022-10-14 11:54:36","post_modified_gmt":"2022-10-14 09:54:36","post_content_filtered":"","post_parent":0,"guid":"http:\/\/dev.claret.cat\/editorial\/editorial-efados-sl\/","menu_order":0,"post_type":"editorial","post_mime_type":"","comment_count":"0","filter":"raw"}],"autores-libros":[{"ID":171420,"post_author":"3","post_date":"2022-10-14 22:43:15","post_date_gmt":"2022-10-14 20:43:15","post_content":"","post_title":"XAVIER CALDER\u00c9 BEL","post_excerpt":"","post_status":"publish","comment_status":"closed","ping_status":"closed","post_password":"","post_name":"xavier-caldere-bel","to_ping":"","pinged":"","post_modified":"2022-10-14 22:43:15","post_modified_gmt":"2022-10-14 20:43:15","post_content_filtered":"","post_parent":0,"guid":"http:\/\/dev.claret.cat\/autor\/xavier-caldere-bel\/","menu_order":0,"post_type":"autor","post_mime_type":"","comment_count":"0","filter":"raw"},{"ID":163181,"post_author":"3","post_date":"2022-10-14 17:36:58","post_date_gmt":"2022-10-14 15:36:58","post_content":"","post_title":"MANUEL LUENGO","post_excerpt":"","post_status":"publish","comment_status":"closed","ping_status":"closed","post_password":"","post_name":"manuel-luengo","to_ping":"","pinged":"","post_modified":"2022-10-14 17:36:58","post_modified_gmt":"2022-10-14 15:36:58","post_content_filtered":"","post_parent":0,"guid":"http:\/\/dev.claret.cat\/autor\/manuel-luengo\/","menu_order":0,"post_type":"autor","post_mime_type":"","comment_count":"0","filter":"raw"}]},"aioseo_notices":[],"_links":{"self":[{"href":"https:\/\/www.claret.cat\/es\/wp-json\/wp\/v2\/product\/99576","targetHints":{"allow":["GET"]}}],"collection":[{"href":"https:\/\/www.claret.cat\/es\/wp-json\/wp\/v2\/product"}],"about":[{"href":"https:\/\/www.claret.cat\/es\/wp-json\/wp\/v2\/types\/product"}],"wp:featuredmedia":[{"embeddable":true,"href":"https:\/\/www.claret.cat\/es\/wp-json\/wp\/v2\/media\/99577"}],"wp:attachment":[{"href":"https:\/\/www.claret.cat\/es\/wp-json\/wp\/v2\/media?parent=99576"}],"wp:term":[{"taxonomy":"product_brand","embeddable":true,"href":"https:\/\/www.claret.cat\/es\/wp-json\/wp\/v2\/product_brand?post=99576"},{"taxonomy":"product_cat","embeddable":true,"href":"https:\/\/www.claret.cat\/es\/wp-json\/wp\/v2\/product_cat?post=99576"},{"taxonomy":"product_tag","embeddable":true,"href":"https:\/\/www.claret.cat\/es\/wp-json\/wp\/v2\/product_tag?post=99576"}],"curies":[{"name":"wp","href":"https:\/\/api.w.org\/{rel}","templated":true}]}}