{"id":99610,"date":"2022-10-12T07:41:50","date_gmt":"2022-10-12T05:41:50","guid":{"rendered":"http:\/\/dev.claret.cat\/producte\/sobre-la-felicidad-sobre-la-brevedad-de-la-vida\/"},"modified":"2023-01-28T00:59:47","modified_gmt":"2023-01-27T23:59:47","slug":"sobre-la-felicidad-sobre-la-brevedad-de-la-vida-9788441440302","status":"publish","type":"product","link":"https:\/\/www.claret.cat\/es\/libro\/sobre-la-felicidad-sobre-la-brevedad-de-la-vida-9788441440302\/","title":{"rendered":"SOBRE LA FELICIDAD. SOBRE LA BREVEDAD DE LA VIDA"},"content":{"rendered":"<p>La rica y atractiva personalidad de S\u00e9neca, que reun\u00eda en un solo individuo al pol\u00edtico, al escritor y al fi l\u00f3sofo, no pod\u00eda pasar desapercibida ni para sus contempor\u00e1neos ni para los estudiosos posteriores. De esp\u00edritu curioso, permeable a cualquier intento de explicaci\u00f3n cient\u00edfica, con un gran af\u00e1n racionalista, fue preceptor de Ner\u00f3n \u2013que m\u00e1s tarde le orden\u00f3 su suicidio- y protegido de la intrigante Agripina, cuya muerte no supo o no quiso impedir. Sus excesos literarios, sus recomendaciones \u00e9ticas o filos\u00f3fi cas, ciertas afinidades con el cristianismo, la incompatibilidad de las doctrinas estoicas con su vida de lujo, los silencios y complicidades con los desmanes de los emperadores son rasgos que caracterizan al fil\u00f3sofo cordob\u00e9s y que se pueden rastrear en sus di\u00e1logos y ep\u00edstolas.<br \/> En Sobre la felicidad trata de c\u00f3mo el sabio debe aspirar a los valores absolutos, a conseguir la libertad interior ante los estados de riqueza o de pobreza, las distintas circunstancias de la vida pueden aconsejar actitudes o valores preferibles a otros.<br \/> En Sobre la brevedad de la vida viene a asegurar que el \u00fanico capacitado para disfrutar de la vida es el hombre culto que recuerda el pasado, se sirve del presente y tiene previsi\u00f3n del futuro, mientras que los torpes no controlan el pasado, el presente se les escapa y temen el futuro.<\/p>\n","protected":false},"excerpt":{"rendered":"<p>S\u00c9NECA, LUCIO ANNEO<\/p>\n","protected":false},"featured_media":99611,"template":"","meta":{"_acf_changed":false,"om_disable_all_campaigns":false,"rs_blank_template":"","rs_page_bg_color":"","slide_template_v7":"","inline_featured_image":false,"_monsterinsights_skip_tracking":false,"_monsterinsights_sitenote_active":false,"_monsterinsights_sitenote_note":"","_monsterinsights_sitenote_category":0},"product_brand":[],"product_cat":[166],"product_tag":[],"class_list":{"0":"post-99610","1":"product","2":"type-product","3":"status-publish","4":"has-post-thumbnail","6":"product_cat-autors-filosofia","8":"first","9":"instock","10":"taxable","11":"shipping-taxable","12":"purchasable","13":"product-type-simple"},"acf":{"autor":"S\u00c9NECA, LUCIO ANNEO","codart":"844144030","libros-coleccion":"FORA DE COL.LECCI\u00d3","ediciones":"1","encuadernacion":"R\u00fastica","fecha_de_publicacion":"01\/11\/2020","novedad":"1","paginas":"176","subtitulo":"","orden":"0","portada":"0","idioma":"spa","editorial":[{"ID":147770,"post_author":"3","post_date":"2022-10-14 11:53:05","post_date_gmt":"2022-10-14 09:53:05","post_content":"","post_title":"EDAF","post_excerpt":"","post_status":"publish","comment_status":"closed","ping_status":"closed","post_password":"","post_name":"edaf","to_ping":"","pinged":"","post_modified":"2022-10-14 11:53:05","post_modified_gmt":"2022-10-14 09:53:05","post_content_filtered":"","post_parent":0,"guid":"http:\/\/dev.claret.cat\/editorial\/edaf\/","menu_order":0,"post_type":"editorial","post_mime_type":"","comment_count":"0","filter":"raw"}],"autores-libros":[{"ID":162614,"post_author":"3","post_date":"2022-10-14 17:32:25","post_date_gmt":"2022-10-14 15:32:25","post_content":"","post_title":"LUCIO ANNEO SENECA","post_excerpt":"","post_status":"publish","comment_status":"closed","ping_status":"closed","post_password":"","post_name":"lucio-anneo-seneca","to_ping":"","pinged":"","post_modified":"2022-10-14 17:32:25","post_modified_gmt":"2022-10-14 15:32:25","post_content_filtered":"","post_parent":0,"guid":"http:\/\/dev.claret.cat\/autor\/lucio-anneo-seneca\/","menu_order":0,"post_type":"autor","post_mime_type":"","comment_count":"0","filter":"raw"}]},"aioseo_notices":[],"_links":{"self":[{"href":"https:\/\/www.claret.cat\/es\/wp-json\/wp\/v2\/product\/99610","targetHints":{"allow":["GET"]}}],"collection":[{"href":"https:\/\/www.claret.cat\/es\/wp-json\/wp\/v2\/product"}],"about":[{"href":"https:\/\/www.claret.cat\/es\/wp-json\/wp\/v2\/types\/product"}],"wp:featuredmedia":[{"embeddable":true,"href":"https:\/\/www.claret.cat\/es\/wp-json\/wp\/v2\/media\/99611"}],"wp:attachment":[{"href":"https:\/\/www.claret.cat\/es\/wp-json\/wp\/v2\/media?parent=99610"}],"wp:term":[{"taxonomy":"product_brand","embeddable":true,"href":"https:\/\/www.claret.cat\/es\/wp-json\/wp\/v2\/product_brand?post=99610"},{"taxonomy":"product_cat","embeddable":true,"href":"https:\/\/www.claret.cat\/es\/wp-json\/wp\/v2\/product_cat?post=99610"},{"taxonomy":"product_tag","embeddable":true,"href":"https:\/\/www.claret.cat\/es\/wp-json\/wp\/v2\/product_tag?post=99610"}],"curies":[{"name":"wp","href":"https:\/\/api.w.org\/{rel}","templated":true}]}}