{"id":996404,"date":"2024-12-19T12:10:02","date_gmt":"2024-12-19T11:10:02","guid":{"rendered":"https:\/\/www.claret.cat\/llibre\/los-religiosos-en-la-iglesia-9788428842266\/"},"modified":"2024-12-19T12:52:04","modified_gmt":"2024-12-19T11:52:04","slug":"los-religiosos-en-la-iglesia-9788428842266","status":"publish","type":"product","link":"https:\/\/www.claret.cat\/es\/libro\/los-religiosos-en-la-iglesia-9788428842266\/","title":{"rendered":"LOS RELIGIOSOS EN LA IGLESIA"},"content":{"rendered":"<p class='ql-align-justify'><strong>Jos\u00e9 Antonio Pagola <\/strong>nos ofrece, en la colecci\u00f3n <strong>Pastoral renovada<\/strong>, una valiosa herramienta para revitalizar la tarea evangelizadora y promover nuestra respuesta de fe en los \u00e1mbitos personal, familiar, eclesial y social.<\/p>\n<p class='ql-align-justify'><\/p>\n<p class='ql-align-justify'>En <strong><em>Los religiosos en la Iglesia, <\/em><\/strong>Pagola reflexiona sobre la presencia y la contribuci\u00f3n de los religiosos y religiosas en una Iglesia necesitada de una profunda renovaci\u00f3n espiritual, llamada a promover de manera m\u00e1s decidida la misi\u00f3n y urgida por su Se\u00f1or a ponerse al servicio del hombre y de la mujer de hoy.<\/p>\n<p><\/p>\n","protected":false},"excerpt":{"rendered":"<p>PAGOLA, JOS\u00c9 ANTONIO<\/p>\n","protected":false},"featured_media":996405,"template":"","meta":{"_acf_changed":false,"om_disable_all_campaigns":false,"rs_blank_template":"","rs_page_bg_color":"","slide_template_v7":"","inline_featured_image":false,"_monsterinsights_skip_tracking":false,"_monsterinsights_sitenote_active":false,"_monsterinsights_sitenote_note":"","_monsterinsights_sitenote_category":0},"product_brand":[],"product_cat":[275,413],"product_tag":[],"class_list":{"0":"post-996404","1":"product","2":"type-product","3":"status-publish","4":"has-post-thumbnail","6":"product_cat-fonamental","7":"product_cat-fundamental","9":"first","10":"instock","11":"taxable","12":"shipping-taxable","13":"purchasable","14":"product-type-simple"},"acf":{"autor":"PAGOLA, JOS\u00c9 ANTONIO","codart":"842884226","libros-coleccion":"","ediciones":"1","encuadernacion":"R\u00fastica","fecha_de_publicacion":"19\/12\/2024","novedad":"1","paginas":"48","subtitulo":"","orden":"0","portada":"0","idioma":"spa","editorial":[{"ID":6335,"post_author":"3","post_date":"2022-07-28 17:49:59","post_date_gmt":"2022-07-28 15:49:59","post_content":"","post_title":"PPC altres","post_excerpt":"","post_status":"publish","comment_status":"closed","ping_status":"closed","post_password":"","post_name":"ppc-altres","to_ping":"","pinged":"","post_modified":"2022-07-28 17:49:59","post_modified_gmt":"2022-07-28 15:49:59","post_content_filtered":"","post_parent":0,"guid":"http:\/\/dev.claret.cat\/editorial\/ppc-altres\/","menu_order":0,"post_type":"editorial","post_mime_type":"","comment_count":"0","filter":"raw"}]},"aioseo_notices":[],"_links":{"self":[{"href":"https:\/\/www.claret.cat\/es\/wp-json\/wp\/v2\/product\/996404","targetHints":{"allow":["GET"]}}],"collection":[{"href":"https:\/\/www.claret.cat\/es\/wp-json\/wp\/v2\/product"}],"about":[{"href":"https:\/\/www.claret.cat\/es\/wp-json\/wp\/v2\/types\/product"}],"wp:featuredmedia":[{"embeddable":true,"href":"https:\/\/www.claret.cat\/es\/wp-json\/wp\/v2\/media\/996405"}],"wp:attachment":[{"href":"https:\/\/www.claret.cat\/es\/wp-json\/wp\/v2\/media?parent=996404"}],"wp:term":[{"taxonomy":"product_brand","embeddable":true,"href":"https:\/\/www.claret.cat\/es\/wp-json\/wp\/v2\/product_brand?post=996404"},{"taxonomy":"product_cat","embeddable":true,"href":"https:\/\/www.claret.cat\/es\/wp-json\/wp\/v2\/product_cat?post=996404"},{"taxonomy":"product_tag","embeddable":true,"href":"https:\/\/www.claret.cat\/es\/wp-json\/wp\/v2\/product_tag?post=996404"}],"curies":[{"name":"wp","href":"https:\/\/api.w.org\/{rel}","templated":true}]}}