{"id":996545,"date":"2024-12-20T16:50:52","date_gmt":"2024-12-20T15:50:52","guid":{"rendered":"https:\/\/www.claret.cat\/llibre\/el-clarinete-del-callejon-9788413683997\/"},"modified":"2024-12-20T17:15:27","modified_gmt":"2024-12-20T16:15:27","slug":"el-clarinete-del-callejon-9788413683997","status":"publish","type":"product","link":"https:\/\/www.claret.cat\/es\/libro\/el-clarinete-del-callejon-9788413683997\/","title":{"rendered":"EL CLARINETE DEL CALLEJ\u00d3N"},"content":{"rendered":"<p>En un modesto rinc\u00f3n de Santiago de Chile, la paz de los vecinos se ve amenazada. Nadie se atreve a hablar, ya que cualquier error puede tener consecuencias fatales. Lo peor es que las bandas se aprovechan de los j\u00f3venes para llevar a cabo sus acciones ilegales. El crimen organizado alcanza con sus tent\u00e1culos a quienes muchos hubieran querido salvar.<br \/> \u00bfQu\u00e9 puede liberar a un joven del atractivo del dinero f\u00e1cil? \u00bfHay esperanza en un mundo corrompido por la delincuencia, el narcotr\u00e1fico y la mentira? \u00bfEs posible quedarse de brazos cruzados frente al mal que se esparce como una met\u00e1stasis por la sociedad?<br \/> Dos ancianos y dos j\u00f3venes son los protagonistas de esta historia de riesgos y valent\u00eda. Un relato conmovedor en el que descubrimos c\u00f3mo la esperanza y la generosidad pueden florecer incluso en los lugares m\u00e1s oscuros, record\u00e1ndonos que, ante el peligro y la injusticia, no deber\u00edamos cerrar los ojos.<\/p>\n","protected":false},"excerpt":{"rendered":"<p>SAHLI LECAROS, CRISTI\u00c1N<\/p>\n","protected":false},"featured_media":996555,"template":"","meta":{"_acf_changed":false,"om_disable_all_campaigns":false,"rs_blank_template":"","rs_page_bg_color":"","slide_template_v7":"","inline_featured_image":false,"_monsterinsights_skip_tracking":false,"_monsterinsights_sitenote_active":false,"_monsterinsights_sitenote_note":"","_monsterinsights_sitenote_category":0},"product_brand":[],"product_cat":[127,357],"product_tag":[],"class_list":{"0":"post-996545","1":"product","2":"type-product","3":"status-publish","4":"has-post-thumbnail","6":"product_cat-novella-contemporania","7":"product_cat-novela-contemporanea","9":"first","10":"instock","11":"taxable","12":"shipping-taxable","13":"purchasable","14":"product-type-simple"},"acf":{"autor":"SAHLI LECAROS, CRISTI\u00c1N","codart":"841368399","libros-coleccion":"Astor","ediciones":"1","encuadernacion":"R\u00fastica","fecha_de_publicacion":"01\/12\/2024","novedad":"1","paginas":"220","subtitulo":"","orden":"0","portada":"0","idioma":"spa","editorial":[{"ID":148624,"post_author":"3","post_date":"2022-10-14 11:59:42","post_date_gmt":"2022-10-14 09:59:42","post_content":"","post_title":"PALABRA S.A., EDICIONES","post_excerpt":"","post_status":"publish","comment_status":"closed","ping_status":"closed","post_password":"","post_name":"palabra-s-a-ediciones","to_ping":"","pinged":"","post_modified":"2022-10-14 11:59:42","post_modified_gmt":"2022-10-14 09:59:42","post_content_filtered":"","post_parent":0,"guid":"http:\/\/dev.claret.cat\/editorial\/palabra-s-a-ediciones\/","menu_order":0,"post_type":"editorial","post_mime_type":"","comment_count":"0","filter":"raw"}]},"aioseo_notices":[],"_links":{"self":[{"href":"https:\/\/www.claret.cat\/es\/wp-json\/wp\/v2\/product\/996545","targetHints":{"allow":["GET"]}}],"collection":[{"href":"https:\/\/www.claret.cat\/es\/wp-json\/wp\/v2\/product"}],"about":[{"href":"https:\/\/www.claret.cat\/es\/wp-json\/wp\/v2\/types\/product"}],"wp:featuredmedia":[{"embeddable":true,"href":"https:\/\/www.claret.cat\/es\/wp-json\/wp\/v2\/media\/996555"}],"wp:attachment":[{"href":"https:\/\/www.claret.cat\/es\/wp-json\/wp\/v2\/media?parent=996545"}],"wp:term":[{"taxonomy":"product_brand","embeddable":true,"href":"https:\/\/www.claret.cat\/es\/wp-json\/wp\/v2\/product_brand?post=996545"},{"taxonomy":"product_cat","embeddable":true,"href":"https:\/\/www.claret.cat\/es\/wp-json\/wp\/v2\/product_cat?post=996545"},{"taxonomy":"product_tag","embeddable":true,"href":"https:\/\/www.claret.cat\/es\/wp-json\/wp\/v2\/product_tag?post=996545"}],"curies":[{"name":"wp","href":"https:\/\/api.w.org\/{rel}","templated":true}]}}