{"id":99661,"date":"2022-10-12T07:42:32","date_gmt":"2022-10-12T05:42:32","guid":{"rendered":"http:\/\/dev.claret.cat\/producte\/mas-alla-de-la-luna-mi-taller-origami\/"},"modified":"2023-01-28T00:28:22","modified_gmt":"2023-01-27T23:28:22","slug":"mas-alla-de-la-luna-mi-taller-origami-9788418100796","status":"publish","type":"product","link":"https:\/\/www.claret.cat\/es\/libro\/mas-alla-de-la-luna-mi-taller-origami-9788418100796\/","title":{"rendered":"M\u00c1S ALL\u00c1 DE LA LUNA. MI TALLER ORIGAMI"},"content":{"rendered":"<p>Un kit de origami para crear figuras basada en \u00abM\u00e1s all\u00e1 de la Luna\u00bb, la nueva l\u00ednea de pel\u00edculas de animaci\u00f3n de Netflix. \u00abM\u00e1s all\u00e1 de la Luna\u00bb fue creada por Glen Keane, uno de los grandes nombres de los estudios de Disney, responsable tambi\u00e9n de la animaci\u00f3n de \u00abLa bella y la bestia\u00bb o \u00abAladd\u00edn\u00bb. La pel\u00edcula, de g\u00e9nero musical, tiene lugar en China, donde la joven hero\u00edna construye un cohete para ir a la Luna a encontrarse con la Diosa de la Luna. Ella piensa que la Diosa podr\u00e1 traer de vuelta a su madre fallecida.El kit incluye dibujos de la pel\u00edcula, con 24 hojas de papel especial de origami para doblar, en un pack de cart\u00f3n. Siguiendo los paso a paso con unas sencillas instrucciones se forman cuatro divertidas figuras.<\/p>\n","protected":false},"excerpt":{"rendered":"<p>\u00c9DITIONS LAROUSSE<\/p>\n","protected":false},"featured_media":99662,"template":"","meta":{"_acf_changed":false,"om_disable_all_campaigns":false,"rs_blank_template":"","rs_page_bg_color":"","slide_template_v7":"","inline_featured_image":false,"_monsterinsights_skip_tracking":false,"_monsterinsights_sitenote_active":false,"_monsterinsights_sitenote_note":"","_monsterinsights_sitenote_category":0},"product_brand":[],"product_cat":[16],"product_tag":[],"class_list":{"0":"post-99661","1":"product","2":"type-product","3":"status-publish","4":"has-post-thumbnail","6":"product_cat-sense-categoria","8":"first","9":"instock","10":"taxable","11":"shipping-taxable","12":"purchasable","13":"product-type-simple"},"acf":{"autor":"\u00c9DITIONS LAROUSSE","codart":"841810079","libros-coleccion":"INFANTIL","ediciones":"1","encuadernacion":"R\u00fastica","fecha_de_publicacion":"01\/11\/2020","novedad":"1","paginas":"0","subtitulo":"","orden":"0","portada":"0","idioma":"spa","editorial":[{"ID":148398,"post_author":"3","post_date":"2022-10-14 11:57:56","post_date_gmt":"2022-10-14 09:57:56","post_content":"","post_title":"Larousse","post_excerpt":"","post_status":"publish","comment_status":"closed","ping_status":"closed","post_password":"","post_name":"larousse","to_ping":"","pinged":"","post_modified":"2022-10-14 11:57:56","post_modified_gmt":"2022-10-14 09:57:56","post_content_filtered":"","post_parent":0,"guid":"http:\/\/dev.claret.cat\/editorial\/larousse\/","menu_order":0,"post_type":"editorial","post_mime_type":"","comment_count":"0","filter":"raw"}],"autores-libros":[{"ID":154517,"post_author":"3","post_date":"2022-10-14 15:05:26","post_date_gmt":"2022-10-14 13:05:26","post_content":"","post_title":"\u00c9DITIONS LAROUSSE","post_excerpt":"","post_status":"publish","comment_status":"closed","ping_status":"closed","post_password":"","post_name":"editions-larousse","to_ping":"","pinged":"","post_modified":"2022-10-14 15:05:26","post_modified_gmt":"2022-10-14 13:05:26","post_content_filtered":"","post_parent":0,"guid":"http:\/\/dev.claret.cat\/autor\/editions-larousse\/","menu_order":0,"post_type":"autor","post_mime_type":"","comment_count":"0","filter":"raw"}]},"aioseo_notices":[],"_links":{"self":[{"href":"https:\/\/www.claret.cat\/es\/wp-json\/wp\/v2\/product\/99661","targetHints":{"allow":["GET"]}}],"collection":[{"href":"https:\/\/www.claret.cat\/es\/wp-json\/wp\/v2\/product"}],"about":[{"href":"https:\/\/www.claret.cat\/es\/wp-json\/wp\/v2\/types\/product"}],"wp:featuredmedia":[{"embeddable":true,"href":"https:\/\/www.claret.cat\/es\/wp-json\/wp\/v2\/media\/99662"}],"wp:attachment":[{"href":"https:\/\/www.claret.cat\/es\/wp-json\/wp\/v2\/media?parent=99661"}],"wp:term":[{"taxonomy":"product_brand","embeddable":true,"href":"https:\/\/www.claret.cat\/es\/wp-json\/wp\/v2\/product_brand?post=99661"},{"taxonomy":"product_cat","embeddable":true,"href":"https:\/\/www.claret.cat\/es\/wp-json\/wp\/v2\/product_cat?post=99661"},{"taxonomy":"product_tag","embeddable":true,"href":"https:\/\/www.claret.cat\/es\/wp-json\/wp\/v2\/product_tag?post=99661"}],"curies":[{"name":"wp","href":"https:\/\/api.w.org\/{rel}","templated":true}]}}