{"id":996689,"date":"2024-12-23T12:51:25","date_gmt":"2024-12-23T11:51:25","guid":{"rendered":"https:\/\/www.claret.cat\/llibre\/la-enfermedad-mortal-9788481649826\/"},"modified":"2025-01-20T17:06:14","modified_gmt":"2025-01-20T16:06:14","slug":"la-enfermedad-mortal-9788481649826","status":"publish","type":"product","link":"https:\/\/www.claret.cat\/es\/libro\/la-enfermedad-mortal-9788481649826\/","title":{"rendered":"LA ENFERMEDAD MORTAL"},"content":{"rendered":"<p>Con La enfermedad mortal Kierkegaard contin\u00faa y profundiza su anterior El concepto de la angustia. Las dos obras pertenecen a la etapa literaria m\u00e1s madura del escritor y el tema dominante en ambas es el mismo: el pecado original. La angustia constituye para Kierkegaard el punto cero de la existencia, y desde \u00e9l se puede por igual girar hacia la fe o hacia la desesperaci\u00f3n.<\/p>\n<p> En este tratado, firmado por el pseud\u00f3nimo kierkegaardiano \u00abAnti-Climacus\u00bb, la desesperaci\u00f3n es considerada como una enfermedad, una \u00abenfermedad del yo\u00bb, relativa a \u00ablo eterno en el hombre\u00bb, y la \u00fanica estrictamente mortal: \u00abun estar muriendo eternamente, muriendo y no muriendo, muriendo la muerte?, pero morir la muerte significa que se vive el mismo morir\u00bb.<\/p>\n<p> La desesperaci\u00f3n es \u00abalgo muy dial\u00e9ctico\u00bb. Justamente, el autor de la presente \u00abexposici\u00f3n cristiano-psicol\u00f3gica para edificar y despertar\u00bb se dedica a trazar este movimiento dial\u00e9ctico de la desesperaci\u00f3n. Descubre sus formas caracter\u00edsticas, en su camino destructor, hasta establecer la desesperaci\u00f3n como el pecado definitivo: desligar el yo del Poder que lo fundamenta, haber perdido a Dios y, con ello, haberse perdido a s\u00ed mismo.<\/p>\n","protected":false},"excerpt":{"rendered":"<p>KIERKEGAARD, SOREN<\/p>\n","protected":false},"featured_media":1000680,"template":"","meta":{"_acf_changed":false,"om_disable_all_campaigns":false,"rs_blank_template":"","rs_page_bg_color":"","slide_template_v7":"","inline_featured_image":false,"_monsterinsights_skip_tracking":false,"_monsterinsights_sitenote_active":false,"_monsterinsights_sitenote_note":"","_monsterinsights_sitenote_category":0},"product_brand":[],"product_cat":[373,166],"product_tag":[],"class_list":{"0":"post-996689","1":"product","2":"type-product","3":"status-publish","4":"has-post-thumbnail","6":"product_cat-autores","7":"product_cat-autors-filosofia","9":"first","10":"instock","11":"taxable","12":"shipping-taxable","13":"purchasable","14":"product-type-simple"},"acf":{"autor":"KIERKEGAARD, SOREN","codart":"848164982","libros-coleccion":"Estructuras y procesos. Filosof\u00eda","ediciones":"1","encuadernacion":"R\u00fastica","fecha_de_publicacion":"01\/05\/2008","novedad":"0","paginas":"176","subtitulo":"","orden":"0","portada":"0","idioma":"spa","editorial":[{"ID":6237,"post_author":"3","post_date":"2022-07-28 17:47:53","post_date_gmt":"2022-07-28 15:47:53","post_content":"","post_title":"Editorial Trotta","post_excerpt":"","post_status":"publish","comment_status":"closed","ping_status":"closed","post_password":"","post_name":"editorial-trotta","to_ping":"","pinged":"","post_modified":"2022-07-28 17:47:53","post_modified_gmt":"2022-07-28 15:47:53","post_content_filtered":"","post_parent":0,"guid":"http:\/\/dev.claret.cat\/editorial\/editorial-trotta\/","menu_order":0,"post_type":"editorial","post_mime_type":"","comment_count":"0","filter":"raw"}]},"aioseo_notices":[],"_links":{"self":[{"href":"https:\/\/www.claret.cat\/es\/wp-json\/wp\/v2\/product\/996689","targetHints":{"allow":["GET"]}}],"collection":[{"href":"https:\/\/www.claret.cat\/es\/wp-json\/wp\/v2\/product"}],"about":[{"href":"https:\/\/www.claret.cat\/es\/wp-json\/wp\/v2\/types\/product"}],"wp:featuredmedia":[{"embeddable":true,"href":"https:\/\/www.claret.cat\/es\/wp-json\/wp\/v2\/media\/1000680"}],"wp:attachment":[{"href":"https:\/\/www.claret.cat\/es\/wp-json\/wp\/v2\/media?parent=996689"}],"wp:term":[{"taxonomy":"product_brand","embeddable":true,"href":"https:\/\/www.claret.cat\/es\/wp-json\/wp\/v2\/product_brand?post=996689"},{"taxonomy":"product_cat","embeddable":true,"href":"https:\/\/www.claret.cat\/es\/wp-json\/wp\/v2\/product_cat?post=996689"},{"taxonomy":"product_tag","embeddable":true,"href":"https:\/\/www.claret.cat\/es\/wp-json\/wp\/v2\/product_tag?post=996689"}],"curies":[{"name":"wp","href":"https:\/\/api.w.org\/{rel}","templated":true}]}}