{"id":99683,"date":"2022-10-12T07:42:51","date_gmt":"2022-10-12T05:42:51","guid":{"rendered":"http:\/\/dev.claret.cat\/producte\/las-discipulas-de-jesus\/"},"modified":"2026-01-30T12:42:42","modified_gmt":"2026-01-30T11:42:42","slug":"las-discipulas-de-jesus-9788428559041","status":"publish","type":"product","link":"https:\/\/www.claret.cat\/es\/libro\/las-discipulas-de-jesus-9788428559041\/","title":{"rendered":"LAS DISC\u00cdPULAS DE JES\u00daS"},"content":{"rendered":"<p>No hay duda de que algunas disc\u00edpulas de Jes\u00fas tuvieron mucho protagonismo a la hora de su muerte y resurrecci\u00f3n. Los textos afirman que las mujeres lo siguieron desde Galilea. El prop\u00f3sito de este libro es descubrir, en medio de los silencios, c\u00f3mo realizaron el discipulado siguiendo los pasos marcados por su Maestro.<\/p>\n","protected":false},"excerpt":{"rendered":"<p>G\u00d3MEZ-ACEBO, ISABEL<\/p>\n","protected":false},"featured_media":1079900,"template":"","meta":{"_acf_changed":false,"om_disable_all_campaigns":false,"rs_blank_template":"","rs_page_bg_color":"","slide_template_v7":"","inline_featured_image":false,"_monsterinsights_skip_tracking":false,"_monsterinsights_sitenote_active":false,"_monsterinsights_sitenote_note":"","_monsterinsights_sitenote_category":0},"product_brand":[],"product_cat":[90,540],"product_tag":[],"class_list":{"0":"post-99683","1":"product","2":"type-product","3":"status-publish","4":"has-post-thumbnail","6":"product_cat-altres","7":"product_cat-otros","9":"first","10":"instock","11":"taxable","12":"shipping-taxable","13":"purchasable","14":"product-type-simple"},"acf":{"editorial":[{"ID":6356,"post_author":"3","post_date":"2022-07-28 17:50:26","post_date_gmt":"2022-07-28 15:50:26","post_content":"","post_title":"SAN PABLO COMUNICACI\u00d3N","post_excerpt":"","post_status":"publish","comment_status":"closed","ping_status":"closed","post_password":"","post_name":"san-pablo-comunicacion","to_ping":"","pinged":"","post_modified":"2022-07-28 17:50:26","post_modified_gmt":"2022-07-28 15:50:26","post_content_filtered":"","post_parent":0,"guid":"http:\/\/dev.claret.cat\/editorial\/san-pablo-comunicacion\/","menu_order":0,"post_type":"editorial","post_mime_type":"","comment_count":"0","filter":"raw"}],"autor":"G\u00d3MEZ-ACEBO, ISABEL","codart":"842855904","libros-coleccion":"FORA DE COL.LECCI\u00d3","ediciones":"1","encuadernacion":"R\u00fastica","fecha_de_publicacion":"14\/12\/2020","novedad":"1","paginas":"64","subtitulo":"(Lc 8,1 - 3)","orden":"0","portada":"0","idioma":"spa","autores-libros":[{"ID":158062,"post_author":"3","post_date":"2022-10-14 15:33:51","post_date_gmt":"2022-10-14 13:33:51","post_content":"","post_title":"ISABEL G\u00d3MEZ-ACEBO","post_excerpt":"","post_status":"publish","comment_status":"closed","ping_status":"closed","post_password":"","post_name":"isabel-gomez-acebo-2","to_ping":"","pinged":"","post_modified":"2022-10-14 15:33:51","post_modified_gmt":"2022-10-14 13:33:51","post_content_filtered":"","post_parent":0,"guid":"http:\/\/dev.claret.cat\/autor\/isabel-gomez-acebo-2\/","menu_order":0,"post_type":"autor","post_mime_type":"","comment_count":"0","filter":"raw"}],"booktrailer":"","resenas":""},"aioseo_notices":[],"_links":{"self":[{"href":"https:\/\/www.claret.cat\/es\/wp-json\/wp\/v2\/product\/99683","targetHints":{"allow":["GET"]}}],"collection":[{"href":"https:\/\/www.claret.cat\/es\/wp-json\/wp\/v2\/product"}],"about":[{"href":"https:\/\/www.claret.cat\/es\/wp-json\/wp\/v2\/types\/product"}],"wp:featuredmedia":[{"embeddable":true,"href":"https:\/\/www.claret.cat\/es\/wp-json\/wp\/v2\/media\/1079900"}],"wp:attachment":[{"href":"https:\/\/www.claret.cat\/es\/wp-json\/wp\/v2\/media?parent=99683"}],"wp:term":[{"taxonomy":"product_brand","embeddable":true,"href":"https:\/\/www.claret.cat\/es\/wp-json\/wp\/v2\/product_brand?post=99683"},{"taxonomy":"product_cat","embeddable":true,"href":"https:\/\/www.claret.cat\/es\/wp-json\/wp\/v2\/product_cat?post=99683"},{"taxonomy":"product_tag","embeddable":true,"href":"https:\/\/www.claret.cat\/es\/wp-json\/wp\/v2\/product_tag?post=99683"}],"curies":[{"name":"wp","href":"https:\/\/api.w.org\/{rel}","templated":true}]}}