{"id":99689,"date":"2022-10-12T07:42:56","date_gmt":"2022-10-12T05:42:56","guid":{"rendered":"http:\/\/dev.claret.cat\/producte\/godly-play-guia-completa-4\/"},"modified":"2024-05-02T08:18:27","modified_gmt":"2024-05-02T06:18:27","slug":"godly-play-guia-completa-4-9788428557344","status":"publish","type":"product","link":"https:\/\/www.claret.cat\/es\/libro\/godly-play-guia-completa-4-9788428557344\/","title":{"rendered":"GODLY PLAY &#8211; GU\u00cdA COMPLETA &#8211; 4"},"content":{"rendered":"<p>Cuarto volumen de Godly Play, m\u00e9todo pedag\u00f3gico de descubrimiento y crecimiento espiritual basado en principios del m\u00e9todo Montessori y el culto cristiano. Incluye lecciones sobre la Pascua, el Buen pastor, la Eucarist\u00eda, Pentecost\u00e9s, Pablo y la Trinidad. Esta gu\u00eda corresponde a la \u00faltima edici\u00f3n revisada<br \/> y ampliada en ingl\u00e9s y ofrece imaginativos guiones ilustrados, nuevos conceptos y una terminolog\u00eda y una estructura fiel a la experiencia y al verdadero esp\u00edritu de Godly Play.<\/p>\n<p> La gu\u00eda corresponde a la \u00faltima edici\u00f3n revisada y ampliada en ingl\u00e9s, y ofrece imaginativos guiones ilustrados, nuevos conceptos y una terminolog\u00eda y una estructura fiel a la experiencia y al verdadero esp\u00edritu de Godly Play.<\/p>\n","protected":false},"excerpt":{"rendered":"<p>BERRYMAN, JEROME W.; MINOR, CHERYL V.; BEALES, ROSEMARY<\/p>\n","protected":false},"featured_media":336193,"template":"","meta":{"_acf_changed":false,"om_disable_all_campaigns":false,"rs_blank_template":"","rs_page_bg_color":"","slide_template_v7":"","inline_featured_image":false,"_monsterinsights_skip_tracking":false,"_monsterinsights_sitenote_active":false,"_monsterinsights_sitenote_note":"","_monsterinsights_sitenote_category":0},"product_brand":[],"product_cat":[90,540],"product_tag":[],"class_list":{"0":"post-99689","1":"product","2":"type-product","3":"status-publish","4":"has-post-thumbnail","6":"product_cat-altres","7":"product_cat-otros","9":"first","10":"instock","11":"taxable","12":"shipping-taxable","13":"purchasable","14":"product-type-simple"},"acf":{"editorial":[{"ID":6356,"post_author":"3","post_date":"2022-07-28 17:50:26","post_date_gmt":"2022-07-28 15:50:26","post_content":"","post_title":"SAN PABLO COMUNICACI\u00d3N","post_excerpt":"","post_status":"publish","comment_status":"closed","ping_status":"closed","post_password":"","post_name":"san-pablo-comunicacion","to_ping":"","pinged":"","post_modified":"2022-07-28 17:50:26","post_modified_gmt":"2022-07-28 15:50:26","post_content_filtered":"","post_parent":0,"guid":"http:\/\/dev.claret.cat\/editorial\/san-pablo-comunicacion\/","menu_order":0,"post_type":"editorial","post_mime_type":"","comment_count":"0","filter":"raw"}],"autor":"BERRYMAN, JEROME W.; MINOR, CHERYL V.; BEALES, ROSEMARY","codart":"842855734","libros-coleccion":"GODLY PLAY","ediciones":"1","encuadernacion":"R\u00fastica","fecha_de_publicacion":"14\/12\/2020","novedad":"1","paginas":"272","subtitulo":"M\u00c9TODO PARA ENRIQUECER LA ESPIRITUALIDAD INFANTIL","orden":"0","portada":"0","idioma":"spa","autores-libros":[{"ID":159038,"post_author":"3","post_date":"2022-10-14 15:41:36","post_date_gmt":"2022-10-14 13:41:36","post_content":"","post_title":"JEROME W. BERRYMAN","post_excerpt":"","post_status":"publish","comment_status":"closed","ping_status":"closed","post_password":"","post_name":"jerome-w-berryman","to_ping":"","pinged":"","post_modified":"2022-10-14 15:41:36","post_modified_gmt":"2022-10-14 13:41:36","post_content_filtered":"","post_parent":0,"guid":"http:\/\/dev.claret.cat\/autor\/jerome-w-berryman\/","menu_order":0,"post_type":"autor","post_mime_type":"","comment_count":"0","filter":"raw"},{"ID":168569,"post_author":"3","post_date":"2022-10-14 22:20:10","post_date_gmt":"2022-10-14 20:20:10","post_content":"","post_title":"ROSEMARY BEALES","post_excerpt":"","post_status":"publish","comment_status":"closed","ping_status":"closed","post_password":"","post_name":"rosemary-beales","to_ping":"","pinged":"","post_modified":"2022-10-14 22:20:10","post_modified_gmt":"2022-10-14 20:20:10","post_content_filtered":"","post_parent":0,"guid":"http:\/\/dev.claret.cat\/autor\/rosemary-beales\/","menu_order":0,"post_type":"autor","post_mime_type":"","comment_count":"0","filter":"raw"},{"ID":152825,"post_author":"3","post_date":"2022-10-14 14:51:53","post_date_gmt":"2022-10-14 12:51:53","post_content":"","post_title":"CHERYL V. MINOR","post_excerpt":"","post_status":"publish","comment_status":"closed","ping_status":"closed","post_password":"","post_name":"cheryl-v-minor","to_ping":"","pinged":"","post_modified":"2022-10-14 14:51:53","post_modified_gmt":"2022-10-14 12:51:53","post_content_filtered":"","post_parent":0,"guid":"http:\/\/dev.claret.cat\/autor\/cheryl-v-minor\/","menu_order":0,"post_type":"autor","post_mime_type":"","comment_count":"0","filter":"raw"}]},"aioseo_notices":[],"_links":{"self":[{"href":"https:\/\/www.claret.cat\/es\/wp-json\/wp\/v2\/product\/99689","targetHints":{"allow":["GET"]}}],"collection":[{"href":"https:\/\/www.claret.cat\/es\/wp-json\/wp\/v2\/product"}],"about":[{"href":"https:\/\/www.claret.cat\/es\/wp-json\/wp\/v2\/types\/product"}],"wp:featuredmedia":[{"embeddable":true,"href":"https:\/\/www.claret.cat\/es\/wp-json\/wp\/v2\/media\/336193"}],"wp:attachment":[{"href":"https:\/\/www.claret.cat\/es\/wp-json\/wp\/v2\/media?parent=99689"}],"wp:term":[{"taxonomy":"product_brand","embeddable":true,"href":"https:\/\/www.claret.cat\/es\/wp-json\/wp\/v2\/product_brand?post=99689"},{"taxonomy":"product_cat","embeddable":true,"href":"https:\/\/www.claret.cat\/es\/wp-json\/wp\/v2\/product_cat?post=99689"},{"taxonomy":"product_tag","embeddable":true,"href":"https:\/\/www.claret.cat\/es\/wp-json\/wp\/v2\/product_tag?post=99689"}],"curies":[{"name":"wp","href":"https:\/\/api.w.org\/{rel}","templated":true}]}}