{"id":996896,"date":"2024-12-27T13:15:18","date_gmt":"2024-12-27T12:15:18","guid":{"rendered":"https:\/\/www.claret.cat\/llibre\/el-maravilloso-secreto-de-las-almas-del-purgatorio-9788461428380\/"},"modified":"2026-03-03T11:10:06","modified_gmt":"2026-03-03T10:10:06","slug":"el-maravilloso-secreto-de-las-almas-del-purgatorio-9788461428380","status":"publish","type":"product","link":"https:\/\/www.claret.cat\/es\/libro\/el-maravilloso-secreto-de-las-almas-del-purgatorio-9788461428380\/","title":{"rendered":"EL MARAVILLOSO SECRETO DE LAS ALMAS DEL PURGATORIO"},"content":{"rendered":"<p>\u00a1Raramente un libro ha llegado a conmover de tal modo la sensibilidad de sus lectores! Una humilde campesina austriaca, Mar\u00eda Sima, pose\u00eda el carisma de ser visitada por las almas del Purgatorio, y as\u00ed fue durante m\u00e1s de cincuenta a\u00f1os. En esta extraordinaria entrevista, nos cont\u00f3 sus experiencias y nos hizo part\u00edcipes de las confidencias recibidas por esas almas.<\/p>\n<p>\u00bfQu\u00e9 es el Purgatorio? \u00bfQu\u00e9 ocurre en ese lugar? \u00bfQui\u00e9n decide si un alma debe o no ir al Purgatorio? \u00bfQu\u00e9 pecados nos env\u00edan al Purgatorio? \u00bfC\u00f3mo ayudar a nuestros difuntos? \u00bfSe puede evitar el Purgatorio? \u00bfSe condenan los suicidas?<\/p>\n<p>Este libro colma un vac\u00edo, pues estas realidades ya no forman parte de la educaci\u00f3n religiosa que recibimos. Unas p\u00e1ginas luminosas acerca de lo que hay m\u00e1s all\u00e1 de la muerte; toda una revelaci\u00f3n para aquellos que han perdido a un ser querido.<\/p>\n","protected":false},"excerpt":{"rendered":"<p>MAILLARD, EMMANUEL<\/p>\n","protected":false},"featured_media":996897,"template":"","meta":{"_acf_changed":false,"om_disable_all_campaigns":false,"rs_blank_template":"","rs_page_bg_color":"","slide_template_v7":"","inline_featured_image":false,"_monsterinsights_skip_tracking":false,"_monsterinsights_sitenote_active":false,"_monsterinsights_sitenote_note":"","_monsterinsights_sitenote_category":0},"product_brand":[],"product_cat":[90,540],"product_tag":[],"class_list":{"0":"post-996896","1":"product","2":"type-product","3":"status-publish","4":"has-post-thumbnail","6":"product_cat-altres","7":"product_cat-otros","9":"first","10":"instock","11":"taxable","12":"shipping-taxable","13":"purchasable","14":"product-type-simple"},"acf":{"autor":"MAILLARD, EMMANUEL","codart":"846142838","libros-coleccion":"","ediciones":"1","encuadernacion":"Carpeta","fecha_de_publicacion":"01\/08\/2010","novedad":"0","paginas":"93","subtitulo":"","orden":"0","portada":"0","idioma":"spa","editorial":[{"ID":147491,"post_author":"3","post_date":"2022-10-14 11:50:59","post_date_gmt":"2022-10-14 09:50:59","post_content":"","post_title":"Associaci\u00f3 Hijos de Medjudgorje","post_excerpt":"","post_status":"publish","comment_status":"closed","ping_status":"closed","post_password":"","post_name":"associacio-hijos-de-medjudgorje","to_ping":"","pinged":"","post_modified":"2022-10-14 11:50:59","post_modified_gmt":"2022-10-14 09:50:59","post_content_filtered":"","post_parent":0,"guid":"http:\/\/dev.claret.cat\/editorial\/associacio-hijos-de-medjudgorje\/","menu_order":0,"post_type":"editorial","post_mime_type":"","comment_count":"0","filter":"raw"}],"autores-libros":[{"ID":155053,"post_author":"3","post_date":"2022-10-14 15:09:47","post_date_gmt":"2022-10-14 13:09:47","post_content":"","post_title":"EMMANUEL MAILLARD","post_excerpt":"","post_status":"publish","comment_status":"closed","ping_status":"closed","post_password":"","post_name":"emmanuel-maillard","to_ping":"","pinged":"","post_modified":"2022-10-14 15:09:47","post_modified_gmt":"2022-10-14 13:09:47","post_content_filtered":"","post_parent":0,"guid":"http:\/\/dev.claret.cat\/autor\/emmanuel-maillard\/","menu_order":0,"post_type":"autor","post_mime_type":"","comment_count":"0","filter":"raw"}],"booktrailer":"","resenas":""},"aioseo_notices":[],"_links":{"self":[{"href":"https:\/\/www.claret.cat\/es\/wp-json\/wp\/v2\/product\/996896","targetHints":{"allow":["GET"]}}],"collection":[{"href":"https:\/\/www.claret.cat\/es\/wp-json\/wp\/v2\/product"}],"about":[{"href":"https:\/\/www.claret.cat\/es\/wp-json\/wp\/v2\/types\/product"}],"wp:featuredmedia":[{"embeddable":true,"href":"https:\/\/www.claret.cat\/es\/wp-json\/wp\/v2\/media\/996897"}],"wp:attachment":[{"href":"https:\/\/www.claret.cat\/es\/wp-json\/wp\/v2\/media?parent=996896"}],"wp:term":[{"taxonomy":"product_brand","embeddable":true,"href":"https:\/\/www.claret.cat\/es\/wp-json\/wp\/v2\/product_brand?post=996896"},{"taxonomy":"product_cat","embeddable":true,"href":"https:\/\/www.claret.cat\/es\/wp-json\/wp\/v2\/product_cat?post=996896"},{"taxonomy":"product_tag","embeddable":true,"href":"https:\/\/www.claret.cat\/es\/wp-json\/wp\/v2\/product_tag?post=996896"}],"curies":[{"name":"wp","href":"https:\/\/api.w.org\/{rel}","templated":true}]}}