{"id":997139,"date":"2024-12-31T11:50:20","date_gmt":"2024-12-31T10:50:20","guid":{"rendered":"https:\/\/www.claret.cat\/llibre\/alma-negra-inspectora-ane-cestero-4-9788401034770\/"},"modified":"2025-04-24T12:37:39","modified_gmt":"2025-04-24T10:37:39","slug":"alma-negra-inspectora-ane-cestero-4-9788401034770","status":"publish","type":"product","link":"https:\/\/www.claret.cat\/es\/libro\/alma-negra-inspectora-ane-cestero-4-9788401034770\/","title":{"rendered":"ALMA NEGRA (INSPECTORA ANE CESTERO 4)"},"content":{"rendered":"<p>Vuelve Ibon Mart\u00edn. EL MEJOR SUSPENSE. El rey del thriller atmosf\u00e9rico nos traslada a su escenario m\u00e1s extremo. BAJO LA NIEBLA BLANCA SE OCULTA UN ALMA NEGRA Aunque hace d\u00e9cadas que las minas enmudecieron en los Montes de Hierro, en la quietud de la noche a\u00fan pueden o\u00edrse los lamentos desesperados de las almas que quedaron sepultadas en su vientre de roca. La aparici\u00f3n del cad\u00e1ver de Teresa Echegaray, la poderosa mujer que pretende reabrir la explotaci\u00f3n, despierta entre los habitantes de la cuenca minera el miedo a las leyendas dormidas y reaviva el rencor acumulado durante largos a\u00f1os. La investigaci\u00f3n del asesinato se ve lastrada por un acontecimiento que sacude la vida de Julia. Cuando parece que al fin ha llegado la hora de cicatrizar una dolorosa herida de su pasado, no encuentra la respuesta que busca, sino nuevas preguntas y una misi\u00f3n para Ane Cestero quien, despojada de su uniforme y su placa, tendr\u00e1 que resolver el rompecabezas armada \u00fanicamente con su instinto. Juntas se enfrentar\u00e1n al caso m\u00e1s complicado de su carrera. El rey del thriller atmosf\u00e9rico nos traslada a su escenario m\u00e1s extremo: la zona minera de Bizkaia. Un territorio donde las ruinas del pasado industrial han sido reconquistadas por la naturaleza dando lugar a un paisaje de belleza inquietante y sobrecogedora.La cr\u00edtica ha dicho&#8230;<br \/>\u00abIbon Mart\u00edn firma un thriller cruel y tierno como los tulipanes con los que el asesino despide a sus v\u00edctimas. Una gran novela\u00bb.<br \/>Domingo Villar, sobre La danza de los tulipanes \u00abA\u00fana lo mejor del thriller noir, de la novela negra y de la policiaca para poner la piel de gallina con un relato estremecedor desde el inicio y que no decae en ning\u00fan momento. Lectura obligada\u00bb.<br \/>Jordi Valero, sobre La hora de las gaviotas\u00abMonta\u00f1as, cuevas, prados monta\u00f1osos, h\u00famedos valles, sendas olvidadas y el magn\u00edfico santuario de Aranzazu. El ladr\u00f3n de rostros es ya una novela de madurez de su autor. Un trabajo bien documentado y construido y sin duda elesfuerzo de su autor ha dado como resultado un thriller de excelente factura\u00bb.<br \/>El Correo, sobre El ladr\u00f3n de rostros<\/p>\n","protected":false},"excerpt":{"rendered":"<p>MART\u00cdN, IBON<\/p>\n","protected":false},"featured_media":997151,"template":"","meta":{"_acf_changed":false,"om_disable_all_campaigns":false,"rs_blank_template":"","rs_page_bg_color":"","slide_template_v7":"","inline_featured_image":false,"_monsterinsights_skip_tracking":false,"_monsterinsights_sitenote_active":false,"_monsterinsights_sitenote_note":"","_monsterinsights_sitenote_category":0},"product_brand":[],"product_cat":[127,357],"product_tag":[],"class_list":{"0":"post-997139","1":"product","2":"type-product","3":"status-publish","4":"has-post-thumbnail","6":"product_cat-novella-contemporania","7":"product_cat-novela-contemporanea","9":"first","10":"instock","11":"taxable","12":"shipping-taxable","13":"purchasable","14":"product-type-simple"},"acf":{"autor":"MART\u00cdN, IBON","codart":"840103477","libros-coleccion":"\u00c9XITOS","ediciones":"1","encuadernacion":"R\u00fastica","fecha_de_publicacion":"01\/01\/2025","novedad":"1","paginas":"454","subtitulo":"","orden":"0","portada":"0","idioma":"spa","editorial":[{"ID":6332,"post_author":"3","post_date":"2022-07-28 17:49:55","post_date_gmt":"2022-07-28 15:49:55","post_content":"","post_title":"PLAZA JANES, S.A.","post_excerpt":"","post_status":"publish","comment_status":"closed","ping_status":"closed","post_password":"","post_name":"plaza-janes-s-a","to_ping":"","pinged":"","post_modified":"2022-07-28 17:49:55","post_modified_gmt":"2022-07-28 15:49:55","post_content_filtered":"","post_parent":0,"guid":"http:\/\/dev.claret.cat\/editorial\/plaza-janes-s-a\/","menu_order":0,"post_type":"editorial","post_mime_type":"","comment_count":"0","filter":"raw"}],"booktrailer":"","resenas":""},"aioseo_notices":[],"_links":{"self":[{"href":"https:\/\/www.claret.cat\/es\/wp-json\/wp\/v2\/product\/997139","targetHints":{"allow":["GET"]}}],"collection":[{"href":"https:\/\/www.claret.cat\/es\/wp-json\/wp\/v2\/product"}],"about":[{"href":"https:\/\/www.claret.cat\/es\/wp-json\/wp\/v2\/types\/product"}],"wp:featuredmedia":[{"embeddable":true,"href":"https:\/\/www.claret.cat\/es\/wp-json\/wp\/v2\/media\/997151"}],"wp:attachment":[{"href":"https:\/\/www.claret.cat\/es\/wp-json\/wp\/v2\/media?parent=997139"}],"wp:term":[{"taxonomy":"product_brand","embeddable":true,"href":"https:\/\/www.claret.cat\/es\/wp-json\/wp\/v2\/product_brand?post=997139"},{"taxonomy":"product_cat","embeddable":true,"href":"https:\/\/www.claret.cat\/es\/wp-json\/wp\/v2\/product_cat?post=997139"},{"taxonomy":"product_tag","embeddable":true,"href":"https:\/\/www.claret.cat\/es\/wp-json\/wp\/v2\/product_tag?post=997139"}],"curies":[{"name":"wp","href":"https:\/\/api.w.org\/{rel}","templated":true}]}}