{"id":997558,"date":"2025-01-07T13:30:02","date_gmt":"2025-01-07T12:30:02","guid":{"rendered":"https:\/\/www.claret.cat\/llibre\/donde-estan-las-monedas-9788493670672\/"},"modified":"2025-02-14T10:35:47","modified_gmt":"2025-02-14T09:35:47","slug":"donde-estan-las-monedas-9788493670672","status":"publish","type":"product","link":"https:\/\/www.claret.cat\/es\/libro\/donde-estan-las-monedas-9788493670672\/","title":{"rendered":"\u00bfD\u00d3NDE EST\u00c1N LAS MONEDAS?"},"content":{"rendered":"<p>EDICI\u00d3N REVISADA Y AMPLIADA<\/p>\n<p> Ya nos ense\u00f1a Confuncio que s\u00f3lo puede ser siempre feliz el que sepa ser feliz con todo. En esta l\u00ednea, huyendo de los conformismos pasivos y de falsa resignaci\u00f3n, descubrimos que la contrase\u00f1a que abre las puertas de la realizaci\u00f3n personal se compone de una simple s\u00edlaba: S\u00cd.<\/p>\n<p> S\u00cd. A la vida, tal como es. A nosotros tal como somos. A los dem\u00e1s, tal como son. A nuestros padres, tal como son y tal como fueron, veh\u00edculos providenciales de nuestra existencia y mucho m\u00e1s. Este es el mensaje que Joan Garriga Bacard\u00ed desvela en este libro, tan po\u00e9tico como inductor a la reflexi\u00f3n y al cambio, sobre un asunto esencial que nos concierne a todos: el proceso de asumir nuestro origen, nuestro legado familiar y de encontrar a trav\u00e9s de ello nuestro lugar en el mundo.<\/p>\n<p> El texto celebra la vida sin restarle su realismo y su crudeza, alej\u00e1ndose de una psicolog\u00eda positiva artificial. <\/p>\n<p> \u00bfD\u00f3nde est\u00e1n las monedas? ofrece nuevas perspectivas para el alma, tanto a los que sufren al pensar en sus padres como a los que lo hacen con gratitud. Habla el lenguaje de la reconciliaci\u00f3n y de la paz. <br \/> Muestra el poder del amor y el camino para integrar y superar las heridas que obstaculizan la plenitud de la propia vida.<\/p>\n<p> En este libro el autor nos incita a \u00abtomar las monedas\u00bb de nuestros padres, como un proceso de reconciliaci\u00f3n profunda con la vida y con nosotros mismos: <\/p>\n<p> \u00abHay una raz\u00f3n poderosa que puede empujarnos a iniciar la tarea de restaurar el amor hacia nuestros padres: s\u00f3lo lograremos amarnos a nosotros mismos cuando los amamos y honramos a ellos. En lo m\u00e1s profundo de cada uno de nosotros, por muy graves que fueran las heridas, los hijos siguen siendo leales a sus padres e inevitablemente los toman como modelos y los interiorizan dentro de s\u00ed. De alg\u00fan modo, conectan con una fuerza que los hace ser como ellos. Por eso, cuando son capaces de amarlos, honrarlos, dignificarlos y respetarlos, entonces pueden hacer lo mismo con ellos mismos y ser libres. Es muy sencillo: nos encadena lo que rechazamos y s\u00f3lo lo que amamos nos hace libres.\u00bb<\/p>\n<p> JOAN GARRIGA BACARD\u00cd nace en Bellpuig (Lleida, Espa\u00f1a) en 1957. Se licencia Psicolog\u00eda por la Universidad Central de Barcelona. <br \/> Interesado Terapia Humanista, se forma en la misma y se especializa en terapia Gestalt, PNL, abordaje Ericksoniano y m\u00e9todos esc\u00e9nicos y corporales. <br \/> Desde 1986, es fundador y codirector del Institut Gestalt de Barcelona. Es disc\u00edpulo y colaborador de Claudio Naranjo en sus programas SAT de Psicoterapia Integrativa.<\/p>\n<p> En 1999 introduce a Bert Hellinger y su trabajo sobre las Constelaciones Familiares en Espa\u00f1a, divulg\u00e1ndolas hasta convertirse actualmente en uno de los principales exponentes de esa l\u00ednea terap\u00e9utica en Espa\u00f1a y Latinoam\u00e9rica, donde imparte numerosos talleres.<\/p>\n<p> Ha publicado art\u00edculos sobre psicoterapia y relaci\u00f3n de ayuda en revistas especializadas y ha colaborado en el libro Gestalt de vanguardia de Claudio Narajo. Su segundo libro, Vivir en el alma: amar lo que es, amar lo que somos y amar a los que son, ha sido publicado por la Editorial Rigden-Institut Gestalt.<\/p>\n","protected":false},"excerpt":{"rendered":"<p>GARRIGA BACARD\u00cd, JOAN<\/p>\n","protected":false},"featured_media":997559,"template":"","meta":{"_acf_changed":false,"om_disable_all_campaigns":false,"rs_blank_template":"","rs_page_bg_color":"","slide_template_v7":"","inline_featured_image":false,"_monsterinsights_skip_tracking":false,"_monsterinsights_sitenote_active":false,"_monsterinsights_sitenote_note":"","_monsterinsights_sitenote_category":0},"product_brand":[],"product_cat":[100,550],"product_tag":[],"class_list":{"0":"post-997558","1":"product","2":"type-product","3":"status-publish","4":"has-post-thumbnail","6":"product_cat-escola-de-pares","7":"product_cat-escuela-de-padres-3_infantil-juvenil-spa-spa","9":"first","10":"instock","11":"taxable","12":"shipping-taxable","13":"purchasable","14":"product-type-simple"},"acf":{"autor":"GARRIGA BACARD\u00cd, JOAN","codart":"849367067","libros-coleccion":"Psicolog\u00eda","ediciones":"1","encuadernacion":"R\u00fastica","fecha_de_publicacion":"01\/01\/2010","novedad":"0","paginas":"60","subtitulo":"LAS CLAVES DEL V\u00cdNCULO LOGRADO ENTRE HIJOS Y PADRES","orden":"0","portada":"0","idioma":"spa","autores-libros":[{"ID":159326,"post_author":"3","post_date":"2022-10-14 15:43:56","post_date_gmt":"2022-10-14 13:43:56","post_content":"","post_title":"JOAN GARRIGA BACARD\u00cd","post_excerpt":"","post_status":"publish","comment_status":"closed","ping_status":"closed","post_password":"","post_name":"joan-garriga-bacardi","to_ping":"","pinged":"","post_modified":"2022-10-14 15:43:56","post_modified_gmt":"2022-10-14 13:43:56","post_content_filtered":"","post_parent":0,"guid":"http:\/\/dev.claret.cat\/autor\/joan-garriga-bacardi\/","menu_order":0,"post_type":"autor","post_mime_type":"","comment_count":"0","filter":"raw"}],"editorial":[{"ID":998559,"post_author":"3","post_date":"2025-01-13 19:50:23","post_date_gmt":"2025-01-13 18:50:23","post_content":"","post_title":"RIGDEN INSTITUT GESTALT","post_excerpt":"","post_status":"publish","comment_status":"closed","ping_status":"closed","post_password":"","post_name":"rigden-institut-gestalt","to_ping":"","pinged":"","post_modified":"2025-01-13 19:50:23","post_modified_gmt":"2025-01-13 18:50:23","post_content_filtered":"","post_parent":0,"guid":"https:\/\/www.claret.cat\/editorial\/rigden-institut-gestalt\/","menu_order":0,"post_type":"editorial","post_mime_type":"","comment_count":"0","filter":"raw"}]},"aioseo_notices":[],"_links":{"self":[{"href":"https:\/\/www.claret.cat\/es\/wp-json\/wp\/v2\/product\/997558","targetHints":{"allow":["GET"]}}],"collection":[{"href":"https:\/\/www.claret.cat\/es\/wp-json\/wp\/v2\/product"}],"about":[{"href":"https:\/\/www.claret.cat\/es\/wp-json\/wp\/v2\/types\/product"}],"wp:featuredmedia":[{"embeddable":true,"href":"https:\/\/www.claret.cat\/es\/wp-json\/wp\/v2\/media\/997559"}],"wp:attachment":[{"href":"https:\/\/www.claret.cat\/es\/wp-json\/wp\/v2\/media?parent=997558"}],"wp:term":[{"taxonomy":"product_brand","embeddable":true,"href":"https:\/\/www.claret.cat\/es\/wp-json\/wp\/v2\/product_brand?post=997558"},{"taxonomy":"product_cat","embeddable":true,"href":"https:\/\/www.claret.cat\/es\/wp-json\/wp\/v2\/product_cat?post=997558"},{"taxonomy":"product_tag","embeddable":true,"href":"https:\/\/www.claret.cat\/es\/wp-json\/wp\/v2\/product_tag?post=997558"}],"curies":[{"name":"wp","href":"https:\/\/api.w.org\/{rel}","templated":true}]}}