{"id":997628,"date":"2025-01-07T16:40:18","date_gmt":"2025-01-07T15:40:18","guid":{"rendered":"https:\/\/www.claret.cat\/llibre\/bluey-un-cuento-carrera-de-bebes-edicion-en-espanol-9788448869953\/"},"modified":"2026-01-03T13:40:06","modified_gmt":"2026-01-03T12:40:06","slug":"bluey-un-cuento-carrera-de-bebes-edicion-en-espanol-9788448869953","status":"publish","type":"product","link":"https:\/\/www.claret.cat\/es\/libro\/bluey-un-cuento-carrera-de-bebes-edicion-en-espanol-9788448869953\/","title":{"rendered":"BLUEY. UN CUENTO &#8211; CARRERA DE BEB\u00c9S (EDICI\u00d3N EN ESPA\u00d1OL)"},"content":{"rendered":"<p>Disfruta de las sorprendentes y divertidas aventuras de BLUEY en este libro basado en uno de los episodios m\u00e1s divertidos de la serie m\u00e1s vista del mundo en Disney+ que ha cautivado a todas las familias. BLUEY cree ser mejor que Bingo y Judo en las anillas, pero su mam\u00e1 le contar\u00e1 una bonita historia de cuando era beb\u00e9 con la que aprender\u00e1 que no todos somos capaces de hacer las mismas cosas y que crecemos de formas diferentes. Bluey pod\u00eda rodar e incluso gatear hacia atr\u00e1s&#8230; pero a mam\u00e1 le preocupaba que nunca aprendiera a andar. Conoce al beb\u00e9 Bluey y descubre c\u00f3mo aprendi\u00f3 a dar sus primeros pasos. \u00bfQui\u00e9n ganar\u00e1 la carrera de beb\u00e9s? Divi\u00e9rtete con Bluey en una nueva sorprendente historia de la serie de televisi\u00f3n favorita de los m\u00e1s peque\u00f1os y que ha enamorado a todas las familias. Un cuento entretenido con el que los ni\u00f1os y ni\u00f1as a partir de 4 a\u00f1os no se aburrir\u00e1n:  *Los libros de Bluey, la serie de animaci\u00f3n ganadora de Emmy\u00a9, engancha a los peque\u00f1os, emociona a los mayores y transmite valores positivos para toda la familia. *Lee, divi\u00e9rtete y aprende la importancia del juego en familia, de saber escuchar y de ir todos a una.  *Repleto de ilustraciones a color, este libro es la lectura perfecta para los fans de la aclamada serie de televisi\u00f3n que ya triunfa en todo el mundo. *Leer alimenta la imaginaci\u00f3n y la creatividad, favorece la concentraci\u00f3n y ayuda a mejorar algunas habilidades sociales como la empat\u00eda.<\/p>\n","protected":false},"excerpt":{"rendered":"<p>BLUEY<\/p>\n","protected":false},"featured_media":997686,"template":"","meta":{"_acf_changed":false,"om_disable_all_campaigns":false,"rs_blank_template":"","rs_page_bg_color":"","slide_template_v7":"","inline_featured_image":false,"_monsterinsights_skip_tracking":false,"_monsterinsights_sitenote_active":false,"_monsterinsights_sitenote_note":"","_monsterinsights_sitenote_category":0},"product_brand":[],"product_cat":[131,361],"product_tag":[],"class_list":{"0":"post-997628","1":"product","2":"type-product","3":"status-publish","4":"has-post-thumbnail","6":"product_cat-contes-per-infants-0-6-anys","7":"product_cat-cuentos-para-ninos-0-6-anos","9":"first","10":"instock","11":"taxable","12":"shipping-taxable","13":"purchasable","14":"product-type-simple"},"acf":{"autor":"BLUEY","codart":"844886995","libros-coleccion":"Cuentos infantiles","ediciones":"1","encuadernacion":"Carton\u00e9","fecha_de_publicacion":"01\/01\/2025","novedad":"1","paginas":"24","subtitulo":"","orden":"0","portada":"0","idioma":"spa","editorial":[{"ID":6141,"post_author":"3","post_date":"2022-07-28 17:45:46","post_date_gmt":"2022-07-28 15:45:46","post_content":"","post_title":"BEASCOA","post_excerpt":"","post_status":"publish","comment_status":"closed","ping_status":"closed","post_password":"","post_name":"beascoa","to_ping":"","pinged":"","post_modified":"2022-07-28 17:45:46","post_modified_gmt":"2022-07-28 15:45:46","post_content_filtered":"","post_parent":0,"guid":"http:\/\/dev.claret.cat\/editorial\/beascoa\/","menu_order":0,"post_type":"editorial","post_mime_type":"","comment_count":"0","filter":"raw"}],"booktrailer":"","resenas":""},"aioseo_notices":[],"_links":{"self":[{"href":"https:\/\/www.claret.cat\/es\/wp-json\/wp\/v2\/product\/997628","targetHints":{"allow":["GET"]}}],"collection":[{"href":"https:\/\/www.claret.cat\/es\/wp-json\/wp\/v2\/product"}],"about":[{"href":"https:\/\/www.claret.cat\/es\/wp-json\/wp\/v2\/types\/product"}],"wp:featuredmedia":[{"embeddable":true,"href":"https:\/\/www.claret.cat\/es\/wp-json\/wp\/v2\/media\/997686"}],"wp:attachment":[{"href":"https:\/\/www.claret.cat\/es\/wp-json\/wp\/v2\/media?parent=997628"}],"wp:term":[{"taxonomy":"product_brand","embeddable":true,"href":"https:\/\/www.claret.cat\/es\/wp-json\/wp\/v2\/product_brand?post=997628"},{"taxonomy":"product_cat","embeddable":true,"href":"https:\/\/www.claret.cat\/es\/wp-json\/wp\/v2\/product_cat?post=997628"},{"taxonomy":"product_tag","embeddable":true,"href":"https:\/\/www.claret.cat\/es\/wp-json\/wp\/v2\/product_tag?post=997628"}],"curies":[{"name":"wp","href":"https:\/\/api.w.org\/{rel}","templated":true}]}}