{"id":997634,"date":"2025-01-07T16:55:02","date_gmt":"2025-01-07T15:55:02","guid":{"rendered":"https:\/\/www.claret.cat\/llibre\/taming-7-los-chicos-de-tommen-5-9788410298194\/"},"modified":"2026-04-17T19:05:38","modified_gmt":"2026-04-17T17:05:38","slug":"taming-7-los-chicos-de-tommen-5-9788410298194","status":"publish","type":"product","link":"https:\/\/www.claret.cat\/es\/libro\/taming-7-los-chicos-de-tommen-5-9788410298194\/","title":{"rendered":"TAMING 7 (LOS CHICOS DE TOMMEN 5)"},"content":{"rendered":"<p>Ella es el prototipo de chica jovial. \u00c9l es el gracioso de la clase. Pero se avecina una tormenta y este chico del Tommen va a tener que ponerse serio. Los Chicos de Tommen, la serie sports romance YA que ha encandilado a toda una generaci\u00f3n. A Gerard &#8216;Gibsie&#8217; Gibson, el descarado del colegio, la comedia le corre por las venas, pero bajo su car\u00e1cter alegre y despreocupado se esconde un joven hecho pedazos que vive atormentado por su pasado. Gibsie utiliza el humor para lidiar con sus demonios y ocultarle al mundo todo lo que siente. Solo hay una persona que lo conoce de verdad. Se trata de la hermana peque\u00f1a de su amigo. Claire, su mu\u00f1equita. Siempre de buen humor, Claire Biggs se ha pasado la vida idolatrando al chico del otro lado de la calle. Ella ve en Gerard algo que nadie m\u00e1s ve y est\u00e1 decidida a domesticar la salvaje naturaleza de su mejor amigo de la infancia. Pero \u00bfsobrevivir\u00e1 la amistad de Gibsie y Claire a lo inesperado cuando se traspasen ciertas l\u00edneas? \u00bfSe convertir\u00e1 en algo m\u00e1s o acabar\u00e1n ambos siendo arrastrados por la corriente?<\/p>\n","protected":false},"excerpt":{"rendered":"<p>WALSH, CHLOE<\/p>\n","protected":false},"featured_media":997635,"template":"","meta":{"_acf_changed":false,"om_disable_all_campaigns":false,"rs_blank_template":"","rs_page_bg_color":"","slide_template_v7":"","inline_featured_image":false,"_monsterinsights_skip_tracking":false,"_monsterinsights_sitenote_active":false,"_monsterinsights_sitenote_note":"","_monsterinsights_sitenote_category":0},"product_brand":[],"product_cat":[133,566,117,363],"product_tag":[],"class_list":{"0":"post-997634","1":"product","2":"type-product","3":"status-publish","4":"has-post-thumbnail","6":"product_cat-lectures-per-adolescents-12-18-anys","7":"product_cat-juvenil-3_infantil-juvenil-spa-spa","8":"product_cat-juvenil","9":"product_cat-lecturas-por-adolescentes-12-18-anos","11":"first","12":"instock","13":"taxable","14":"shipping-taxable","15":"purchasable","16":"product-type-simple"},"acf":{"autor":"WALSH, CHLOE","codart":"841029819","libros-coleccion":"FORA DE COL.LECCI\u00d3","ediciones":"1","encuadernacion":"R\u00fastica","fecha_de_publicacion":"01\/01\/2025","novedad":"1","paginas":"496","subtitulo":"","orden":"0","portada":"0","idioma":"spa","editorial":[{"ID":6310,"post_author":"3","post_date":"2022-07-28 17:49:26","post_date_gmt":"2022-07-28 15:49:26","post_content":"","post_title":"MONTENA","post_excerpt":"","post_status":"publish","comment_status":"closed","ping_status":"closed","post_password":"","post_name":"montena","to_ping":"","pinged":"","post_modified":"2022-07-28 17:49:26","post_modified_gmt":"2022-07-28 15:49:26","post_content_filtered":"","post_parent":0,"guid":"http:\/\/dev.claret.cat\/editorial\/montena\/","menu_order":0,"post_type":"editorial","post_mime_type":"","comment_count":"0","filter":"raw"}],"booktrailer":"","resenas":""},"aioseo_notices":[],"_links":{"self":[{"href":"https:\/\/www.claret.cat\/es\/wp-json\/wp\/v2\/product\/997634","targetHints":{"allow":["GET"]}}],"collection":[{"href":"https:\/\/www.claret.cat\/es\/wp-json\/wp\/v2\/product"}],"about":[{"href":"https:\/\/www.claret.cat\/es\/wp-json\/wp\/v2\/types\/product"}],"wp:featuredmedia":[{"embeddable":true,"href":"https:\/\/www.claret.cat\/es\/wp-json\/wp\/v2\/media\/997635"}],"wp:attachment":[{"href":"https:\/\/www.claret.cat\/es\/wp-json\/wp\/v2\/media?parent=997634"}],"wp:term":[{"taxonomy":"product_brand","embeddable":true,"href":"https:\/\/www.claret.cat\/es\/wp-json\/wp\/v2\/product_brand?post=997634"},{"taxonomy":"product_cat","embeddable":true,"href":"https:\/\/www.claret.cat\/es\/wp-json\/wp\/v2\/product_cat?post=997634"},{"taxonomy":"product_tag","embeddable":true,"href":"https:\/\/www.claret.cat\/es\/wp-json\/wp\/v2\/product_tag?post=997634"}],"curies":[{"name":"wp","href":"https:\/\/api.w.org\/{rel}","templated":true}]}}