{"id":997649,"date":"2025-01-07T17:10:08","date_gmt":"2025-01-07T16:10:08","guid":{"rendered":"https:\/\/www.claret.cat\/llibre\/humans-a-auschwitz-9788491365822\/"},"modified":"2026-02-04T10:20:28","modified_gmt":"2026-02-04T09:20:28","slug":"humans-a-auschwitz-9788491365822","status":"publish","type":"product","link":"https:\/\/www.claret.cat\/es\/libro\/humans-a-auschwitz-9788491365822\/","title":{"rendered":"HUMANS A AUSCHWITZ"},"content":{"rendered":"<p>Qu\u00e8 significa ser hum\u00e0 en condicions extremes? <em>Humans a Auschwitz<\/em> explora aquesta pregunta a partir dels testimonis reals de figures com <strong>Primo Levi<\/strong>, <strong>Robert Antelme<\/strong> i <strong>Etty Hillesum<\/strong>, presos en camps de treball i extermini nazis, i del punt de vista de <strong>Franz Stangl<\/strong>, comandant de Treblinka.<\/p>\n<p>Aquest llibre ofereix una an\u00e0lisi profunda sobre la <strong>condici\u00f3 humana<\/strong> en el context dels camps nazis, abordant temes com la lluita per la <strong>dignitat i la superviv\u00e8ncia,<\/strong> la pres\u00e8ncia simult\u00e0nia de bondat i maldat en situacions l\u00edmit o l&#8217;esperan\u00e7a i l&#8217;amor incondicional enmig del sofriment m\u00e9s extrem.<\/p>\n<p>Malgrat el terror i la degradaci\u00f3, aquest relat commovedor destaca la for\u00e7a de l\u2019esperit hum\u00e0 per resistir i trobar significat fins i tot en els moments de m\u00e0xima desesperaci\u00f3.<\/p>\n<p><\/p>\n<blockquote><p><strong>Un testimoni \u00fanic sobre Auschwitz i la condici\u00f3 humana que convida a reflexionar sobre la hist\u00f2ria, la moral i l\u2019ess\u00e8ncia del que en fa humans<\/strong><\/p><\/blockquote>\n<p> <em>*Aquest llibre ha estat impr\u00e8s amb paper certificat pel Forest Stewardship Council (FSC), que compleix amb els principis de gesti\u00f3 econ\u00f2mica, social i ambiental sostenibles.<\/em><\/p>\n<p><a href='https:\/\/www.editorialclaret.cat\/producte\/humanos-en-auschwitz-9788491365839\/' rel='noopener noreferrer' target='_blank'><strong>Disponible en castell\u00e0<\/strong><\/a><\/p>\n","protected":false},"excerpt":{"rendered":"<p>VICENS FOLGUEIRA, JOAN ALBERT<\/p>\n","protected":false},"featured_media":1003355,"template":"","meta":{"_acf_changed":false,"om_disable_all_campaigns":false,"rs_blank_template":"","rs_page_bg_color":"","slide_template_v7":"","inline_featured_image":false,"_monsterinsights_skip_tracking":false,"_monsterinsights_sitenote_active":false,"_monsterinsights_sitenote_note":"","_monsterinsights_sitenote_category":0},"product_brand":[],"product_cat":[307,495,245,581],"product_tag":[],"class_list":{"0":"post-997649","1":"product","2":"type-product","3":"status-publish","4":"has-post-thumbnail","6":"product_cat-catala","7":"product_cat-diversa-espiritualidad-1_espiritualidad","8":"product_cat-diversa","9":"product_cat-editorial-claret","11":"first","12":"instock","13":"taxable","14":"shipping-taxable","15":"purchasable","16":"product-type-simple"},"acf":{"autor":"VICENS FOLGUEIRA, JOAN ALBERT","codart":"849136582","libros-coleccion":"","ediciones":"1","encuadernacion":"R\u00fastica","fecha_de_publicacion":"21\/01\/2025","novedad":"1","paginas":"338","subtitulo":"PRIMO LEVI, ROBERT ANTELME, FRANZ STANGL, ETTY HILLESUM. FIGURES D''HUMANITAT ALS","orden":"10","portada":"1","idioma":"cat","editorial":[{"ID":6158,"post_author":"3","post_date":"2022-07-28 17:46:08","post_date_gmt":"2022-07-28 15:46:08","post_content":"","post_title":"CLARET","post_excerpt":"","post_status":"publish","comment_status":"closed","ping_status":"closed","post_password":"","post_name":"claret","to_ping":"","pinged":"","post_modified":"2022-07-28 17:46:08","post_modified_gmt":"2022-07-28 15:46:08","post_content_filtered":"","post_parent":0,"guid":"http:\/\/dev.claret.cat\/editorial\/claret\/","menu_order":0,"post_type":"editorial","post_mime_type":"","comment_count":"0","filter":"raw"}],"autores-libros":[{"ID":997656,"post_author":"3","post_date":"2025-01-07 17:15:04","post_date_gmt":"2025-01-07 16:15:04","post_content":"Joan Albert Vicens Folgueira \u00e9s doctor en Filosofia per la Universitat de Barcelona amb la tesi La meditaci\u00f3 com a forma del pensament metaf\u00edsic de R. Descartes, dirigida per Jordi Sales i Coderch (1988).\r\nHa estat professor i catedr\u00e0tic a secund\u00e0ria i director de l'Institut Sabadell. Del 1998 al 2020 va ser professor titular de la Facultat de Filosofia de la Universitat Ramon Llull, on va impartir assignatures de Filosofia Moderna i Filosofia espanyola.\r\n\r\nEl 1994 va ser co-fundador del Servei Ciutad\u00e0 d'Acolliment als Immigrants (SCAI) de Sabadell \u2013ciutat on viu\u2013, entitat que va presidir durant deu anys. Del 2002 al 2012 fou, a m\u00e9s, patr\u00f3 de la Fundaci\u00f3 Jaume Bofill.\r\n\u00c9s editor del llibre Aquesta foscor en qu\u00e8 confio (Editorial Claret, 2023).","post_title":"JOAN ALBERT VICENS FOLGUEIRA","post_excerpt":"","post_status":"publish","comment_status":"closed","ping_status":"closed","post_password":"","post_name":"joan-albert-vicens-folgueira","to_ping":"","pinged":"","post_modified":"2025-02-04 13:44:55","post_modified_gmt":"2025-02-04 12:44:55","post_content_filtered":"","post_parent":0,"guid":"https:\/\/www.claret.cat\/autor\/joan-albert-vicens-folgueira\/","menu_order":0,"post_type":"autor","post_mime_type":"","comment_count":"0","filter":"raw"}],"booktrailer":"<iframe width=\"948\" height=\"533\" src=\"https:\/\/www.youtube.com\/embed\/D2YD_j5iLrI?si=Ofnr6xHXhbun4Gmo\" title=\"YouTube video player\" frameborder=\"0\" allow=\"accelerometer; autoplay; clipboard-write; encrypted-media; gyroscope; picture-in-picture; web-share\" referrerpolicy=\"strict-origin-when-cross-origin\" allowfullscreen><\/iframe>","linkebook":"","ficha":"849136582_1736416154.pdf","muestra":"","precioebook":"0","presentacion":"<iframe width=\"948\" height=\"533\" src=\"https:\/\/www.youtube.com\/embed\/0uaTxc-fva8?si=5dPR-WRkzNB6ve8d\" title=\"YouTube video player\" frameborder=\"0\" allow=\"accelerometer; autoplay; clipboard-write; encrypted-media; gyroscope; picture-in-picture; web-share\" referrerpolicy=\"strict-origin-when-cross-origin\" allowfullscreen><\/iframe>","resenas":"<p>Ag\u00e8ncia Flama, 12\/01\/2025<\/p>\n<p><a href=\"https:\/\/www.agenciaflama.cat\/humans-a-auschwitz-reflexions-sobre-la-condicio-humana-80-anys-despres-de-lholocaust\/\" rel=\"noopener noreferrer\" target=\"_blank\">https:\/\/www.agenciaflama.cat\/humans-a-auschwitz-reflexions-sobre-la-condicio-humana-80-anys-despres-de-lholocaust\/<\/a><\/p>\n<p><\/p>\n<p>Vilaweb, 26\/01\/2025<\/p>\n<p><a href=\"https:\/\/www.vilaweb.cat\/noticies\/auschwitz-80-anys-despres-pot-tornar-passar\/\" rel=\"noopener noreferrer\" target=\"_blank\">https:\/\/www.vilaweb.cat\/noticies\/auschwitz-80-anys-despres-pot-tornar-passar\/<\/a><\/p>\n<p><\/p>\n<p>Catalunya Religi\u00f3, 25\/01\/2025<\/p>\n<p><a href=\"https:\/\/www.catalunyareligio.cat\/ca\/editorial-claret-publica-humans-auschwitz-en-motiu\" rel=\"noopener noreferrer\" target=\"_blank\">https:\/\/www.catalunyareligio.cat\/ca\/editorial-claret-publica-humans-auschwitz-en-motiu<\/a><\/p>\n<p><\/p>\n<p>La Nit dels Ignorants (Catalunya R\u00e0dio), 27\/01\/2025<\/p>\n<p><a href=\"https:\/\/www.3cat.cat\/3cat\/joan-albert-vicens-moltes-de-les-idees-del-nazisme-tornen-a-circular-avui\/audio\/1232664\/\" rel=\"noopener noreferrer\" target=\"_blank\">https:\/\/www.3cat.cat\/3cat\/joan-albert-vicens-moltes-de-les-idees-del-nazisme-tornen-a-circular-avui\/audio\/1232664\/<\/a><\/p>\n<p><\/p>\n<p>R\u00e0dio Sabadell, 27\/01\/2025<\/p>\n<p><a href=\"https:\/\/radiosabadell.fm\/noticia\/assaig-historia-quatre-supervivents-auschwitz\" rel=\"noopener noreferrer\" target=\"_blank\">https:\/\/radiosabadell.fm\/noticia\/assaig-historia-quatre-supervivents-auschwitz<\/a><\/p>\n<p><\/p>\n<p>Tot Gr\u00e0cia, 27\/01\/2025<\/p>\n<p><a href=\"https:\/\/totgracia.com\/aquest-dijous-es-presenta-el-llibre-humans-a-auschwitz-a-la-llibreria-claret\/\" rel=\"noopener noreferrer\" target=\"_blank\">https:\/\/totgracia.com\/aquest-dijous-es-presenta-el-llibre-humans-a-auschwitz-a-la-llibreria-claret\/<\/a><\/p>\n<p><\/p>\n<p>Catalunya Religi\u00f3, 14\/01\/2025<\/p>\n<p><a href=\"https:\/\/www.catalunyareligio.cat\/ca\/blog\/llibres-recomanats\/humans-auschwitz-317396\" rel=\"noopener noreferrer\" target=\"_blank\">https:\/\/www.catalunyareligio.cat\/ca\/blog\/llibres-recomanats\/humans-auschwitz-317396<\/a><\/p>\n<p><\/p>\n<p>Revista Foc Nou, 07\/02\/2025<\/p>\n<p><a href=\"https:\/\/www.focnou.cat\/veus-de-l-horror-mirades-sobre-auschwitz\/\" rel=\"noopener noreferrer\" target=\"_blank\">https:\/\/www.focnou.cat\/veus-de-l-horror-mirades-sobre-auschwitz\/<\/a><\/p>\n<p><\/p>\n<p>Catalunya Cristiana, 16\/02\/2025<\/p>\n<p><a href=\"https:\/\/drive.google.com\/file\/d\/1cxMpAlmho1wbxquXWaNivTOsbICZwT-6\/view?usp=sharing\" rel=\"noopener noreferrer\" target=\"_blank\">https:\/\/drive.google.com\/file\/d\/1cxMpAlmho1wbxquXWaNivTOsbICZwT-6\/view?usp=sharing<\/a><\/p>\n<p><\/p>\n<p>ISCREB, 16\/02\/2025<\/p>\n<p><a href=\"https:\/\/www.iscreb.org\/ca\/comunicacio\/humans-auschwitz\" rel=\"noopener noreferrer\" target=\"_blank\">https:\/\/www.iscreb.org\/ca\/comunicacio\/humans-auschwitz<\/a><\/p>\n<p><\/p>\n<p>El Peri\u00f3dico, 27\/01\/2025<\/p>\n<p><a href=\"https:\/\/www.elperiodico.com\/es\/ocio-y-cultura\/20250127\/auschwitz-libros-holocausto-nazismo-113754594\" rel=\"noopener noreferrer\" target=\"_blank\">https:\/\/www.elperiodico.com\/es\/ocio-y-cultura\/20250127\/auschwitz-libros-holocausto-nazismo-113754594<\/a><\/p>\n<p><\/p>\n<p>Alfa y Omega (p\u00e0gina 32), 27\/02\/2025<\/p>\n<p><a href=\"https:\/\/alfayomega.es\/wp-content\/uploads\/2025\/02\/1389_27-02-2025.pdf\" rel=\"noopener noreferrer\" target=\"_blank\">https:\/\/alfayomega.es\/wp-content\/uploads\/2025\/02\/1389_27-02-2025.pdf<\/a><\/p>\n<p><\/p>\n<p>Signes dels Temps (3cat), 02\/03\/2025<\/p>\n<p><a href=\"https:\/\/www.3cat.cat\/3cat\/memoria-historica-de-lholocaust-i-persecucio-de-lesglesia-a-nicaragua\/video\/6328092\/\" rel=\"noopener noreferrer\" target=\"_blank\">https:\/\/www.3cat.cat\/3cat\/memoria-historica-de-lholocaust-i-persecucio-de-lesglesia-a-nicaragua\/video\/6328092\/<\/a><\/p>\n<p><\/p>\n<p>N\u00favol, 10\/03\/2025<\/p>\n<p><a href=\"https:\/\/www.nuvol.com\/llibres\/assaig\/joan-albert-vicens-costa-molt-poc-participar-per-accio-o-omissio-en-una-empresa-criminal-420127\" rel=\"noopener noreferrer\" target=\"_blank\">https:\/\/www.nuvol.com\/llibres\/assaig\/joan-albert-vicens-costa-molt-poc-participar-per-accio-o-omissio-en-una-empresa-criminal-420127<\/a><\/p>\n<p><\/p>\n<p>Catalunya Religi\u00f3, 08\/04\/2025<\/p>\n<p><a href=\"https:\/\/www.catalunyareligio.cat\/ca\/llibres-son-manera-mes-critica-acostar-fet\" rel=\"noopener noreferrer\" target=\"_blank\">https:\/\/www.catalunyareligio.cat\/ca\/llibres-son-manera-mes-critica-acostar-fet<\/a><\/p>\n<p><\/p>\n<p>Catalunya Cristiana, 08\/04\/2025<\/p>\n<p><a href=\"https:\/\/www.catalunyacristiana.cat\/novetats-literaries-de-tematica-religiosa-en-catala\/\" rel=\"noopener noreferrer\" target=\"_blank\">https:\/\/www.catalunyacristiana.cat\/novetats-literaries-de-tematica-religiosa-en-catala\/<\/a><\/p>\n<p><\/p>\n<p>Catalunya Cristiana, 03\/06\/2025<\/p>\n<p><a href=\"https:\/\/www.catalunyacristiana.cat\/joan-albert-vicens-es-molt-dificil-acabar-amb-la-humanitat-duna-persona-sempre-hi-ha-una-possibilitat-de-resistir\/\" rel=\"noopener noreferrer\" target=\"_blank\">https:\/\/www.catalunyacristiana.cat\/joan-albert-vicens-es-molt-dificil-acabar-amb-la-humanitat-duna-persona-sempre-hi-ha-una-possibilitat-de-resistir\/<\/a><\/p>\n<p><\/p>\n<p>Catalunya Cristiana (castell\u00e0), 08\/06\/2025<\/p>\n<p><a href=\"https:\/\/drive.google.com\/file\/d\/1cknW6umnOPt0Xy-O230W0SV7ubbLi7kt\/view?usp=sharing\" rel=\"noopener noreferrer\" target=\"_blank\">https:\/\/drive.google.com\/file\/d\/1cknW6umnOPt0Xy-O230W0SV7ubbLi7kt\/view?usp=sharing<\/a><\/p>\n<p><\/p>\n<p>Catalunya Cristiana, 08\/06\/2025<\/p>\n<p><a href=\"https:\/\/drive.google.com\/file\/d\/1_wm-q2pJXFBz7ewzgi2KjxVylBQNrInp\/view?usp=sharing\" rel=\"noopener noreferrer\" target=\"_blank\">https:\/\/drive.google.com\/file\/d\/1_wm-q2pJXFBz7ewzgi2KjxVylBQNrInp\/view?usp=sharing<\/a><\/p>\n<p><\/p>\n<p>Reusdigital.cat, 26\/06\/2025<\/p>\n<p><a href=\"https:\/\/reusdigital.cat\/noticies\/agenda\/presentacio-del-llibre-humans-auschwitz-falset\" rel=\"noopener noreferrer\" target=\"_blank\">https:\/\/reusdigital.cat\/noticies\/agenda\/presentacio-del-llibre-humans-auschwitz-falset<\/a><\/p>\n<p><\/p>\n<p>RTV El Vendrell, 25\/09\/2025<\/p>\n<p><a href=\"https:\/\/www.rtvelvendrell.cat\/joan-albert-vicens-alerta-sobre-els-genocidis-a-la-presentacio-del-llibre-humans-a-auschwitz\/\" rel=\"noopener noreferrer\" target=\"_blank\">https:\/\/www.rtvelvendrell.cat\/joan-albert-vicens-alerta-sobre-els-genocidis-a-la-presentacio-del-llibre-humans-a-auschwitz\/<\/a><\/p>\n<p><\/p>\n<p><\/p>\n<p>Ag\u00e8ncia Flama, 03\/11\/2025<\/p>\n<p><a href=\"https:\/\/www.agenciaflama.cat\/inici-curs-iscreb-fragilitat-civilitzacio\/\" rel=\"noopener noreferrer\" target=\"_blank\">https:\/\/www.agenciaflama.cat\/inici-curs-iscreb-fragilitat-civilitzacio\/<\/a><\/p>\n<p><\/p>\n<p>Catalunya Cristiana, 04\/11\/2025<\/p>\n<p><a href=\"https:\/\/www.catalunyacristiana.cat\/liscreb-inaugura-el-nou-curs-amb-una-llico-sobre-les-paradoxes-de-lholocaust\" rel=\"noopener noreferrer\" target=\"_blank\">https:\/\/www.catalunyacristiana.cat\/liscreb-inaugura-el-nou-curs-amb-una-llico-sobre-les-paradoxes-de-lholocaust<\/a><\/p>\n<p><\/p>\n<p>Revista Serra d&#8217;Or, 29\/01\/2026<\/p>\n<p><a href=\"https:\/\/drive.google.com\/file\/d\/1YLtRblzao2m36GgV4E2dotqhe6Or8oD9\/view?usp=sharing\" rel=\"noopener noreferrer\" target=\"_blank\">https:\/\/drive.google.com\/file\/d\/1YLtRblzao2m36GgV4E2dotqhe6Or8oD9\/view?usp=sharing<\/a><\/p>\n<p><\/p>\n<p>Q\u00fcestions de Vida Cristiana, 01\/02\/2026<\/p>\n<p><a href=\"https:\/\/drive.google.com\/file\/d\/1kohmytrYbjj0NvapJj4sbB22_ELvXQr6\/view?usp=sharing\" rel=\"noopener noreferrer\" target=\"_blank\">https:\/\/drive.google.com\/file\/d\/1kohmytrYbjj0NvapJj4sbB22_ELvXQr6\/view?usp=sharing<\/a><\/p>\n","traductores-libros":"","ilustradores-libros":"","formato":"","ebookportada":false,"recomendamos":"","mas_vendido":""},"aioseo_notices":[],"_links":{"self":[{"href":"https:\/\/www.claret.cat\/es\/wp-json\/wp\/v2\/product\/997649","targetHints":{"allow":["GET"]}}],"collection":[{"href":"https:\/\/www.claret.cat\/es\/wp-json\/wp\/v2\/product"}],"about":[{"href":"https:\/\/www.claret.cat\/es\/wp-json\/wp\/v2\/types\/product"}],"wp:featuredmedia":[{"embeddable":true,"href":"https:\/\/www.claret.cat\/es\/wp-json\/wp\/v2\/media\/1003355"}],"wp:attachment":[{"href":"https:\/\/www.claret.cat\/es\/wp-json\/wp\/v2\/media?parent=997649"}],"wp:term":[{"taxonomy":"product_brand","embeddable":true,"href":"https:\/\/www.claret.cat\/es\/wp-json\/wp\/v2\/product_brand?post=997649"},{"taxonomy":"product_cat","embeddable":true,"href":"https:\/\/www.claret.cat\/es\/wp-json\/wp\/v2\/product_cat?post=997649"},{"taxonomy":"product_tag","embeddable":true,"href":"https:\/\/www.claret.cat\/es\/wp-json\/wp\/v2\/product_tag?post=997649"}],"curies":[{"name":"wp","href":"https:\/\/api.w.org\/{rel}","templated":true}]}}