{"id":997873,"date":"2025-01-09T11:20:02","date_gmt":"2025-01-09T10:20:02","guid":{"rendered":"https:\/\/www.claret.cat\/llibre\/peaky-blinders-9788410424210\/"},"modified":"2025-01-09T11:50:46","modified_gmt":"2025-01-09T10:50:46","slug":"peaky-blinders-9788410424210","status":"publish","type":"product","link":"https:\/\/www.claret.cat\/es\/libro\/peaky-blinders-9788410424210\/","title":{"rendered":"PEAKY BLINDERS"},"content":{"rendered":"<p>La verdadera historia de la banda criminal m\u00e1s famosa de Gran Breta\u00f1a<\/p>\n<p> Billy Kimber era un delincuente astuto con una personalidad magn\u00e9tica que se hizo con el liderazgo de la banda criminal m\u00e1s c\u00e9lebre de Gran Breta\u00f1a: los Peaky Blinders, que dominaban los negocios ilegales de protecci\u00f3n de comercios y las apuestas de las carreras de caballos. Hoy, gracias a la exitosa serie de televisi\u00f3n, los Peaky Blinders son sin\u00f3nimo de arrogancia, glamour y violencia desenfrenada. Pero \u00bfqui\u00e9nes fueron los verdaderos Peaky Blinders?<\/p>\n<p> Tras d\u00e9cadas de estudio, el historiador Carl Chinn, nieto de un miembro de los Peaky Blinders e hijo de un corredor de apuestas ilegales de Birmingham, se basa en material in\u00e9dito y entrevistas con descendientes de los integrantes de la banda para ofrecer un relato fascinante sobre el auge y la ca\u00edda de la infame mafia que sembr\u00f3 el caos en Inglaterra en un momento en que la clase obrera del Imperio brit\u00e1nico estaba en pie de guerra.<\/p>\n<p> Estos son los Peaky Blinders y esta es su verdadera historia.  <\/p>\n<p> Best seller del Sunday Times<\/p>\n","protected":false},"excerpt":{"rendered":"<p>CHINN, CARL<\/p>\n","protected":false},"featured_media":997900,"template":"","meta":{"_acf_changed":false,"om_disable_all_campaigns":false,"rs_blank_template":"","rs_page_bg_color":"","slide_template_v7":"","inline_featured_image":false,"_monsterinsights_skip_tracking":false,"_monsterinsights_sitenote_active":false,"_monsterinsights_sitenote_note":"","_monsterinsights_sitenote_category":0},"product_brand":[],"product_cat":[90,540],"product_tag":[],"class_list":{"0":"post-997873","1":"product","2":"type-product","3":"status-publish","4":"has-post-thumbnail","6":"product_cat-altres","7":"product_cat-otros","9":"first","10":"instock","11":"taxable","12":"shipping-taxable","13":"purchasable","14":"product-type-simple"},"acf":{"autor":"CHINN, CARL","codart":"841042421","libros-coleccion":"FORA DE COL.LECCI\u00d3","ediciones":"1","encuadernacion":"R\u00fastica","fecha_de_publicacion":"01\/01\/2025","novedad":"1","paginas":"283","subtitulo":"LA VERDADERA HISTORIA","orden":"0","portada":"0","idioma":"spa","editorial":[{"ID":148695,"post_author":"3","post_date":"2022-10-14 12:00:16","post_date_gmt":"2022-10-14 10:00:16","post_content":"","post_title":"PRINCIPAL DE LOS LIBROS","post_excerpt":"","post_status":"publish","comment_status":"closed","ping_status":"closed","post_password":"","post_name":"principal-de-los-libros","to_ping":"","pinged":"","post_modified":"2022-10-14 12:00:16","post_modified_gmt":"2022-10-14 10:00:16","post_content_filtered":"","post_parent":0,"guid":"http:\/\/dev.claret.cat\/editorial\/principal-de-los-libros\/","menu_order":0,"post_type":"editorial","post_mime_type":"","comment_count":"0","filter":"raw"}]},"aioseo_notices":[],"_links":{"self":[{"href":"https:\/\/www.claret.cat\/es\/wp-json\/wp\/v2\/product\/997873","targetHints":{"allow":["GET"]}}],"collection":[{"href":"https:\/\/www.claret.cat\/es\/wp-json\/wp\/v2\/product"}],"about":[{"href":"https:\/\/www.claret.cat\/es\/wp-json\/wp\/v2\/types\/product"}],"wp:featuredmedia":[{"embeddable":true,"href":"https:\/\/www.claret.cat\/es\/wp-json\/wp\/v2\/media\/997900"}],"wp:attachment":[{"href":"https:\/\/www.claret.cat\/es\/wp-json\/wp\/v2\/media?parent=997873"}],"wp:term":[{"taxonomy":"product_brand","embeddable":true,"href":"https:\/\/www.claret.cat\/es\/wp-json\/wp\/v2\/product_brand?post=997873"},{"taxonomy":"product_cat","embeddable":true,"href":"https:\/\/www.claret.cat\/es\/wp-json\/wp\/v2\/product_cat?post=997873"},{"taxonomy":"product_tag","embeddable":true,"href":"https:\/\/www.claret.cat\/es\/wp-json\/wp\/v2\/product_tag?post=997873"}],"curies":[{"name":"wp","href":"https:\/\/api.w.org\/{rel}","templated":true}]}}