{"id":998135,"date":"2025-01-13T12:25:09","date_gmt":"2025-01-13T11:25:09","guid":{"rendered":"https:\/\/www.claret.cat\/llibre\/esperanca-lautobiografia-9788410256699\/"},"modified":"2025-12-18T17:50:16","modified_gmt":"2025-12-18T16:50:16","slug":"esperanca-lautobiografia-del-papa-francesc-9788410256699","status":"publish","type":"product","link":"https:\/\/www.claret.cat\/es\/libro\/esperanca-lautobiografia-del-papa-francesc-9788410256699\/","title":{"rendered":"ESPERAN\u00c7A. L&#8217;AUTOBIOGRAFIA DEL PAPA FRANCESC"},"content":{"rendered":"<p><strong class='ql-size-large'><em>Esperan\u00e7a <\/em>\u00e9s la primera autobiografia que ha publicat un papa a la hist\u00f2ria.<\/strong><\/p>\n<p>L&#8217;autobiografia del<a href='https:\/\/www.claret.cat\/cataleg\/?b=papa+francesc' rel='noopener noreferrer' target='_blank'><strong> papa Francesc<\/strong><\/a> \u00e9s la \u00abnovel\u00b7la d&#8217;una vida\u00bb i alhora un testament moral i espiritual destinat a fascinar lectors d&#8217;arreu del m\u00f3n i a fer visible el seu llegat d&#8217;esperan\u00e7a per a les generacions futures.<\/p>\n<p>Una <strong>autobiografia <\/strong>completa que ha escrit durant sis anys i que s&#8217;inicia a principis del segle XX, amb les arrels italianes i l&#8217;arriscada emigraci\u00f3 dels seus avantpassats a <strong>Llatinoam\u00e8rica<\/strong>, per desenvolupar-se a trav\u00e9s de la infantesa, les il\u00b7lusions i els problemes de la joventut, la tria vocacional, la maduresa, fins a cobrir tot el pontificat i l&#8217;actualitat.<\/p>\n<p>En relatar els seus records amb una for\u00e7a narrativa \u00edntima, Francesc aborda tamb\u00e9 sense amagar-se&#8217;n els temes cabdals del <strong>pontificat <\/strong>i parla amb valentia, franquesa i visi\u00f3 de futur dels temes m\u00e9s importants i pol\u00e8mics de la nostra contemporane\u00eftat: la guerra i la pau (inclosos els conflictes a Ucra\u00efna i a l&#8217;Orient Mitj\u00e0), la migraci\u00f3, la crisi ambiental, la pol\u00edtica social, la condici\u00f3 de la dona, la sexualitat, el desenvolupament tecnol\u00f2gic,<strong> el futur de l&#8217;Esgl\u00e9sia i les religions.<\/strong><\/p>\n<p><em>El volum inclou fotografies extraordin\u00e0ries, algunes in\u00e8dites, i procedents de l&#8217;arxiu personal del papa Francesc.<\/em><\/p>\n","protected":false},"excerpt":{"rendered":"<p>PAPA FRANCESC<\/p>\n","protected":false},"featured_media":1035353,"template":"","meta":{"_acf_changed":false,"om_disable_all_campaigns":false,"rs_blank_template":"","rs_page_bg_color":"","slide_template_v7":"","inline_featured_image":false,"_monsterinsights_skip_tracking":false,"_monsterinsights_sitenote_active":false,"_monsterinsights_sitenote_note":"","_monsterinsights_sitenote_category":0},"product_brand":[],"product_cat":[307,92,542],"product_tag":[],"class_list":{"0":"post-998135","1":"product","2":"type-product","3":"status-publish","4":"has-post-thumbnail","6":"product_cat-catala","7":"product_cat-vida-religiosa","8":"product_cat-vida-religiosa-1_espiritualidad-spa","10":"first","11":"instock","12":"taxable","13":"shipping-taxable","14":"purchasable","15":"product-type-simple"},"acf":{"autor":"PAPA FRANCESC","codart":"841025669","libros-coleccion":"FORA DE COL.LECCI\u00d3","ediciones":"1","encuadernacion":"R\u00fastica","fecha_de_publicacion":"01\/01\/2025","novedad":"1","paginas":"340","subtitulo":"MEM\u00d2RIES DEL PAPA FRANCESC","orden":"8","portada":"1","idioma":"cat","editorial":[{"ID":6350,"post_author":"3","post_date":"2022-07-28 17:50:18","post_date_gmt":"2022-07-28 15:50:18","post_content":"","post_title":"ROSA DELS VENTS","post_excerpt":"","post_status":"publish","comment_status":"closed","ping_status":"closed","post_password":"","post_name":"rosa-dels-vents","to_ping":"","pinged":"","post_modified":"2022-07-28 17:50:18","post_modified_gmt":"2022-07-28 15:50:18","post_content_filtered":"","post_parent":0,"guid":"http:\/\/dev.claret.cat\/editorial\/rosa-dels-vents\/","menu_order":0,"post_type":"editorial","post_mime_type":"","comment_count":"0","filter":"raw"}],"booktrailer":"","linkebook":"","ficha":"","muestra":"","precioebook":"0","presentacion":"","resenas":""},"aioseo_notices":[],"_links":{"self":[{"href":"https:\/\/www.claret.cat\/es\/wp-json\/wp\/v2\/product\/998135","targetHints":{"allow":["GET"]}}],"collection":[{"href":"https:\/\/www.claret.cat\/es\/wp-json\/wp\/v2\/product"}],"about":[{"href":"https:\/\/www.claret.cat\/es\/wp-json\/wp\/v2\/types\/product"}],"wp:featuredmedia":[{"embeddable":true,"href":"https:\/\/www.claret.cat\/es\/wp-json\/wp\/v2\/media\/1035353"}],"wp:attachment":[{"href":"https:\/\/www.claret.cat\/es\/wp-json\/wp\/v2\/media?parent=998135"}],"wp:term":[{"taxonomy":"product_brand","embeddable":true,"href":"https:\/\/www.claret.cat\/es\/wp-json\/wp\/v2\/product_brand?post=998135"},{"taxonomy":"product_cat","embeddable":true,"href":"https:\/\/www.claret.cat\/es\/wp-json\/wp\/v2\/product_cat?post=998135"},{"taxonomy":"product_tag","embeddable":true,"href":"https:\/\/www.claret.cat\/es\/wp-json\/wp\/v2\/product_tag?post=998135"}],"curies":[{"name":"wp","href":"https:\/\/api.w.org\/{rel}","templated":true}]}}