{"id":998217,"date":"2025-01-13T14:15:12","date_gmt":"2025-01-13T13:15:12","guid":{"rendered":"https:\/\/www.claret.cat\/llibre\/el-recluso-9788410257511\/"},"modified":"2026-04-07T12:28:55","modified_gmt":"2026-04-07T10:28:55","slug":"el-recluso-9788410257511","status":"publish","type":"product","link":"https:\/\/www.claret.cat\/es\/libro\/el-recluso-9788410257511\/","title":{"rendered":"EL RECLUSO"},"content":{"rendered":"<p>Un nuevo thriller vertiginoso y adictivo de Freida McFadden, autora del best seller global La asistenta. Los peores culpables no est\u00e1n siempre entre rejas&#8230; Al comenzar su trabajo como enfermera en una prisi\u00f3n de m\u00e1xima seguridad, Brooke Sullivan enseguida aprende que hay tres normas cruciales: 1. Trata a los prisioneros con respeto. 2. Nunca reveles informaci\u00f3n personal. 3. Nunca jam\u00e1s intimes con los reclusos. Lo que nadie sabe es que Brooke ya ha roto las reglas. Nadie conoce su estrecha conexi\u00f3n con Shane Nelson, uno de los presos m\u00e1s peligrosos de la c\u00e1rcel. Desde luego no saben que Shane fue el novio de Brooke en el instituto, la estrella del equipo de f\u00fatbol americano, el chico perfecto que ahora cumple cadena perpetua por una serie de cruentos asesinatos. O que fue el testimonio de Brooke lo que le llev\u00f3 all\u00ed. Pero Shane lo sabe. Sabe m\u00e1s que nadie. Y nunca lo va a olvidar.<\/p>\n","protected":false},"excerpt":{"rendered":"<p>MCFADDEN, FREIDA<\/p>\n","protected":false},"featured_media":998218,"template":"","meta":{"_acf_changed":false,"om_disable_all_campaigns":false,"rs_blank_template":"","rs_page_bg_color":"","slide_template_v7":"","inline_featured_image":false,"_monsterinsights_skip_tracking":false,"_monsterinsights_sitenote_active":false,"_monsterinsights_sitenote_note":"","_monsterinsights_sitenote_category":0},"product_brand":[],"product_cat":[127,357],"product_tag":[],"class_list":{"0":"post-998217","1":"product","2":"type-product","3":"status-publish","4":"has-post-thumbnail","6":"product_cat-novella-contemporania","7":"product_cat-novela-contemporanea","9":"first","10":"instock","11":"taxable","12":"shipping-taxable","13":"purchasable","14":"product-type-simple"},"acf":{"autor":"MCFADDEN, FREIDA","codart":"841025751","libros-coleccion":"SUMA","ediciones":"1","encuadernacion":"R\u00fastica","fecha_de_publicacion":"01\/01\/2025","novedad":"1","paginas":"328","subtitulo":"","orden":"0","portada":"0","idioma":"spa","editorial":[{"ID":6370,"post_author":"3","post_date":"2022-07-28 17:50:44","post_date_gmt":"2022-07-28 15:50:44","post_content":"","post_title":"SUMA","post_excerpt":"","post_status":"publish","comment_status":"closed","ping_status":"closed","post_password":"","post_name":"suma","to_ping":"","pinged":"","post_modified":"2022-07-28 17:50:44","post_modified_gmt":"2022-07-28 15:50:44","post_content_filtered":"","post_parent":0,"guid":"http:\/\/dev.claret.cat\/editorial\/suma\/","menu_order":0,"post_type":"editorial","post_mime_type":"","comment_count":"0","filter":"raw"}],"booktrailer":"","resenas":""},"aioseo_notices":[],"_links":{"self":[{"href":"https:\/\/www.claret.cat\/es\/wp-json\/wp\/v2\/product\/998217","targetHints":{"allow":["GET"]}}],"collection":[{"href":"https:\/\/www.claret.cat\/es\/wp-json\/wp\/v2\/product"}],"about":[{"href":"https:\/\/www.claret.cat\/es\/wp-json\/wp\/v2\/types\/product"}],"wp:featuredmedia":[{"embeddable":true,"href":"https:\/\/www.claret.cat\/es\/wp-json\/wp\/v2\/media\/998218"}],"wp:attachment":[{"href":"https:\/\/www.claret.cat\/es\/wp-json\/wp\/v2\/media?parent=998217"}],"wp:term":[{"taxonomy":"product_brand","embeddable":true,"href":"https:\/\/www.claret.cat\/es\/wp-json\/wp\/v2\/product_brand?post=998217"},{"taxonomy":"product_cat","embeddable":true,"href":"https:\/\/www.claret.cat\/es\/wp-json\/wp\/v2\/product_cat?post=998217"},{"taxonomy":"product_tag","embeddable":true,"href":"https:\/\/www.claret.cat\/es\/wp-json\/wp\/v2\/product_tag?post=998217"}],"curies":[{"name":"wp","href":"https:\/\/api.w.org\/{rel}","templated":true}]}}