{"id":998414,"date":"2025-01-13T17:11:00","date_gmt":"2025-01-13T16:11:00","guid":{"rendered":"https:\/\/www.claret.cat\/llibre\/superar-las-cinco-disfunciones-de-un-equipo-9788428842143\/"},"modified":"2025-01-13T17:11:16","modified_gmt":"2025-01-13T16:11:16","slug":"superar-las-cinco-disfunciones-de-un-equipo-9788428842143","status":"publish","type":"product","link":"https:\/\/www.claret.cat\/es\/libro\/superar-las-cinco-disfunciones-de-un-equipo-9788428842143\/","title":{"rendered":"SUPERAR LAS CINCO DISFUNCIONES DE UN EQUIPO"},"content":{"rendered":"<p class='ql-align-justify'>En&nbsp;<em>Superar las cinco disfunciones de un equipo,<\/em>&nbsp;Patrick Lencioni ofrece una orientaci\u00f3n m\u00e1s espec\u00edfica y pr\u00e1ctica para superar las cinco disfunciones con herramientas, ejercicios, evaluaciones y ejemplos reales. Analiza preguntas que todo equipo ha de plantearse: \u00bfsomos verdaderamente un equipo? \u00bfC\u00f3mo es nuestro rendimiento actual? \u00bfEstamos dispuestos a invertir el tiempo y energ\u00eda necesarios para convertirnos en un gran equipo?<\/p>\n<p class='ql-align-justify'>Escrita en un lenguaje conciso y directo, este manual proporciona a l\u00edderes, directores y consultores las herramientas que necesitan para poner r\u00e1pida y eficazmente en funcionamiento a sus equipos.<\/p>\n<p><\/p>\n","protected":false},"excerpt":{"rendered":"<p>LENCIONI, PATRICK<\/p>\n","protected":false},"featured_media":998415,"template":"","meta":{"_acf_changed":false,"om_disable_all_campaigns":false,"rs_blank_template":"","rs_page_bg_color":"","slide_template_v7":"","inline_featured_image":false,"_monsterinsights_skip_tracking":false,"_monsterinsights_sitenote_active":false,"_monsterinsights_sitenote_note":"","_monsterinsights_sitenote_category":0},"product_brand":[],"product_cat":[162,436],"product_tag":[],"class_list":{"0":"post-998414","1":"product","2":"type-product","3":"status-publish","4":"has-post-thumbnail","6":"product_cat-economica-i-politica","7":"product_cat-economica-y-politica","9":"first","10":"instock","11":"taxable","12":"shipping-taxable","13":"purchasable","14":"product-type-simple"},"acf":{"autor":"LENCIONI, PATRICK","codart":"842884214","libros-coleccion":"GP Actualidad","ediciones":"1","encuadernacion":"R\u00fastica","fecha_de_publicacion":"13\/01\/2025","novedad":"1","paginas":"184","subtitulo":"GU\u00cdA PR\u00c1CTICA PARA DIRECTIVOS MANAGER Y COORDINADORES","orden":"0","portada":"0","idioma":"spa","editorial":[{"ID":6335,"post_author":"3","post_date":"2022-07-28 17:49:59","post_date_gmt":"2022-07-28 15:49:59","post_content":"","post_title":"PPC altres","post_excerpt":"","post_status":"publish","comment_status":"closed","ping_status":"closed","post_password":"","post_name":"ppc-altres","to_ping":"","pinged":"","post_modified":"2022-07-28 17:49:59","post_modified_gmt":"2022-07-28 15:49:59","post_content_filtered":"","post_parent":0,"guid":"http:\/\/dev.claret.cat\/editorial\/ppc-altres\/","menu_order":0,"post_type":"editorial","post_mime_type":"","comment_count":"0","filter":"raw"}]},"aioseo_notices":[],"_links":{"self":[{"href":"https:\/\/www.claret.cat\/es\/wp-json\/wp\/v2\/product\/998414","targetHints":{"allow":["GET"]}}],"collection":[{"href":"https:\/\/www.claret.cat\/es\/wp-json\/wp\/v2\/product"}],"about":[{"href":"https:\/\/www.claret.cat\/es\/wp-json\/wp\/v2\/types\/product"}],"wp:featuredmedia":[{"embeddable":true,"href":"https:\/\/www.claret.cat\/es\/wp-json\/wp\/v2\/media\/998415"}],"wp:attachment":[{"href":"https:\/\/www.claret.cat\/es\/wp-json\/wp\/v2\/media?parent=998414"}],"wp:term":[{"taxonomy":"product_brand","embeddable":true,"href":"https:\/\/www.claret.cat\/es\/wp-json\/wp\/v2\/product_brand?post=998414"},{"taxonomy":"product_cat","embeddable":true,"href":"https:\/\/www.claret.cat\/es\/wp-json\/wp\/v2\/product_cat?post=998414"},{"taxonomy":"product_tag","embeddable":true,"href":"https:\/\/www.claret.cat\/es\/wp-json\/wp\/v2\/product_tag?post=998414"}],"curies":[{"name":"wp","href":"https:\/\/api.w.org\/{rel}","templated":true}]}}